{"id":6546,"date":"2025-07-19T14:56:04","date_gmt":"2025-07-19T14:56:04","guid":{"rendered":"https:\/\/vigorous-hertz.178-128-31-162.plesk.page\/?post_type=product&#038;p=6546"},"modified":"2025-07-19T14:56:22","modified_gmt":"2025-07-19T14:56:22","slug":"ds-7204huhi-k1-hikvision-turbo-hd-dvr","status":"publish","type":"product","link":"https:\/\/hemaxcomputers.lk\/index.php\/product\/ds-7204huhi-k1-hikvision-turbo-hd-dvr\/","title":{"rendered":"DS-7204HUHI-K1 , HIKVISION Turbo HD DVR"},"content":{"rendered":"<p>4 Turbo HD\/AHD\/Analog interface input, 4-ch video&amp;4-ch audio input, 1 SATA interface, H.265\/H.265  compression, 5MP: 12fps, 4MP: 15fps, 3MP: 18fps, 1920\u00d71080P: 25(P)\/30(N) fps\/ch, alarm I\/O: 4\/1, support CVBS output, standalone 1U case<\/p>\n<p><strong>ABOUT<\/strong><\/p>\n<div class=\"main-box\">\n<div class=\"main-content\">\n<div class=\"main-right\">\n<div class=\"product_main\">\n<div class=\"product-detail\">\n<div class=\"bottom-sutitle\">\n<div class=\"tab-content\">\n<div class=\"tab-prgs\">\n<div class=\"parameter\">\n<div class=\"doc\">\n<div class=\"parameter-table\">\n<table>\n<tbody>\n<tr>\n<th colspan=\"3\">Video\/Audio Input<\/th>\n<\/tr>\n<tr>\n<td class=\"td1\">Audio Input:<\/td>\n<td class=\"td2\"><\/td>\n<td>4-ch<\/td>\n<\/tr>\n<tr>\n<td class=\"td1\">Video Compression:<\/td>\n<td class=\"td2\"><\/td>\n<td>H.265 \/H.265\/H.264 \/H.264<\/td>\n<\/tr>\n<tr>\n<td class=\"td1\">Analog and HD-TVI video input:<\/td>\n<td class=\"td2\"><\/td>\n<td>4-ch,BNC interface (1.0Vp-p, 75 \u03a9)connection<\/td>\n<\/tr>\n<tr>\n<td class=\"td1\">Supported camera types:<\/td>\n<td class=\"td2\"><\/td>\n<td>Support HDTVI input: 5Mp,4MP,3MP,1080P\/25Hz, 1080P\/30Hz,720P\/25Hz, 720P\/30Hz, 720P\/50Hz, 720P\/60Hz,<br \/>\nSupport AHD input: 1080P\/25Hz, 1080P\/30Hz, 720P\/25Hz, 720P\/30Hz<br \/>\nSupport CVI input: 1080P\/25Hz, 1080P\/30Hz, 720P\/25Hz, 720P\/30Hz<br \/>\nSupport CVBS input<\/td>\n<\/tr>\n<tr>\n<td class=\"td1\">Video Input Interface:<\/td>\n<td class=\"td2\"><\/td>\n<td>BNC (1.0 Vp-p, 75\u03a9)<\/td>\n<\/tr>\n<tr>\n<td class=\"td1\">Audio Compression:<\/td>\n<td class=\"td2\"><\/td>\n<td>G.711u<\/td>\n<\/tr>\n<tr>\n<td class=\"td1\">Audio Input Interface:<\/td>\n<td class=\"td2\"><\/td>\n<td>RCA (2.0 Vp-p, 1 k\u03a9)<\/td>\n<\/tr>\n<tr>\n<td class=\"td1\">Two-way Audio:<\/td>\n<td class=\"td2\"><\/td>\n<td>1-ch, RCA (2.0 Vp-p, 1 K\u03a9), (using the 1st channel of audio input)<\/td>\n<\/tr>\n<\/tbody>\n<\/table>\n<\/div>\n<div class=\"parameter-table\">\n<table>\n<tbody>\n<tr>\n<th colspan=\"3\">Video\/Audio Output<\/th>\n<\/tr>\n<tr>\n<td class=\"td1\">CVBS Output:<\/td>\n<td class=\"td2\"><\/td>\n<td>1-ch,BNC(1.0Vp-p,75\u03a9),resolution:PAL:704&#215;576,NTSC:704&#215;480<\/td>\n<\/tr>\n<tr>\n<td class=\"td1\">HDMI\/VGA Output:<\/td>\n<td class=\"td2\"><\/td>\n<td>1920 \u00d7 1080 \/ 60 Hz,1280 \u00d7 1024 \/ 60 Hz, 1280 \u00d7 720 \/ 60 Hz, 1024 \u00d7 768 \/ 60 Hz<\/td>\n<\/tr>\n<tr>\n<td class=\"td1\">Recording resolution:<\/td>\n<td class=\"td2\"><\/td>\n<td>5 MP\/4 MP\/3 MP\/1080p\/720p\/WD1\/4CIF\/VGA\/CIF<\/td>\n<\/tr>\n<tr>\n<td class=\"td1\">Frame Rate:<\/td>\n<td class=\"td2\"><\/td>\n<td>Main stream:<br \/>\n5 MP@12fps\/4 MP@15fps\/3 MP@18fps<br \/>\n1080p\/720p\/WD1\/4CIF\/VGA\/CIF@25fps (P)\/30fps (N)<br \/>\nSub-stream:<br \/>\nWD1\/4CIF\/CIF@25fps (P)\/30fps (N)<\/td>\n<\/tr>\n<tr>\n<td class=\"td1\">Video Bit Rate:<\/td>\n<td class=\"td2\"><\/td>\n<td>32 Kbps-10 Mbps<\/td>\n<\/tr>\n<tr>\n<td class=\"td1\">Stream Type:<\/td>\n<td class=\"td2\"><\/td>\n<td>Video\/Video&amp;Audio<\/td>\n<\/tr>\n<tr>\n<td class=\"td1\">Two-way Audio:<\/td>\n<td class=\"td2\"><\/td>\n<td>1-ch, RCA (2.0 Vp-p, 1 k\u03a9) (using the audio input)<\/td>\n<\/tr>\n<tr>\n<td class=\"td1\">Audio Output:<\/td>\n<td class=\"td2\"><\/td>\n<td>1-ch RCA(Linear, 1k\u03a9)<\/td>\n<\/tr>\n<tr>\n<td class=\"td1\">Audio Bit Rate:<\/td>\n<td class=\"td2\"><\/td>\n<td>64kbps<\/td>\n<\/tr>\n<tr>\n<td class=\"td1\">Dual Stream:<\/td>\n<td class=\"td2\"><\/td>\n<td>Support<\/td>\n<\/tr>\n<tr>\n<td class=\"td1\">Playback Resolution:<\/td>\n<td class=\"td2\"><\/td>\n<td>5MP\/4MP\/3MP\/1080p\/720p\/VGA\/WD1\/4CIF\/CIF\/QVGA\/QCIF<\/td>\n<\/tr>\n<tr>\n<td class=\"td1\">Synchronous Playback:<\/td>\n<td class=\"td2\"><\/td>\n<td>4-ch<\/td>\n<\/tr>\n<\/tbody>\n<\/table>\n<\/div>\n<div class=\"parameter-table\">\n<table>\n<tbody>\n<tr>\n<th colspan=\"3\">Network management<\/th>\n<\/tr>\n<tr>\n<td class=\"td1\">Remote connections:<\/td>\n<td class=\"td2\"><\/td>\n<td>128<\/td>\n<\/tr>\n<tr>\n<td class=\"td1\">Network protocols:<\/td>\n<td class=\"td2\"><\/td>\n<td>TCP\/IP, PPPoE, DHCP, Hik-connect Cloud P2P,DNS, DDNS, NTP, SADP, NFS, iSCSI, UPnP?, HTTPS,ONVIF<\/td>\n<\/tr>\n<\/tbody>\n<\/table>\n<\/div>\n<div class=\"parameter-table\">\n<table>\n<tbody>\n<tr>\n<th colspan=\"3\">Hard Disk Driver<\/th>\n<\/tr>\n<tr>\n<td class=\"td1\">Interface Type:<\/td>\n<td class=\"td2\"><\/td>\n<td>1 SATA Interface<\/td>\n<\/tr>\n<tr>\n<td class=\"td1\">Capacity:<\/td>\n<td class=\"td2\"><\/td>\n<td>Up to 8 TB capacity for each disk<\/td>\n<\/tr>\n<\/tbody>\n<\/table>\n<\/div>\n<div class=\"parameter-table\">\n<table>\n<tbody>\n<tr>\n<th colspan=\"3\">External Interface<\/th>\n<\/tr>\n<tr>\n<td class=\"td1\">Network Interface:<\/td>\n<td class=\"td2\"><\/td>\n<td>1; 10M \/ 100M self-adaptive Ethernet interface<\/td>\n<\/tr>\n<tr>\n<td class=\"td1\">USB Interface:<\/td>\n<td class=\"td2\"><\/td>\n<td>2 USB 2.0 Interfaces<\/td>\n<\/tr>\n<tr>\n<td class=\"td1\">Serial Interface:<\/td>\n<td class=\"td2\"><\/td>\n<td>1; standard RS-485 serial interface, half-duplex<\/td>\n<\/tr>\n<\/tbody>\n<\/table>\n<\/div>\n<div class=\"parameter-table\">\n<table>\n<tbody>\n<tr>\n<th colspan=\"3\">General<\/th>\n<\/tr>\n<tr>\n<td class=\"td1\">Power Supply:<\/td>\n<td class=\"td2\"><\/td>\n<td>12V DC<\/td>\n<\/tr>\n<tr>\n<td class=\"td1\">Consumption:<\/td>\n<td class=\"td2\"><\/td>\n<td>\u2264 10W(without hard disks)<\/td>\n<\/tr>\n<tr>\n<td class=\"td1\">Working Temperature:<\/td>\n<td class=\"td2\"><\/td>\n<td>-10 oC to  55 oC (14 oF to 131 oF)<\/td>\n<\/tr>\n<tr>\n<td class=\"td1\">Working Humidity:<\/td>\n<td class=\"td2\"><\/td>\n<td>10% to 90%<\/td>\n<\/tr>\n<tr>\n<td class=\"td1\">Dimensions:<\/td>\n<td class=\"td2\"><\/td>\n<td>315 \u00d7 242 \u00d7 45 mm (12.4 \u00d7 9.5 \u00d7 1.8 inch)<\/td>\n<\/tr>\n<tr>\n<td class=\"td1\">Weight:<\/td>\n<td class=\"td2\"><\/td>\n<td>\u2264 1.16 kg (2.6 lb)<\/td>\n<\/tr>\n<\/tbody>\n<\/table>\n<\/div>\n<\/div>\n<\/div>\n<\/div>\n<\/div>\n<\/div>\n<\/div>\n<\/div>\n<\/div>\n<\/div>\n<\/div>\n<div class=\"footer\">\n<div class=\"friendlink\"><\/div>\n<\/div>\n","protected":false},"excerpt":{"rendered":"<p>\u2022 H.265 \/H.265\/H.264 \/H.264 encoding for the main stream, and H.265\/H.264 for the sub-stream of analog cameras<\/p>\n<p>\u2022 Self-adaptive HDTVI\/HDCVI\/AHD\/CVBS signal input<\/p>\n<p>\u2022 Connectable to H.265 \/H.265\/H.264 \/H.264 IP cameras<\/p>\n<p>\u2022 Up to\u00a05 MP resolution for recording<\/p>\n<p>\u2022 HDMI output at up to 4K (3840 \u00d7 2160) resolution for DS-7208HUHI-K2<\/p>\n<p>\u2022 Long distance transmission over UTP and coaxial cable<\/p>\n<p>\u2022 4\/8-ch synchronous playback<\/p>\n<p>&nbsp;<\/p>\n","protected":false},"featured_media":6576,"comment_status":"closed","ping_status":"closed","template":"","meta":{"_acf_changed":false},"product_brand":[364],"product_cat":[357,356,362],"product_tag":[],"class_list":{"0":"post-6546","1":"product","2":"type-product","3":"status-publish","4":"has-post-thumbnail","6":"product_brand-hikvision","7":"product_cat-cctv","8":"product_cat-security-systems","9":"product_cat-turbo-hd-dvr","11":"first","12":"instock","13":"shipping-taxable","14":"purchasable","15":"product-type-simple"},"acf":[],"_links":{"self":[{"href":"https:\/\/hemaxcomputers.lk\/index.php\/wp-json\/wp\/v2\/product\/6546","targetHints":{"allow":["GET"]}}],"collection":[{"href":"https:\/\/hemaxcomputers.lk\/index.php\/wp-json\/wp\/v2\/product"}],"about":[{"href":"https:\/\/hemaxcomputers.lk\/index.php\/wp-json\/wp\/v2\/types\/product"}],"replies":[{"embeddable":true,"href":"https:\/\/hemaxcomputers.lk\/index.php\/wp-json\/wp\/v2\/comments?post=6546"}],"wp:featuredmedia":[{"embeddable":true,"href":"https:\/\/hemaxcomputers.lk\/index.php\/wp-json\/wp\/v2\/media\/6576"}],"wp:attachment":[{"href":"https:\/\/hemaxcomputers.lk\/index.php\/wp-json\/wp\/v2\/media?parent=6546"}],"wp:term":[{"taxonomy":"product_brand","embeddable":true,"href":"https:\/\/hemaxcomputers.lk\/index.php\/wp-json\/wp\/v2\/product_brand?post=6546"},{"taxonomy":"product_cat","embeddable":true,"href":"https:\/\/hemaxcomputers.lk\/index.php\/wp-json\/wp\/v2\/product_cat?post=6546"},{"taxonomy":"product_tag","embeddable":true,"href":"https:\/\/hemaxcomputers.lk\/index.php\/wp-json\/wp\/v2\/product_tag?post=6546"}],"curies":[{"name":"wp","href":"https:\/\/api.w.org\/{rel}","templated":true}]}}