{"id":6549,"date":"2025-07-19T14:56:04","date_gmt":"2025-07-19T14:56:04","guid":{"rendered":"https:\/\/vigorous-hertz.178-128-31-162.plesk.page\/?post_type=product&#038;p=6549"},"modified":"2025-07-19T14:56:23","modified_gmt":"2025-07-19T14:56:23","slug":"ds-7332huhi-k4-hikvision-turbo-hd-dvr","status":"publish","type":"product","link":"https:\/\/hemaxcomputers.lk\/index.php\/product\/ds-7332huhi-k4-hikvision-turbo-hd-dvr\/","title":{"rendered":"DS-7332HUHI-K4 , HIKVISION Turbo HD DVR"},"content":{"rendered":"<p>MP and 5MP Support 32 CH DVR<\/p>\n<p><strong>ABOUT<\/strong><\/p>\n<div class=\"parameter-table\">\n<table>\n<tbody>\n<tr>\n<th colspan=\"3\">Video\/Audio Input<\/th>\n<\/tr>\n<tr>\n<td class=\"td1\">Audio Input:<\/td>\n<td class=\"td2\"><\/td>\n<td>4-ch<\/td>\n<\/tr>\n<tr>\n<td class=\"td1\">Video Compression:<\/td>\n<td class=\"td2\"><\/td>\n<td>H.265 \/H.265\/H.264 \/H.264<\/td>\n<\/tr>\n<tr>\n<td class=\"td1\">Analog and HD-TVI video input:<\/td>\n<td class=\"td2\"><\/td>\n<td>32-ch,BNC interface (1.0Vp-p, 75 \u03a9)connection<\/td>\n<\/tr>\n<tr>\n<td class=\"td1\">Supported camera types:<\/td>\n<td class=\"td2\"><\/td>\n<td>Support HDTVI input: 5MP,3 MP, 1080p\/25Hz, 1080p\/30Hz, 720p\/25Hz, 720p\/30Hz, 720P\/50Hz, 720p\/60Hz<br \/>\nSupport AHD input: 5MP,4MP,1080p\/25Hz, 1080p\/30Hz, 720p\/25Hz, 720p\/30Hz<br \/>\nSupport CVI input: 1080p25, 1080p30, 720p25, 720p30<br \/>\nsupport CVBS input<\/td>\n<\/tr>\n<tr>\n<td class=\"td1\">IP Video Input:<\/td>\n<td class=\"td2\"><\/td>\n<td>8-ch(up to 40ch) Up to 8MP resolution<\/td>\n<\/tr>\n<tr>\n<td class=\"td1\">Audio Compression:<\/td>\n<td class=\"td2\"><\/td>\n<td>G.711u<\/td>\n<\/tr>\n<tr>\n<td class=\"td1\">Audio Input Interface:<\/td>\n<td class=\"td2\"><\/td>\n<td>4-ch, RCA (2.0 Vp-p, 1 K\u03a9)<\/td>\n<\/tr>\n<tr>\n<td class=\"td1\">Two-way Audio:<\/td>\n<td class=\"td2\"><\/td>\n<td>1-ch, RCA (2.0 Vp-p, 1 K\u03a9) (using audio input)<\/td>\n<\/tr>\n<\/tbody>\n<\/table>\n<\/div>\n<div class=\"parameter-table\">\n<table>\n<tbody>\n<tr>\n<th colspan=\"3\">Video\/Audio Output<\/th>\n<\/tr>\n<tr>\n<td class=\"td1\">CVBS Output:<\/td>\n<td class=\"td2\"><\/td>\n<td>1-ch,BNC(1.0Vp-p,75\u03a9),resolution:PAL:704&#215;576,NTSC:704&#215;480<\/td>\n<\/tr>\n<tr>\n<td class=\"td1\">HDMI2 Output:<\/td>\n<td class=\"td2\"><\/td>\n<td>1-ch,4K(3840 \u00d7 2160)\/30Hz,2K(2560 \u00d7 1440)\/60Hz,1920\u00d71080\/60Hz,1280 \u00d7 1024\/60Hz,1280 \u00d7 720\/60Hz, 1024 \u00d7 768\/60Hz<\/td>\n<\/tr>\n<tr>\n<td class=\"td1\">HDMI\/VGA Output:<\/td>\n<td class=\"td2\"><\/td>\n<td>1920 \u00d7 1080 \/ 60 Hz,1280 \u00d7 1024 \/ 60 Hz, 1280 \u00d7 720 \/ 60 Hz, 1024 \u00d7 768 \/ 60 Hz<\/td>\n<\/tr>\n<tr>\n<td class=\"td1\">Recording resolution:<\/td>\n<td class=\"td2\"><\/td>\n<td>5 MP\/4 MP\/3 MP\/1080p\/720p\/WD1\/4CIF\/VGA\/CIF<\/td>\n<\/tr>\n<tr>\n<td class=\"td1\">Frame Rate:<\/td>\n<td class=\"td2\"><\/td>\n<td>Main stream:<br \/>\n5 MP@12fps; 4 MP@15fps; 3 MP@18fps;<br \/>\n1080p\/720p\/WD1\/4CIF\/VGA\/CIF@25fps (P)\/30fps (N)<br \/>\nSub-stream:<br \/>\nWD1\/4CIF\/CIF@25fps (P)\/30fps (N)<\/td>\n<\/tr>\n<tr>\n<td class=\"td1\">Video Bit Rate:<\/td>\n<td class=\"td2\"><\/td>\n<td>32 Kbps-6 Mbps<\/td>\n<\/tr>\n<tr>\n<td class=\"td1\">Stream Type:<\/td>\n<td class=\"td2\"><\/td>\n<td>Video\/Video&amp;Audio<\/td>\n<\/tr>\n<tr>\n<td class=\"td1\">Two-way Audio:<\/td>\n<td class=\"td2\"><\/td>\n<td>1-ch, RCA (2.0 Vp-p, 1 k\u03a9) (using the audio input)<\/td>\n<\/tr>\n<tr>\n<td class=\"td1\">Audio Output:<\/td>\n<td class=\"td2\"><\/td>\n<td>1-ch RCA(Linear, 1k\u03a9)<\/td>\n<\/tr>\n<tr>\n<td class=\"td1\">Dual Stream:<\/td>\n<td class=\"td2\"><\/td>\n<td>Support<\/td>\n<\/tr>\n<tr>\n<td class=\"td1\">Playback Resolution:<\/td>\n<td class=\"td2\"><\/td>\n<td>5MP\/4MP\/3MP\/1080p\/720p\/VGA\/WD1\/4CIF\/CIF\/QVGA\/QCIF<\/td>\n<\/tr>\n<tr>\n<td class=\"td1\">Synchronous Playback:<\/td>\n<td class=\"td2\"><\/td>\n<td>16-ch<\/td>\n<\/tr>\n<\/tbody>\n<\/table>\n<\/div>\n<div class=\"parameter-table\">\n<table>\n<tbody>\n<tr>\n<th colspan=\"3\">Network management<\/th>\n<\/tr>\n<tr>\n<td class=\"td1\">Remote connections:<\/td>\n<td class=\"td2\"><\/td>\n<td>128<\/td>\n<\/tr>\n<tr>\n<td class=\"td1\">Network protocols:<\/td>\n<td class=\"td2\"><\/td>\n<td>TCP\/IP, PPPoE, DHCP, Hik-connect Cloud P2P,DNS, DDNS, NTP, SADP, NFS, iSCSI, UPnP?, HTTPS,ONVIF<\/td>\n<\/tr>\n<\/tbody>\n<\/table>\n<\/div>\n<div class=\"parameter-table\">\n<table>\n<tbody>\n<tr>\n<th colspan=\"3\">Hard Disk Driver<\/th>\n<\/tr>\n<tr>\n<td class=\"td1\">Interface Type:<\/td>\n<td class=\"td2\"><\/td>\n<td>4 SATA Interfaces<\/td>\n<\/tr>\n<tr>\n<td class=\"td1\">Capacity:<\/td>\n<td class=\"td2\"><\/td>\n<td>Up to 8 TB capacity for each disk<\/td>\n<\/tr>\n<tr>\n<td class=\"td1\">e-SATA Interface:<\/td>\n<td class=\"td2\"><\/td>\n<td>1 eSATA interface<\/td>\n<\/tr>\n<\/tbody>\n<\/table>\n<\/div>\n<div class=\"parameter-table\">\n<table>\n<tbody>\n<tr>\n<th colspan=\"3\">Disk Array<\/th>\n<\/tr>\n<tr>\n<td class=\"td1\">Array Type:<\/td>\n<td class=\"td2\"><\/td>\n<td>RAID0, RAID1, RAID5, RAID6,RAID10<\/td>\n<\/tr>\n<\/tbody>\n<\/table>\n<\/div>\n<div class=\"parameter-table\">\n<table>\n<tbody>\n<tr>\n<th colspan=\"3\">External Interface<\/th>\n<\/tr>\n<tr>\n<td class=\"td1\">Network Interface:<\/td>\n<td class=\"td2\"><\/td>\n<td>2; 10M \/ 100M \/ 1000M self-adaptive Ethernet interfaces<\/td>\n<\/tr>\n<tr>\n<td class=\"td1\">Serial Interface:<\/td>\n<td class=\"td2\"><\/td>\n<td>1 RS-232 serial interface<br \/>\n1 RS-485 serial interface, full-duplex,1 RS-485 keyboard interface<\/td>\n<\/tr>\n<tr>\n<td class=\"td1\">Alarm Input:<\/td>\n<td class=\"td2\"><\/td>\n<td>16-ch<\/td>\n<\/tr>\n<tr>\n<td class=\"td1\">Alarm Output:<\/td>\n<td class=\"td2\"><\/td>\n<td>4-ch<\/td>\n<\/tr>\n<\/tbody>\n<\/table>\n<\/div>\n<div class=\"parameter-table\">\n<table>\n<tbody>\n<tr>\n<th colspan=\"3\">General<\/th>\n<\/tr>\n<tr>\n<td class=\"td1\">Power Supply:<\/td>\n<td class=\"td2\"><\/td>\n<td>100 to 240 VAC<\/td>\n<\/tr>\n<tr>\n<td class=\"td1\">Consumption:<\/td>\n<td class=\"td2\"><\/td>\n<td>\u2264 74W(without hard disks)<\/td>\n<\/tr>\n<tr>\n<td class=\"td1\">Working Temperature:<\/td>\n<td class=\"td2\"><\/td>\n<td>-10 oC to 55 oC ( 14 oF to 131 oF)<\/td>\n<\/tr>\n<tr>\n<td class=\"td1\">Working Humidity:<\/td>\n<td class=\"td2\"><\/td>\n<td>10% to 90%<\/td>\n<\/tr>\n<tr>\n<td class=\"td1\">Dimensions:<\/td>\n<td class=\"td2\"><\/td>\n<td>440 \u00d7 390 \u00d7 70 mm (17.3 \u00d7 15.4 \u00d7 2.8 inch)<\/td>\n<\/tr>\n<tr>\n<td class=\"td1\">Weight:<\/td>\n<td class=\"td2\"><\/td>\n<td>\u2264 7 kg (15.4 lb)<\/td>\n<\/tr>\n<\/tbody>\n<\/table>\n<\/div>\n<p>&nbsp;<\/p>\n","protected":false},"excerpt":{"rendered":"<p>\u2022 H.265 \/H.265\/H.264 \/H.264 encoding for the main stream, and H.265\/H.264 for the sub-stream of analog cameras<\/p>\n<p>\u2022 Self-adaptive HDTVI\/HDCVI\/AHD\/CVBS signal input<\/p>\n<p>\u2022 Support Cloud storage(One Drive, Google Drive or Drop Box)<\/p>\n<p>\u2022 Up to 5MP resolution for recording<\/p>\n<p>\u2022 HDMI output at up to 4K (3840 \u00d7 2160) resolution<\/p>\n<p>\u2022 Long distance transmission over UTP and coaxial cable: max. 800m for 1080p and 1200m for 720p HDTVI signal<\/p>\n<p>\u2022 16-ch synchronous playback<\/p>\n<p>\u2022 Supports POS triggered recording and POS information overlay<\/p>\n","protected":false},"featured_media":6579,"comment_status":"closed","ping_status":"closed","template":"","meta":{"_acf_changed":false},"product_brand":[364],"product_cat":[357,356,362],"product_tag":[],"class_list":{"0":"post-6549","1":"product","2":"type-product","3":"status-publish","4":"has-post-thumbnail","6":"product_brand-hikvision","7":"product_cat-cctv","8":"product_cat-security-systems","9":"product_cat-turbo-hd-dvr","11":"first","12":"instock","13":"shipping-taxable","14":"purchasable","15":"product-type-simple"},"acf":[],"_links":{"self":[{"href":"https:\/\/hemaxcomputers.lk\/index.php\/wp-json\/wp\/v2\/product\/6549","targetHints":{"allow":["GET"]}}],"collection":[{"href":"https:\/\/hemaxcomputers.lk\/index.php\/wp-json\/wp\/v2\/product"}],"about":[{"href":"https:\/\/hemaxcomputers.lk\/index.php\/wp-json\/wp\/v2\/types\/product"}],"replies":[{"embeddable":true,"href":"https:\/\/hemaxcomputers.lk\/index.php\/wp-json\/wp\/v2\/comments?post=6549"}],"wp:featuredmedia":[{"embeddable":true,"href":"https:\/\/hemaxcomputers.lk\/index.php\/wp-json\/wp\/v2\/media\/6579"}],"wp:attachment":[{"href":"https:\/\/hemaxcomputers.lk\/index.php\/wp-json\/wp\/v2\/media?parent=6549"}],"wp:term":[{"taxonomy":"product_brand","embeddable":true,"href":"https:\/\/hemaxcomputers.lk\/index.php\/wp-json\/wp\/v2\/product_brand?post=6549"},{"taxonomy":"product_cat","embeddable":true,"href":"https:\/\/hemaxcomputers.lk\/index.php\/wp-json\/wp\/v2\/product_cat?post=6549"},{"taxonomy":"product_tag","embeddable":true,"href":"https:\/\/hemaxcomputers.lk\/index.php\/wp-json\/wp\/v2\/product_tag?post=6549"}],"curies":[{"name":"wp","href":"https:\/\/api.w.org\/{rel}","templated":true}]}}