{"id":6550,"date":"2025-07-19T14:56:05","date_gmt":"2025-07-19T14:56:05","guid":{"rendered":"https:\/\/vigorous-hertz.178-128-31-162.plesk.page\/?post_type=product&#038;p=6550"},"modified":"2025-07-19T14:56:24","modified_gmt":"2025-07-19T14:56:24","slug":"ds-7332hqhi-k4-hikvision-turbo-hd-dvr","status":"publish","type":"product","link":"https:\/\/hemaxcomputers.lk\/index.php\/product\/ds-7332hqhi-k4-hikvision-turbo-hd-dvr\/","title":{"rendered":"DS-7332HQHI-K4 , HIKVISION Turbo HD DVR"},"content":{"rendered":"<p>32 Turbo HD\/Analog self-adaptive interfaces input, 32-ch video&amp;4-ch audio input, 4 SATA interfaces, 1920\u00d71080P: 12 fps\/ch, 1080P P:25(P)\/30(N) fps\/ch, alarm I\/O: 16\/4, 1.5U 19&#8243; case<\/p>\n<p><strong>ABOUT<\/strong><\/p>\n<div class=\"parameter-table\">\n<table>\n<tbody>\n<tr>\n<th colspan=\"3\">Video\/Audio Input<\/th>\n<\/tr>\n<tr>\n<td class=\"td1\">Audio Input:<\/td>\n<td class=\"td2\"><\/td>\n<td>4-ch<\/td>\n<\/tr>\n<tr>\n<td class=\"td1\">Video Compression:<\/td>\n<td class=\"td2\"><\/td>\n<td>H.265 \/H.265\/H.264 \/H.264<\/td>\n<\/tr>\n<tr>\n<td class=\"td1\">Analog and HD-TVI video input:<\/td>\n<td class=\"td2\"><\/td>\n<td>32-ch,BNC interface (1.0Vp-p, 75 \u03a9)connection<\/td>\n<\/tr>\n<tr>\n<td class=\"td1\">Supported camera types:<\/td>\n<td class=\"td2\"><\/td>\n<td>Support HDTVI input: 4MP,3 MP, 1080p\/25Hz, 1080p\/30Hz, 720p\/25Hz, 720p\/30Hz, 720P\/50Hz, 720p\/60Hz<br \/>\nNote: The 3 MP signal input is only available for channel 1\/2\/3\/4.<br \/>\nSupport AHD input: 4MP,1080p\/25Hz, 1080p\/30Hz, 720p\/25Hz, 720p\/30Hz<br \/>\nSupport CVI input: 1080p25, 1080p30, 720p25, 720p30<br \/>\nsupport CVBS input<\/td>\n<\/tr>\n<tr>\n<td class=\"td1\">IP Video Input:<\/td>\n<td class=\"td2\"><\/td>\n<td>8-ch(up to 40ch) Up to 6MP resolution<\/td>\n<\/tr>\n<tr>\n<td class=\"td1\">Video Input Interface:<\/td>\n<td class=\"td2\"><\/td>\n<td>BNC (1.0 Vp-p, 75\u03a9)<\/td>\n<\/tr>\n<tr>\n<td class=\"td1\">Audio Compression:<\/td>\n<td class=\"td2\"><\/td>\n<td>G.711u<\/td>\n<\/tr>\n<tr>\n<td class=\"td1\">Audio Input Interface:<\/td>\n<td class=\"td2\"><\/td>\n<td>4-ch, RCA (2.0 Vp-p, 1 K\u03a9)<\/td>\n<\/tr>\n<tr>\n<td class=\"td1\">Two-way Audio:<\/td>\n<td class=\"td2\"><\/td>\n<td>1-ch, RCA (2.0 Vp-p, 1 K\u03a9) (using audio input)<\/td>\n<\/tr>\n<\/tbody>\n<\/table>\n<\/div>\n<div class=\"parameter-table\">\n<table>\n<tbody>\n<tr>\n<th colspan=\"3\">Video\/Audio Output<\/th>\n<\/tr>\n<tr>\n<td class=\"td1\">CVBS Output:<\/td>\n<td class=\"td2\"><\/td>\n<td>1-ch,BNC(1.0Vp-p,75\u03a9),resolution:PAL:704&#215;576,NTSC:704&#215;480<\/td>\n<\/tr>\n<tr>\n<td class=\"td1\">HDMI\/VGA Output:<\/td>\n<td class=\"td2\"><\/td>\n<td>HDMI: 1-ch,4K(3840\u00d72160)\/30Hz,2K(2560\u00d71440)\/60Hz, 1920\u00d71080\/60Hz, 1280\u00d71024\/60Hz,1280\u00d7720\/60Hz,1024 \u00d7768\/60Hz<br \/>\nVGA:1-ch,2K(2560\u00d71440)\/60Hz,1920\u00d71080\/60Hz,1280\u00d71024\/60Hz,1280\u00d7720\/60Hz,1024\u00d7768\/60Hz<\/td>\n<\/tr>\n<tr>\n<td class=\"td1\">Recording resolution:<\/td>\n<td class=\"td2\"><\/td>\n<td>When 1080p Lite mode not enabled:<br \/>\n4 MP lite\/3 MP\/1080p\/1080p lite\/720p\/WD1\/4CIF\/VGA\/CIF<br \/>\nWhen 1080p Lite mode enabled:<br \/>\n4 MP lite\/3 MP\/1080p lite\/720p\/720p lite\/WD1\/4CIF\/VGA\/CIF<\/td>\n<\/tr>\n<tr>\n<td class=\"td1\">Frame Rate:<\/td>\n<td class=\"td2\"><\/td>\n<td>Main stream:<br \/>\nWhen 1080p Lite mode not enabled:<br \/>\nFor 4 MP stream access: 4 MP lite@15fps; 1080p lite\/720p\/WD1\/4CIF\/VGA\/CIF@25fps (P)\/30fps (N)<br \/>\nFor 3 MP stream access: 3 MP\/1080p\/720p\/WD1\/4CIF\/VGA\/CIF@15fps<br \/>\nFor 1080p stream access: 1080p\/720p@15fps; 720p\/WD1\/4CIF\/VGA\/CIF@25fps (P)\/30fps (N)<br \/>\nFor 720p stream access: 720p\/WD1\/4CIF\/VGA\/CIF@25fps (P)\/30fps (N)<br \/>\nWhen 1080p Lite mode enabled:<br \/>\nFor 4 MP stream access: 4 MP lite@15fps; 1080p lite\/720p lite\/WD1\/4CIF\/VGA\/CIF@25fps (P)\/30fps<br \/>\n(N)<br \/>\nFor 3 MP stream access: 3 MP\/1080p lite\/720p lite\/WD1\/4CIF\/VGA\/CIF@15fps<br \/>\nFor 1080p stream access: 1080p lite\/720p lite\/WD1\/4CIF\/VGA\/CIF@25fps (P)\/30fps (N)<br \/>\nFor 720p stream access: 720p\/WD1\/4CIF\/VGA\/CIF@25fps (P)\/30fps (N)<\/td>\n<\/tr>\n<tr>\n<td class=\"td1\">Video Bit Rate:<\/td>\n<td class=\"td2\"><\/td>\n<td>32 Kbps-6 Mbps<\/td>\n<\/tr>\n<tr>\n<td class=\"td1\">Stream Type:<\/td>\n<td class=\"td2\"><\/td>\n<td>Video\/Video&amp;Audio<\/td>\n<\/tr>\n<tr>\n<td class=\"td1\">Two-way Audio:<\/td>\n<td class=\"td2\"><\/td>\n<td>1-ch, RCA (2.0 Vp-p, 1 k\u03a9) (independent)<\/td>\n<\/tr>\n<tr>\n<td class=\"td1\">Audio Output:<\/td>\n<td class=\"td2\"><\/td>\n<td>1-ch RCA(Linear, 1k\u03a9)<\/td>\n<\/tr>\n<tr>\n<td class=\"td1\">Dual Stream:<\/td>\n<td class=\"td2\"><\/td>\n<td>Support<\/td>\n<\/tr>\n<tr>\n<td class=\"td1\">Playback Resolution:<\/td>\n<td class=\"td2\"><\/td>\n<td>4MP\/3MP\/1080p\/720p\/VGA\/WD1\/4CIF\/CIF\/QVGA\/QCIF<\/td>\n<\/tr>\n<tr>\n<td class=\"td1\">Synchronous Playback:<\/td>\n<td class=\"td2\"><\/td>\n<td>16-ch<\/td>\n<\/tr>\n<\/tbody>\n<\/table>\n<\/div>\n<div class=\"parameter-table\">\n<table>\n<tbody>\n<tr>\n<th colspan=\"3\">Network management<\/th>\n<\/tr>\n<tr>\n<td class=\"td1\">Remote connections:<\/td>\n<td class=\"td2\"><\/td>\n<td>128<\/td>\n<\/tr>\n<tr>\n<td class=\"td1\">Network protocols:<\/td>\n<td class=\"td2\"><\/td>\n<td>TCP\/IP, PPPoE, DHCP, Hik-connect Cloud P2P,DNS, DDNS, NTP, SADP, NFS, iSCSI, UPnP?, HTTPS,ONVIF<\/td>\n<\/tr>\n<\/tbody>\n<\/table>\n<\/div>\n<div class=\"parameter-table\">\n<table>\n<tbody>\n<tr>\n<th colspan=\"3\">Hard Disk Driver<\/th>\n<\/tr>\n<tr>\n<td class=\"td1\">Interface Type:<\/td>\n<td class=\"td2\"><\/td>\n<td>4 SATA Interfaces<\/td>\n<\/tr>\n<tr>\n<td class=\"td1\">Capacity:<\/td>\n<td class=\"td2\"><\/td>\n<td>Up to 8 TB capacity for each disk<\/td>\n<\/tr>\n<tr>\n<td class=\"td1\">e-SATA Interface:<\/td>\n<td class=\"td2\"><\/td>\n<td>1 eSATA interface<\/td>\n<\/tr>\n<\/tbody>\n<\/table>\n<\/div>\n<div class=\"parameter-table\">\n<table>\n<tbody>\n<tr>\n<th colspan=\"3\">External Interface<\/th>\n<\/tr>\n<tr>\n<td class=\"td1\">Network Interface:<\/td>\n<td class=\"td2\"><\/td>\n<td>1; 10M \/ 100M self-adaptive Ethernet interface<\/td>\n<\/tr>\n<tr>\n<td class=\"td1\">USB Interface:<\/td>\n<td class=\"td2\"><\/td>\n<td>2 USB 2.0 Interface on the front panel&amp; 1 USB 3.0 Interface on the rear panel<\/td>\n<\/tr>\n<tr>\n<td class=\"td1\">Alarm Input:<\/td>\n<td class=\"td2\"><\/td>\n<td>16-ch<\/td>\n<\/tr>\n<tr>\n<td class=\"td1\">Alarm Output:<\/td>\n<td class=\"td2\"><\/td>\n<td>4-ch<\/td>\n<\/tr>\n<\/tbody>\n<\/table>\n<\/div>\n<div class=\"parameter-table\">\n<table>\n<tbody>\n<tr>\n<th colspan=\"3\">General<\/th>\n<\/tr>\n<tr>\n<td class=\"td1\">Power Supply:<\/td>\n<td class=\"td2\"><\/td>\n<td>100 to 240 VAC<\/td>\n<\/tr>\n<tr>\n<td class=\"td1\">Consumption:<\/td>\n<td class=\"td2\"><\/td>\n<td>\u2264 45W(without hard disks)<\/td>\n<\/tr>\n<tr>\n<td class=\"td1\">Working Temperature:<\/td>\n<td class=\"td2\"><\/td>\n<td>-10 oC to 55 oC ( 14 oF to 131 oF)<\/td>\n<\/tr>\n<tr>\n<td class=\"td1\">Working Humidity:<\/td>\n<td class=\"td2\"><\/td>\n<td>10% to 90%<\/td>\n<\/tr>\n<tr>\n<td class=\"td1\">Dimensions:<\/td>\n<td class=\"td2\"><\/td>\n<td>440 \u00d7 390 \u00d7 70 mm (17.3 \u00d7 15.4 \u00d7 2.8 inch)<\/td>\n<\/tr>\n<tr>\n<td class=\"td1\">Weight:<\/td>\n<td class=\"td2\"><\/td>\n<td>\u2264 7 kg (15.4 lb)<\/td>\n<\/tr>\n<\/tbody>\n<\/table>\n<\/div>\n","protected":false},"excerpt":{"rendered":"<dl class=\"introduct\">\n<dd>\u2022 H.265 \/H.265\/H.264 \/H.264 encoding for the main stream, and H.265\/H.264 for the sub-stream of analog cameras<\/p>\n<p>\u2022 Self-adaptive HDTVI\/HDCVI\/AHD\/CVBS signal input<\/p>\n<p>\u2022 Support Cloud storage(One Drive, Google Drive or Drop Box)<\/p>\n<p>\u2022 Up to 4MP resolution for recording<\/p>\n<p>\u2022 HDMI output at up to 4K (3840 \u00d7 2160) resolution<\/p>\n<p>\u2022 Long distance transmission over UTP and coaxial cable: max. 800m for 1080p and 1200m for 720p HDTVI signal<\/p>\n<p>\u2022\u00a04\/8\/16-ch synchronous playback<\/p>\n<p>\u2022\u00a0Supports POS triggered recording and POS information overlay<\/dd>\n<\/dl>\n<div class=\"show-hd\"><\/div>\n","protected":false},"featured_media":6580,"comment_status":"closed","ping_status":"closed","template":"","meta":{"_acf_changed":false},"product_brand":[364],"product_cat":[357,356,362],"product_tag":[],"class_list":{"0":"post-6550","1":"product","2":"type-product","3":"status-publish","4":"has-post-thumbnail","6":"product_brand-hikvision","7":"product_cat-cctv","8":"product_cat-security-systems","9":"product_cat-turbo-hd-dvr","11":"first","12":"instock","13":"shipping-taxable","14":"purchasable","15":"product-type-simple"},"acf":[],"_links":{"self":[{"href":"https:\/\/hemaxcomputers.lk\/index.php\/wp-json\/wp\/v2\/product\/6550","targetHints":{"allow":["GET"]}}],"collection":[{"href":"https:\/\/hemaxcomputers.lk\/index.php\/wp-json\/wp\/v2\/product"}],"about":[{"href":"https:\/\/hemaxcomputers.lk\/index.php\/wp-json\/wp\/v2\/types\/product"}],"replies":[{"embeddable":true,"href":"https:\/\/hemaxcomputers.lk\/index.php\/wp-json\/wp\/v2\/comments?post=6550"}],"wp:featuredmedia":[{"embeddable":true,"href":"https:\/\/hemaxcomputers.lk\/index.php\/wp-json\/wp\/v2\/media\/6580"}],"wp:attachment":[{"href":"https:\/\/hemaxcomputers.lk\/index.php\/wp-json\/wp\/v2\/media?parent=6550"}],"wp:term":[{"taxonomy":"product_brand","embeddable":true,"href":"https:\/\/hemaxcomputers.lk\/index.php\/wp-json\/wp\/v2\/product_brand?post=6550"},{"taxonomy":"product_cat","embeddable":true,"href":"https:\/\/hemaxcomputers.lk\/index.php\/wp-json\/wp\/v2\/product_cat?post=6550"},{"taxonomy":"product_tag","embeddable":true,"href":"https:\/\/hemaxcomputers.lk\/index.php\/wp-json\/wp\/v2\/product_tag?post=6550"}],"curies":[{"name":"wp","href":"https:\/\/api.w.org\/{rel}","templated":true}]}}