{"id":6585,"date":"2025-07-19T14:56:27","date_gmt":"2025-07-19T14:56:27","guid":{"rendered":"https:\/\/vigorous-hertz.178-128-31-162.plesk.page\/?post_type=product&#038;p=6585"},"modified":"2025-07-19T14:56:33","modified_gmt":"2025-07-19T14:56:33","slug":"ds-7716ni-k4-hikvision-embedded-4k-nvr","status":"publish","type":"product","link":"https:\/\/hemaxcomputers.lk\/index.php\/product\/ds-7716ni-k4-hikvision-embedded-4k-nvr\/","title":{"rendered":"DS-7716NI-K4 , HIKVISION Embedded 4K NVR"},"content":{"rendered":"<div class=\"parameter-table\">\n<p>160Mbps Bit Rate Input Max(up to 16-ch IP video), 4 SATA Interfaces, alarm I\/O: 16\/4, 1.5U case,19&#8243;<\/p>\n<p><strong>ABOUT<\/strong><\/p>\n<table>\n<tbody>\n<tr>\n<th colspan=\"3\">Video\/Audio Input<\/th>\n<\/tr>\n<tr>\n<td class=\"td1\">Two-way audio input:<\/td>\n<td class=\"td2\"><\/td>\n<td>1-ch, RCA (2.0 Vp-p, 1k\u03a9)<\/td>\n<\/tr>\n<tr>\n<td class=\"td1\">IP video input:<\/td>\n<td class=\"td2\"><\/td>\n<td>16-ch<\/td>\n<\/tr>\n<\/tbody>\n<\/table>\n<\/div>\n<div class=\"parameter-table\">\n<table>\n<tbody>\n<tr>\n<th colspan=\"3\">Network<\/th>\n<\/tr>\n<tr>\n<td class=\"td1\">Remote connection:<\/td>\n<td class=\"td2\"><\/td>\n<td>128<\/td>\n<\/tr>\n<tr>\n<td class=\"td1\">Incoming bandwidth:<\/td>\n<td class=\"td2\"><\/td>\n<td>160Mbps<\/td>\n<\/tr>\n<tr>\n<td class=\"td1\">Outgoing bandwidth:<\/td>\n<td class=\"td2\"><\/td>\n<td>160Mbps<\/td>\n<\/tr>\n<\/tbody>\n<\/table>\n<\/div>\n<div class=\"parameter-table\">\n<table>\n<tbody>\n<tr>\n<th colspan=\"3\">Video\/Audio Output<\/th>\n<\/tr>\n<tr>\n<td class=\"td1\">HDMI Output:<\/td>\n<td class=\"td2\"><\/td>\n<td>1-ch, resolution: 4K(3840*2160)\/60Hz, 4K(3840*2160)\/30Hz, 1920*1080P\/60Hz, 1600*1200\/60Hz, 1280*1024\/60Hz, 1280*720\/60Hz, 1024*768\/60Hz<\/td>\n<\/tr>\n<tr>\n<td class=\"td1\">Recording Resolution:<\/td>\n<td class=\"td2\"><\/td>\n<td>8MP\/6MP\/5MP\/4MP\/3MP\/1080p\/UXGA\/720p\/VGA\/4CIF\/DCIF\/2CIF\/CIF\/QCIF<\/td>\n<\/tr>\n<tr>\n<td class=\"td1\">Audio Output:<\/td>\n<td class=\"td2\"><\/td>\n<td>1-ch, RCA (Linear, 1k\u03a9)<\/td>\n<\/tr>\n<tr>\n<td class=\"td1\">Synchronous Playback:<\/td>\n<td class=\"td2\"><\/td>\n<td>16-ch<\/td>\n<\/tr>\n<tr>\n<td class=\"td1\">VGA Output:<\/td>\n<td class=\"td2\"><\/td>\n<td>1-ch, resolution: 1920*1080P\/60Hz, 1280*1024\/60Hz, 1280*720\/60Hz, 1024*768\/60Hz<\/td>\n<\/tr>\n<\/tbody>\n<\/table>\n<\/div>\n<div class=\"parameter-table\">\n<table>\n<tbody>\n<tr>\n<th colspan=\"3\">Decoding<\/th>\n<\/tr>\n<tr>\n<td class=\"td1\">Capability:<\/td>\n<td class=\"td2\"><\/td>\n<td>8-ch@1080P<\/td>\n<\/tr>\n<tr>\n<td class=\"td1\">Live view \/ Playback:<\/td>\n<td class=\"td2\"><\/td>\n<td>8MP\/6MP\/5MP\/3MP\/1080p\/UXGA\/720p\/VGA\/4CIF\/DCIF\/2CIF\/CIF\/QCIF<\/td>\n<\/tr>\n<\/tbody>\n<\/table>\n<\/div>\n<div class=\"parameter-table\">\n<table>\n<tbody>\n<tr>\n<th colspan=\"3\">Hard Disk<\/th>\n<\/tr>\n<tr>\n<td class=\"td1\">SATA:<\/td>\n<td class=\"td2\"><\/td>\n<td>2 SATA interfaces for 2 HDDs<\/td>\n<\/tr>\n<tr>\n<td class=\"td1\">Capacity:<\/td>\n<td class=\"td2\"><\/td>\n<td>Up to 6TB capacity for each HDD<\/td>\n<\/tr>\n<\/tbody>\n<\/table>\n<\/div>\n<div class=\"parameter-table\">\n<table>\n<tbody>\n<tr>\n<th colspan=\"3\">External Interface<\/th>\n<\/tr>\n<tr>\n<td class=\"td1\">Network Interface:<\/td>\n<td class=\"td2\"><\/td>\n<td>2 RJ-45 10\/100\/1000Mbps self-adaptive Ethernet interfaces<\/td>\n<\/tr>\n<tr>\n<td class=\"td1\">Serial Interface:<\/td>\n<td class=\"td2\"><\/td>\n<td>RS-232; RS-485;<\/td>\n<\/tr>\n<tr>\n<td class=\"td1\">USB Interface:<\/td>\n<td class=\"td2\"><\/td>\n<td>Front panel: 2 \u00d7 USB 2.0<br \/>\nRear panel: 1 \u00d7 USB 3.0<\/td>\n<\/tr>\n<tr>\n<td class=\"td1\">Alarm In:<\/td>\n<td class=\"td2\"><\/td>\n<td>16-ch<\/td>\n<\/tr>\n<tr>\n<td class=\"td1\">Alarm Out:<\/td>\n<td class=\"td2\"><\/td>\n<td>4-ch<\/td>\n<\/tr>\n<\/tbody>\n<\/table>\n<\/div>\n<div class=\"parameter-table\">\n<table>\n<tbody>\n<tr>\n<th colspan=\"3\">General<\/th>\n<\/tr>\n<tr>\n<td class=\"td1\">Power Supply:<\/td>\n<td class=\"td2\"><\/td>\n<td>100 to 240 VAC<\/td>\n<\/tr>\n<tr>\n<td class=\"td1\">Consumption(without hard disk and POE):<\/td>\n<td class=\"td2\"><\/td>\n<td>\u226420 W<\/td>\n<\/tr>\n<tr>\n<td class=\"td1\">Working Temperature:<\/td>\n<td class=\"td2\"><\/td>\n<td>-10 oC ~ 55 oC ( 14 oF~ 131 oF)<\/td>\n<\/tr>\n<tr>\n<td class=\"td1\">Working Humidity:<\/td>\n<td class=\"td2\"><\/td>\n<td>10 % ~ 90 %<\/td>\n<\/tr>\n<tr>\n<td class=\"td1\">Chassis:<\/td>\n<td class=\"td2\"><\/td>\n<td>19-inch rack-mounted 1.5U chassis<\/td>\n<\/tr>\n<tr>\n<td class=\"td1\">Dimensions:<\/td>\n<td class=\"td2\"><\/td>\n<td>445 \u00d7 390 \u00d7 70 mm (17.5&#8243;\u00d7 15.3&#8243; \u00d7 2.8&#8243;)<\/td>\n<\/tr>\n<tr>\n<td class=\"td1\">Weight(without HDD):<\/td>\n<td class=\"td2\"><\/td>\n<td>\u2264 5 Kg (11 lb)<\/td>\n<\/tr>\n<\/tbody>\n<\/table>\n<\/div>\n","protected":false},"excerpt":{"rendered":"<p>\u2022 Third-party network cameras supported<br \/>\n\u2022 Up to 8 Megapixels resolution recording<br \/>\n\u2022 Support 1-ch HDMI, 1-ch VGA, HMDI at up to 4K(3840&#215;2160)<\/p>\n<p>resolution<\/p>\n<p>\u2022 16\/32-ch network cameras can be connected with<br \/>\n160M\/256M incoming bandwidth<br \/>\n\u2022 Up to 4 SATA interfaces<br \/>\n\u2022 Support dual-os to ensure high reliablility of system<\/p>\n<p>running<\/p>\n<p>\u2022Support various VCA detection alarm and VCA search<\/p>\n<p>\u2022Support H.265\/H.264\/MPEG4 video formats<\/p>\n","protected":false},"featured_media":6615,"comment_status":"closed","ping_status":"closed","template":"","meta":{"_acf_changed":false},"product_brand":[364],"product_cat":[357,363,356],"product_tag":[],"class_list":{"0":"post-6585","1":"product","2":"type-product","3":"status-publish","4":"has-post-thumbnail","6":"product_brand-hikvision","7":"product_cat-cctv","8":"product_cat-nvr","9":"product_cat-security-systems","11":"first","12":"instock","13":"shipping-taxable","14":"purchasable","15":"product-type-simple"},"acf":[],"_links":{"self":[{"href":"https:\/\/hemaxcomputers.lk\/index.php\/wp-json\/wp\/v2\/product\/6585","targetHints":{"allow":["GET"]}}],"collection":[{"href":"https:\/\/hemaxcomputers.lk\/index.php\/wp-json\/wp\/v2\/product"}],"about":[{"href":"https:\/\/hemaxcomputers.lk\/index.php\/wp-json\/wp\/v2\/types\/product"}],"replies":[{"embeddable":true,"href":"https:\/\/hemaxcomputers.lk\/index.php\/wp-json\/wp\/v2\/comments?post=6585"}],"wp:featuredmedia":[{"embeddable":true,"href":"https:\/\/hemaxcomputers.lk\/index.php\/wp-json\/wp\/v2\/media\/6615"}],"wp:attachment":[{"href":"https:\/\/hemaxcomputers.lk\/index.php\/wp-json\/wp\/v2\/media?parent=6585"}],"wp:term":[{"taxonomy":"product_brand","embeddable":true,"href":"https:\/\/hemaxcomputers.lk\/index.php\/wp-json\/wp\/v2\/product_brand?post=6585"},{"taxonomy":"product_cat","embeddable":true,"href":"https:\/\/hemaxcomputers.lk\/index.php\/wp-json\/wp\/v2\/product_cat?post=6585"},{"taxonomy":"product_tag","embeddable":true,"href":"https:\/\/hemaxcomputers.lk\/index.php\/wp-json\/wp\/v2\/product_tag?post=6585"}],"curies":[{"name":"wp","href":"https:\/\/api.w.org\/{rel}","templated":true}]}}