{"id":6591,"date":"2025-07-19T14:56:27","date_gmt":"2025-07-19T14:56:27","guid":{"rendered":"https:\/\/vigorous-hertz.178-128-31-162.plesk.page\/?post_type=product&#038;p=6591"},"modified":"2025-07-19T14:56:39","modified_gmt":"2025-07-19T14:56:39","slug":"ds-7616ni-q2-hikvision-embedded-nvr","status":"publish","type":"product","link":"https:\/\/hemaxcomputers.lk\/index.php\/product\/ds-7616ni-q2-hikvision-embedded-nvr\/","title":{"rendered":"DS-7616NI-Q2 , HIKVISION Embedded NVR"},"content":{"rendered":"<p>16 ch input, 160Mbps Bit Rate Input Max (up to 16-ch IP video), 2 SATA interfaces, 1U case, 19&#8221;<\/p>\n<p><strong>ABOUT<\/strong><\/p>\n<div class=\"parameter-table\">\n<table>\n<tbody>\n<tr>\n<th colspan=\"3\">Video\/Audio Input<\/th>\n<\/tr>\n<tr>\n<td class=\"td1\">Two-way audio input:<\/td>\n<td class=\"td2\"><\/td>\n<td>1-ch, RCA (2.0 Vp-p, 1k\u03a9)<\/td>\n<\/tr>\n<tr>\n<td class=\"td1\">IP video input:<\/td>\n<td class=\"td2\"><\/td>\n<td>16-ch<\/td>\n<\/tr>\n<\/tbody>\n<\/table>\n<\/div>\n<div class=\"parameter-table\">\n<table>\n<tbody>\n<tr>\n<th colspan=\"3\">Network<\/th>\n<\/tr>\n<tr>\n<td class=\"td1\">Remote connection:<\/td>\n<td class=\"td2\"><\/td>\n<td>128<\/td>\n<\/tr>\n<tr>\n<td class=\"td1\">Incoming bandwidth:<\/td>\n<td class=\"td2\"><\/td>\n<td>160Mbps<\/td>\n<\/tr>\n<tr>\n<td class=\"td1\">Outgoing bandwidth:<\/td>\n<td class=\"td2\"><\/td>\n<td>80Mbps<\/td>\n<\/tr>\n<\/tbody>\n<\/table>\n<\/div>\n<div class=\"parameter-table\">\n<table>\n<tbody>\n<tr>\n<th colspan=\"3\">Video\/Audio Output<\/th>\n<\/tr>\n<tr>\n<td class=\"td1\">HDMI\/VGA output:<\/td>\n<td class=\"td2\"><\/td>\n<td>1-ch, resolution:<br \/>\n1920 \u00d7 1080P \/60Hz, 1600 \u00d7 1200 \/60Hz, 1280 \u00d7 1024 \/60Hz, 1280 \u00d7 720 \/60Hz,<br \/>\n1024 \u00d7 768 \/60Hz<\/td>\n<\/tr>\n<tr>\n<td class=\"td1\">Recording Resolution:<\/td>\n<td class=\"td2\"><\/td>\n<td>6MP\/5MP\/4MP\/3MP\/1080P\/UXGA\/720P\/VGA\/4CIF\/DCIF\/2CIF\/CIF\/QCIF<\/td>\n<\/tr>\n<tr>\n<td class=\"td1\">Frame Rate:<\/td>\n<td class=\"td2\"><\/td>\n<td>Main stream: 50 fps (P) \/ 60 fps (N)<br \/>\nSub-stream: 50 fps (P) \/ 60 fps (N)<\/td>\n<\/tr>\n<tr>\n<td class=\"td1\">Audio Output:<\/td>\n<td class=\"td2\"><\/td>\n<td>1-ch, RCA (Linear, 1k\u03a9)<\/td>\n<\/tr>\n<tr>\n<td class=\"td1\">Synchronous Playback:<\/td>\n<td class=\"td2\"><\/td>\n<td>16-ch<\/td>\n<\/tr>\n<\/tbody>\n<\/table>\n<\/div>\n<div class=\"parameter-table\">\n<table>\n<tbody>\n<tr>\n<th colspan=\"3\">Decoding<\/th>\n<\/tr>\n<tr>\n<td class=\"td1\">Capability:<\/td>\n<td class=\"td2\"><\/td>\n<td>6-ch@1080P<\/td>\n<\/tr>\n<tr>\n<td class=\"td1\">Live view \/ Playback:<\/td>\n<td class=\"td2\"><\/td>\n<td>6MP\/5MP\/3MP\/1080P\/UXGA\/720P\/VGA\/4CIF\/DCIF\/2CIF\/CIF\/QCIF<\/td>\n<\/tr>\n<\/tbody>\n<\/table>\n<\/div>\n<div class=\"parameter-table\">\n<table>\n<tbody>\n<tr>\n<th colspan=\"3\">Hard Disk<\/th>\n<\/tr>\n<tr>\n<td class=\"td1\">SATA:<\/td>\n<td class=\"td2\"><\/td>\n<td>2 SATA interfaces for 2 HDDs<\/td>\n<\/tr>\n<tr>\n<td class=\"td1\">Capacity:<\/td>\n<td class=\"td2\"><\/td>\n<td>Up to 4TB for each disk<\/td>\n<\/tr>\n<\/tbody>\n<\/table>\n<\/div>\n<div class=\"parameter-table\">\n<table>\n<tbody>\n<tr>\n<th colspan=\"3\">External Interface<\/th>\n<\/tr>\n<tr>\n<td class=\"td1\">Network Interface:<\/td>\n<td class=\"td2\"><\/td>\n<td>1RJ-45 10\/100\/1000Mbps self-adaptive Ethernet interface<\/td>\n<\/tr>\n<tr>\n<td class=\"td1\">USB Interface:<\/td>\n<td class=\"td2\"><\/td>\n<td>1 \u00d7 USB 2.0 and 1 \u00d7 USB 3.0<\/td>\n<\/tr>\n<tr>\n<td class=\"td1\">Alarm In:<\/td>\n<td class=\"td2\"><\/td>\n<td>4-ch(optional)<\/td>\n<\/tr>\n<tr>\n<td class=\"td1\">Alarm Out:<\/td>\n<td class=\"td2\"><\/td>\n<td>1-ch(optional)<\/td>\n<\/tr>\n<\/tbody>\n<\/table>\n<\/div>\n<div class=\"parameter-table\">\n<table>\n<tbody>\n<tr>\n<th colspan=\"3\">General<\/th>\n<\/tr>\n<tr>\n<td class=\"td1\">Power Supply:<\/td>\n<td class=\"td2\"><\/td>\n<td>12V DC<\/td>\n<\/tr>\n<tr>\n<td class=\"td1\">Consumption(without hard disk and POE):<\/td>\n<td class=\"td2\"><\/td>\n<td>\u2264 10W<\/td>\n<\/tr>\n<tr>\n<td class=\"td1\">Working Temperature:<\/td>\n<td class=\"td2\"><\/td>\n<td>-10 oC ~ 55 oC ( 14 oF~ 131 oF)<\/td>\n<\/tr>\n<tr>\n<td class=\"td1\">Working Humidity:<\/td>\n<td class=\"td2\"><\/td>\n<td>10 % ~ 90 %<\/td>\n<\/tr>\n<tr>\n<td class=\"td1\">Chassis:<\/td>\n<td class=\"td2\"><\/td>\n<td>380 chassis<\/td>\n<\/tr>\n<tr>\n<td class=\"td1\">Dimensions:<\/td>\n<td class=\"td2\"><\/td>\n<td>380 \u00d7 290 \u00d7 48mm (15.0 \u00d711.4 \u00d7 1.9<br \/>\ninch)<\/td>\n<\/tr>\n<tr>\n<td class=\"td1\">Weight(without HDD):<\/td>\n<td class=\"td2\"><\/td>\n<td>\u2264 1 kg<\/td>\n<\/tr>\n<\/tbody>\n<\/table>\n<\/div>\n","protected":false},"excerpt":{"rendered":"<p>\u2022 Third-party network cameras supported<br \/>\n\u2022 Up to 6 Megapixels resolution recording<br \/>\n\u2022 HDMI and VGA output at up to 1920\u00d71080P<br \/>\nresolution<br \/>\n\u2022 4\/8\/16-ch network cameras can be connected with<br \/>\n40M\/80M\/160M incoming bandwidth<br \/>\n\u2022 Up to 2 SATA interfaces<br \/>\n\u2022 Support network detection, including network delay,<br \/>\npacket loss, etc.<\/p>\n","protected":false},"featured_media":6621,"comment_status":"closed","ping_status":"closed","template":"","meta":{"_acf_changed":false},"product_brand":[364],"product_cat":[357,363,356],"product_tag":[],"class_list":{"0":"post-6591","1":"product","2":"type-product","3":"status-publish","4":"has-post-thumbnail","6":"product_brand-hikvision","7":"product_cat-cctv","8":"product_cat-nvr","9":"product_cat-security-systems","11":"first","12":"outofstock","13":"shipping-taxable","14":"purchasable","15":"product-type-simple"},"acf":[],"_links":{"self":[{"href":"https:\/\/hemaxcomputers.lk\/index.php\/wp-json\/wp\/v2\/product\/6591","targetHints":{"allow":["GET"]}}],"collection":[{"href":"https:\/\/hemaxcomputers.lk\/index.php\/wp-json\/wp\/v2\/product"}],"about":[{"href":"https:\/\/hemaxcomputers.lk\/index.php\/wp-json\/wp\/v2\/types\/product"}],"replies":[{"embeddable":true,"href":"https:\/\/hemaxcomputers.lk\/index.php\/wp-json\/wp\/v2\/comments?post=6591"}],"wp:featuredmedia":[{"embeddable":true,"href":"https:\/\/hemaxcomputers.lk\/index.php\/wp-json\/wp\/v2\/media\/6621"}],"wp:attachment":[{"href":"https:\/\/hemaxcomputers.lk\/index.php\/wp-json\/wp\/v2\/media?parent=6591"}],"wp:term":[{"taxonomy":"product_brand","embeddable":true,"href":"https:\/\/hemaxcomputers.lk\/index.php\/wp-json\/wp\/v2\/product_brand?post=6591"},{"taxonomy":"product_cat","embeddable":true,"href":"https:\/\/hemaxcomputers.lk\/index.php\/wp-json\/wp\/v2\/product_cat?post=6591"},{"taxonomy":"product_tag","embeddable":true,"href":"https:\/\/hemaxcomputers.lk\/index.php\/wp-json\/wp\/v2\/product_tag?post=6591"}],"curies":[{"name":"wp","href":"https:\/\/api.w.org\/{rel}","templated":true}]}}