{"id":6647,"date":"2025-07-19T14:56:53","date_gmt":"2025-07-19T14:56:53","guid":{"rendered":"https:\/\/vigorous-hertz.178-128-31-162.plesk.page\/?post_type=product&#038;p=6647"},"modified":"2025-07-19T14:57:11","modified_gmt":"2025-07-19T14:57:11","slug":"ds-7224hqhi-k2-hikvision-turbo-hd-dvr","status":"publish","type":"product","link":"https:\/\/hemaxcomputers.lk\/index.php\/product\/ds-7224hqhi-k2-hikvision-turbo-hd-dvr\/","title":{"rendered":"DS-7224HQHI-K2 , HIKVISION Turbo HD DVR"},"content":{"rendered":"<div class=\"parameter-table\">\n<p>24 CH 1080P 2 HDD<\/p>\n<p><strong>ABOUT<\/strong><\/p>\n<table>\n<tbody>\n<tr>\n<th colspan=\"3\">Video\/Audio Input<\/th>\n<\/tr>\n<tr>\n<td class=\"td1\">Audio Input:<\/td>\n<td class=\"td2\"><\/td>\n<td>1-ch<\/td>\n<\/tr>\n<tr>\n<td class=\"td1\">Analog and HD-TVI video input:<\/td>\n<td class=\"td2\"><\/td>\n<td>24-ch, BNC interface (1.0 Vp-p, 75 \u03a9), supporting coaxitron connection<\/td>\n<\/tr>\n<tr>\n<td class=\"td1\">Supported camera types:<\/td>\n<td class=\"td2\"><\/td>\n<td>Support HDTIV input:4 MP, 3 MP, 1080p30, 1080p25, 720p60, 720p50, 720p30, 720p25 Note: The 3 MP signal input is only available for channel 1\/2\/3\/4.<br \/>\nSupport AHD input:4 MP, 1080p25, 1080p30, 720p25, 720p30<br \/>\nSupport HDCVI input: 1080p25, 1080p30, 720p25, 720p30<br \/>\nSupport CVBS input:PAL\/NTSC<\/td>\n<\/tr>\n<tr>\n<td class=\"td1\">Video Input Interface:<\/td>\n<td class=\"td2\"><\/td>\n<td>BNC (1.0 Vp-p, 75\u03a9)<\/td>\n<\/tr>\n<tr>\n<td class=\"td1\">Audio Compression:<\/td>\n<td class=\"td2\"><\/td>\n<td>G.711u<\/td>\n<\/tr>\n<tr>\n<td class=\"td1\">Audio Input Interface:<\/td>\n<td class=\"td2\"><\/td>\n<td>RCA (2.0 Vp-p, 1 k\u03a9)<\/td>\n<\/tr>\n<tr>\n<td class=\"td1\">Two-way Audio:<\/td>\n<td class=\"td2\"><\/td>\n<td>1-ch, RCA (2.0 Vp-p, 1 K\u03a9) (using the 1st channel of audio input)<\/td>\n<\/tr>\n<\/tbody>\n<\/table>\n<\/div>\n<div class=\"parameter-table\">\n<table>\n<tbody>\n<tr>\n<th colspan=\"3\">Video\/Audio Output<\/th>\n<\/tr>\n<tr>\n<td class=\"td1\">CVBS Output:<\/td>\n<td class=\"td2\"><\/td>\n<td>1-ch, BNC (1.0 Vp-p, 75 \u03a9), resolution: PAL: 704 \u00d7 576, NTSC: 704 \u00d7 480<\/td>\n<\/tr>\n<tr>\n<td class=\"td1\">HDMI\/VGA Output:<\/td>\n<td class=\"td2\"><\/td>\n<td>1-ch,4K (3840 \u00d7 2160)\/30Hz,2K(2560 \u00d71440)\/60Hz, 1920 \u00d71080\/60Hz, 1280 \u00d71024\/60 Hz, 1280 \u00d7720\/60Hz, 1024 \u00d7768\/60 Hz<\/td>\n<\/tr>\n<tr>\n<td class=\"td1\">Frame Rate:<\/td>\n<td class=\"td2\"><\/td>\n<td>Main stream:<br \/>\nWhen 1080p Lite mode not enabled:<br \/>\nFor 4 MP stream access: 4 MP lite@15fps; 1080p lite\/720p\/WD1\/4CIF\/VGA\/CIF@25fps<br \/>\n(P)\/30fps (N)<br \/>\nFor 3 MP stream access: 3 MP\/1080p\/720p\/VGA\/WD1\/4CIF\/CIF@15fps<br \/>\nFor 1080p stream access: 1080p\/720p@15fps; VGA\/WD1\/4CIF\/CIF@25fps (P)\/30fps (N)<br \/>\nFor 720p stream access: 720p\/VGA\/WD1\/4CIF\/CIF@25fps (P)\/30fps (N)<br \/>\nWhen 1080p Lite mode enabled:<br \/>\n4 MP lite\/3 MP@15fps; 1080p lite\/720p lite\/VGA\/WD1\/4CIF\/CIF@25fps (P)\/30fps (N)<br \/>\nSub-stream:<br \/>\nWD1\/4CIF@12fps; CIF@25fps (P)\/30fps (N)<\/td>\n<\/tr>\n<tr>\n<td class=\"td1\">Video Bit Rate:<\/td>\n<td class=\"td2\"><\/td>\n<td>32 Kbps-6 Mbps<\/td>\n<\/tr>\n<tr>\n<td class=\"td1\">Stream Type:<\/td>\n<td class=\"td2\"><\/td>\n<td>Video\/Video&amp;Audio<\/td>\n<\/tr>\n<tr>\n<td class=\"td1\">Two-way Audio:<\/td>\n<td class=\"td2\"><\/td>\n<td>1-ch, RCA (2.0 Vp-p, 1 k\u03a9) (using the audio input)<\/td>\n<\/tr>\n<tr>\n<td class=\"td1\">Audio Output:<\/td>\n<td class=\"td2\"><\/td>\n<td>1-ch RCA(Linear, 1k\u03a9)<\/td>\n<\/tr>\n<tr>\n<td class=\"td1\">Audio Bit Rate:<\/td>\n<td class=\"td2\"><\/td>\n<td>64kbps<\/td>\n<\/tr>\n<tr>\n<td class=\"td1\">Dual Stream:<\/td>\n<td class=\"td2\"><\/td>\n<td>Support<\/td>\n<\/tr>\n<tr>\n<td class=\"td1\">Synchronous Playback:<\/td>\n<td class=\"td2\"><\/td>\n<td>16-ch<\/td>\n<\/tr>\n<\/tbody>\n<\/table>\n<\/div>\n<div class=\"parameter-table\">\n<table>\n<tbody>\n<tr>\n<th colspan=\"3\">Network management<\/th>\n<\/tr>\n<tr>\n<td class=\"td1\">Remote connections:<\/td>\n<td class=\"td2\"><\/td>\n<td>128<\/td>\n<\/tr>\n<tr>\n<td class=\"td1\">Network protocols:<\/td>\n<td class=\"td2\"><\/td>\n<td>TCP\/IP, PPPoE, DHCP, Hik-Connect, DNS, DDNS, NTP, SADP, NFS, iSCSI, UPnP\u2122, HTTPS, ONVIF<\/td>\n<\/tr>\n<\/tbody>\n<\/table>\n<\/div>\n<div class=\"parameter-table\">\n<table>\n<tbody>\n<tr>\n<th colspan=\"3\">Hard Disk Driver<\/th>\n<\/tr>\n<tr>\n<td class=\"td1\">Interface Type:<\/td>\n<td class=\"td2\"><\/td>\n<td>2 SATA Interfaces<\/td>\n<\/tr>\n<\/tbody>\n<\/table>\n<\/div>\n<div class=\"parameter-table\">\n<table>\n<tbody>\n<tr>\n<th colspan=\"3\">External Interface<\/th>\n<\/tr>\n<tr>\n<td class=\"td1\">Network Interface:<\/td>\n<td class=\"td2\"><\/td>\n<td>1 RJ45 10M\/100M\/1000M adaptive Ethernet Interface<\/td>\n<\/tr>\n<tr>\n<td class=\"td1\">USB Interface:<\/td>\n<td class=\"td2\"><\/td>\n<td>1 USB 2.0 Interface &amp; 1 USB 3.0 Interface<\/td>\n<\/tr>\n<tr>\n<td class=\"td1\">Serial Interface:<\/td>\n<td class=\"td2\"><\/td>\n<td>1; standard RS-485 serial interface, half-duplex<\/td>\n<\/tr>\n<\/tbody>\n<\/table>\n<\/div>\n<div class=\"parameter-table\">\n<table>\n<tbody>\n<tr>\n<th colspan=\"3\">General<\/th>\n<\/tr>\n<tr>\n<td class=\"td1\">Power Supply:<\/td>\n<td class=\"td2\"><\/td>\n<td>12 VDC<\/td>\n<\/tr>\n<tr>\n<td class=\"td1\">Consumption:<\/td>\n<td class=\"td2\"><\/td>\n<td>\u2264 55 W<\/td>\n<\/tr>\n<tr>\n<td class=\"td1\">Working Temperature:<\/td>\n<td class=\"td2\"><\/td>\n<td>-10 \u00baC to 55 \u00baC ( 14 \u00baF to 131 \u00baF)<\/td>\n<\/tr>\n<tr>\n<td class=\"td1\">Working Humidity:<\/td>\n<td class=\"td2\"><\/td>\n<td>10% to 90%<\/td>\n<\/tr>\n<tr>\n<td class=\"td1\">Dimensions:<\/td>\n<td class=\"td2\"><\/td>\n<td>380 \u00d7 320 \u00d7 48 mm (15.0 \u00d7 12.6 \u00d7 1.9 inch)<\/td>\n<\/tr>\n<tr>\n<td class=\"td1\">Weight:<\/td>\n<td class=\"td2\"><\/td>\n<td>\u2264 2 kg (4.4 lb)<\/td>\n<\/tr>\n<\/tbody>\n<\/table>\n<\/div>\n","protected":false},"excerpt":{"rendered":"<p>&nbsp;<\/p>\n<ul>\n<li style=\"list-style-type: none\">\n<ul>\n<li>H.265 \/H.265\/H.264 \/H.264 encoding for the main stream, and H.265\/H.264 for the sub-stream of analog cameras<\/li>\n<li>Self-adaptive HDTVI\/HDCVI\/AHD\/CVBS signal input<\/li>\n<li>Connectable to H.265 \/H.265\/H.264 \/H.264 IP cameras<\/li>\n<li>Full channel recording at up to 4 MP lite resolution<\/li>\n<li>HDMI output at up to 4K (3840 \u00d7 2160) resolution<\/li>\n<li>Long distance transmission over UTP and coaxial cable: max. 800m for 1080p and 1200m for 720p HDTVI signal<\/li>\n<li>16-ch synchronous playback<\/li>\n<\/ul>\n<\/li>\n<\/ul>\n<p>&nbsp;<\/p>\n","protected":false},"featured_media":6677,"comment_status":"closed","ping_status":"closed","template":"","meta":{"_acf_changed":false},"product_brand":[364],"product_cat":[357,356,362],"product_tag":[],"class_list":{"0":"post-6647","1":"product","2":"type-product","3":"status-publish","4":"has-post-thumbnail","6":"product_brand-hikvision","7":"product_cat-cctv","8":"product_cat-security-systems","9":"product_cat-turbo-hd-dvr","11":"first","12":"outofstock","13":"shipping-taxable","14":"purchasable","15":"product-type-simple"},"acf":[],"_links":{"self":[{"href":"https:\/\/hemaxcomputers.lk\/index.php\/wp-json\/wp\/v2\/product\/6647","targetHints":{"allow":["GET"]}}],"collection":[{"href":"https:\/\/hemaxcomputers.lk\/index.php\/wp-json\/wp\/v2\/product"}],"about":[{"href":"https:\/\/hemaxcomputers.lk\/index.php\/wp-json\/wp\/v2\/types\/product"}],"replies":[{"embeddable":true,"href":"https:\/\/hemaxcomputers.lk\/index.php\/wp-json\/wp\/v2\/comments?post=6647"}],"wp:featuredmedia":[{"embeddable":true,"href":"https:\/\/hemaxcomputers.lk\/index.php\/wp-json\/wp\/v2\/media\/6677"}],"wp:attachment":[{"href":"https:\/\/hemaxcomputers.lk\/index.php\/wp-json\/wp\/v2\/media?parent=6647"}],"wp:term":[{"taxonomy":"product_brand","embeddable":true,"href":"https:\/\/hemaxcomputers.lk\/index.php\/wp-json\/wp\/v2\/product_brand?post=6647"},{"taxonomy":"product_cat","embeddable":true,"href":"https:\/\/hemaxcomputers.lk\/index.php\/wp-json\/wp\/v2\/product_cat?post=6647"},{"taxonomy":"product_tag","embeddable":true,"href":"https:\/\/hemaxcomputers.lk\/index.php\/wp-json\/wp\/v2\/product_tag?post=6647"}],"curies":[{"name":"wp","href":"https:\/\/api.w.org\/{rel}","templated":true}]}}