{"id":6734,"date":"2025-07-19T14:57:44","date_gmt":"2025-07-19T14:57:44","guid":{"rendered":"https:\/\/vigorous-hertz.178-128-31-162.plesk.page\/?post_type=product&#038;p=6734"},"modified":"2025-07-19T14:58:15","modified_gmt":"2025-07-19T14:58:15","slug":"ds-2ce76u1t-itpf","status":"publish","type":"product","link":"https:\/\/hemaxcomputers.lk\/index.php\/product\/ds-2ce76u1t-itpf\/","title":{"rendered":"DS-2CE76U1T-ITPF"},"content":{"rendered":"<div class=\"main-box\">\n<div class=\"main-content\">\n<div class=\"main-right\">\n<div class=\"product_main\">\n<div class=\"product-detail\">\n<div class=\"bottom-sutitle\">\n<div class=\"tab-content\">\n<div class=\"tab-prgs\">\n<div class=\"parameter\">\n<div class=\"doc\">\n<div class=\"parameter-table\">\n<table>\n<tbody>\n<tr>\n<th colspan=\"3\">Camera<\/th>\n<\/tr>\n<tr>\n<td class=\"td1\">Image Sensor:<\/td>\n<td class=\"td2\"><\/td>\n<td>8.29 MP high performance CMOS<\/td>\n<\/tr>\n<tr>\n<td class=\"td1\">Signal System:<\/td>\n<td class=\"td2\"><\/td>\n<td>PAL\/NTSC<\/td>\n<\/tr>\n<tr>\n<td class=\"td1\">Effective Pixels:<\/td>\n<td class=\"td2\"><\/td>\n<td>3840 (H) \u00d7 2160 (V)<\/td>\n<\/tr>\n<tr>\n<td class=\"td1\">Min. Illumination:<\/td>\n<td class=\"td2\"><\/td>\n<td>0.01 Lux@(F1.2, AGC ON), 0 Lux with IR<\/td>\n<\/tr>\n<tr>\n<td class=\"td1\">Shutter Time:<\/td>\n<td class=\"td2\"><\/td>\n<td>PAL: 1\/12.5 s to 1\/50,000 s NTSC: 1\/15 s to 1\/50,000 s<\/td>\n<\/tr>\n<tr>\n<td class=\"td1\">Lens:<\/td>\n<td class=\"td2\"><\/td>\n<td>2.8 mm, 3.6 mm, 6 mm fixed lens<\/td>\n<\/tr>\n<tr>\n<td class=\"td1\">Lens Mount:<\/td>\n<td class=\"td2\"><\/td>\n<td>M16<\/td>\n<\/tr>\n<tr>\n<td class=\"td1\">Adjustment Range:<\/td>\n<td class=\"td2\"><\/td>\n<td>Pan: 0\u00b0 to 360\u00b0, Tilt:0\u00b0 to 180\u00b0, Rotate: 0\u00b0 to 360\u00b0<\/td>\n<\/tr>\n<tr>\n<td class=\"td1\">Day&amp; Night:<\/td>\n<td class=\"td2\"><\/td>\n<td>IR cut filter<\/td>\n<\/tr>\n<tr>\n<td class=\"td1\">Video Frame Rate:<\/td>\n<td class=\"td2\"><\/td>\n<td>TVI: 8MP@12.5fps, 8MP@15fps, 5MP@20fps, 4MP@25fps, 4MP@30fps, 2MP@25fps,2MP@30fps;CVI: 8MP@12.5fps, 8MP@15fps;AHD: 5MP@20fps;CVBS: 960H P\/N<\/td>\n<\/tr>\n<tr>\n<td class=\"td1\">Synchronization:<\/td>\n<td class=\"td2\"><\/td>\n<td>Internal Synchronization<\/td>\n<\/tr>\n<\/tbody>\n<\/table>\n<\/div>\n<div class=\"parameter-table\">\n<table>\n<tbody>\n<tr>\n<th colspan=\"3\">Lens<\/th>\n<\/tr>\n<tr>\n<td class=\"td1\">Horizontal Field of View:<\/td>\n<td class=\"td2\"><\/td>\n<td>102.2\u00b0(2.8 mm), 79\u00b0 (3.6 mm), 50.8\u00b0 (6 mm)<\/td>\n<\/tr>\n<\/tbody>\n<\/table>\n<\/div>\n<div class=\"parameter-table\">\n<table>\n<tbody>\n<tr>\n<th colspan=\"3\">Menu<\/th>\n<\/tr>\n<tr>\n<td class=\"td1\">D\/N Mode:<\/td>\n<td class=\"td2\"><\/td>\n<td>Auto\/Color\/BW (Black and White)<\/td>\n<\/tr>\n<tr>\n<td class=\"td1\">BLC:<\/td>\n<td class=\"td2\"><\/td>\n<td>Support<\/td>\n<\/tr>\n<tr>\n<td class=\"td1\">AGC:<\/td>\n<td class=\"td2\"><\/td>\n<td>Support<\/td>\n<\/tr>\n<tr>\n<td class=\"td1\">Language:<\/td>\n<td class=\"td2\"><\/td>\n<td>English<\/td>\n<\/tr>\n<tr>\n<td class=\"td1\">Function:<\/td>\n<td class=\"td2\"><\/td>\n<td>Brightness, Sharpness, DNR, Mirror, Smart IR<\/td>\n<\/tr>\n<\/tbody>\n<\/table>\n<\/div>\n<div class=\"parameter-table\">\n<table>\n<tbody>\n<tr>\n<th colspan=\"3\">Interface<\/th>\n<\/tr>\n<tr>\n<td class=\"td1\">Video Out:<\/td>\n<td class=\"td2\"><\/td>\n<td>1 HD analog output<\/td>\n<\/tr>\n<\/tbody>\n<\/table>\n<\/div>\n<div class=\"parameter-table\">\n<table>\n<tbody>\n<tr>\n<th colspan=\"3\">General<\/th>\n<\/tr>\n<tr>\n<td class=\"td1\">Material:<\/td>\n<td class=\"td2\"><\/td>\n<td>Plastic<\/td>\n<\/tr>\n<tr>\n<td class=\"td1\">Operating Conditions:<\/td>\n<td class=\"td2\"><\/td>\n<td>-40 \u00b0C &#8211; 60 \u00b0C (-40 \u00b0F &#8211; 140 \u00b0F)<br \/>\nHumidity 90% or less (non-condensing)<\/td>\n<\/tr>\n<tr>\n<td class=\"td1\">Power Supply:<\/td>\n<td class=\"td2\"><\/td>\n<td>12 VDC \u00b125% *You are recommended to use one power adapter to supply the power for one camera.<\/td>\n<\/tr>\n<tr>\n<td class=\"td1\">Power Consumption:<\/td>\n<td class=\"td2\"><\/td>\n<td>Max. 5.3 W<\/td>\n<\/tr>\n<tr>\n<td class=\"td1\">IR Range:<\/td>\n<td class=\"td2\"><\/td>\n<td>Up to 30m<\/td>\n<\/tr>\n<tr>\n<td class=\"td1\">Communication :<\/td>\n<td class=\"td2\"><\/td>\n<td>Up the coax<br \/>\nProtocol: Pelco-C(CVBS output), HIKVISION-C(TVI output)<\/td>\n<\/tr>\n<tr>\n<td class=\"td1\">Dimension:<\/td>\n<td class=\"td2\"><\/td>\n<td>\u00d8 70 mm \u00d7 159.8 mm (\u00d8 2.76&#8243; \u00d7 6.29&#8243; )<\/td>\n<\/tr>\n<tr>\n<td class=\"td1\">Weight:<\/td>\n<td class=\"td2\"><\/td>\n<td>Approx. 180 g (0.40 lb.)<\/td>\n<\/tr>\n<\/tbody>\n<\/table>\n<\/div>\n<\/div>\n<\/div>\n<\/div>\n<\/div>\n<\/div>\n<\/div>\n<\/div>\n<\/div>\n<\/div>\n<\/div>\n<div class=\"footer\">\n<div class=\"friendlink\"><\/div>\n<\/div>\n","protected":false},"excerpt":{"rendered":"<p>\u2022\u00a0\u00a0\u00a0\u00a08.29 Megapixel high-performance CMOS<\/p>\n<p>\u2022\u00a0\u00a0\u00a0\u00a03840 \u00d7 2160 resolution<\/p>\n<p>\u2022\u00a0\u00a0\u00a0\u00a02.8mm \u00a03.6 mm, 6 mm\u00a0\u00a0fixed\u00a0 lens<\/p>\n<p>\u2022\u00a0\u00a0\u00a04 in 1 video output (switchable TVI\/AHD\/CVI\/CVBS)<\/p>\n<p>\u2022\u00a0\u00a0\u00a0\u00a0EXIR 2.0,\u00a0smart IR, up to 30m IR distance<\/p>\n<p>\u2022\u00a0\u00a0\u00a0\u00a0Up the Coax(HIKVISION-C)<\/p>\n","protected":false},"featured_media":6781,"comment_status":"closed","ping_status":"closed","template":"","meta":{"_acf_changed":false},"product_brand":[364],"product_cat":[357,356,358],"product_tag":[],"class_list":{"0":"post-6734","1":"product","2":"type-product","3":"status-publish","4":"has-post-thumbnail","6":"product_brand-hikvision","7":"product_cat-cctv","8":"product_cat-security-systems","9":"product_cat-tvi-camera","11":"first","12":"instock","13":"shipping-taxable","14":"purchasable","15":"product-type-simple"},"acf":[],"_links":{"self":[{"href":"https:\/\/hemaxcomputers.lk\/index.php\/wp-json\/wp\/v2\/product\/6734","targetHints":{"allow":["GET"]}}],"collection":[{"href":"https:\/\/hemaxcomputers.lk\/index.php\/wp-json\/wp\/v2\/product"}],"about":[{"href":"https:\/\/hemaxcomputers.lk\/index.php\/wp-json\/wp\/v2\/types\/product"}],"replies":[{"embeddable":true,"href":"https:\/\/hemaxcomputers.lk\/index.php\/wp-json\/wp\/v2\/comments?post=6734"}],"wp:featuredmedia":[{"embeddable":true,"href":"https:\/\/hemaxcomputers.lk\/index.php\/wp-json\/wp\/v2\/media\/6781"}],"wp:attachment":[{"href":"https:\/\/hemaxcomputers.lk\/index.php\/wp-json\/wp\/v2\/media?parent=6734"}],"wp:term":[{"taxonomy":"product_brand","embeddable":true,"href":"https:\/\/hemaxcomputers.lk\/index.php\/wp-json\/wp\/v2\/product_brand?post=6734"},{"taxonomy":"product_cat","embeddable":true,"href":"https:\/\/hemaxcomputers.lk\/index.php\/wp-json\/wp\/v2\/product_cat?post=6734"},{"taxonomy":"product_tag","embeddable":true,"href":"https:\/\/hemaxcomputers.lk\/index.php\/wp-json\/wp\/v2\/product_tag?post=6734"}],"curies":[{"name":"wp","href":"https:\/\/api.w.org\/{rel}","templated":true}]}}