{"id":6735,"date":"2025-07-19T14:57:44","date_gmt":"2025-07-19T14:57:44","guid":{"rendered":"https:\/\/vigorous-hertz.178-128-31-162.plesk.page\/?post_type=product&#038;p=6735"},"modified":"2025-07-19T14:58:16","modified_gmt":"2025-07-19T14:58:16","slug":"hikvision-8-mp4k-ir-fixed-dome-network-camera-ds-2cd2183g0-i","status":"publish","type":"product","link":"https:\/\/hemaxcomputers.lk\/index.php\/product\/hikvision-8-mp4k-ir-fixed-dome-network-camera-ds-2cd2183g0-i\/","title":{"rendered":"HIKVISION 8 MP(4K) IR Fixed Dome Network Camera DS-2CD2183G0-I"},"content":{"rendered":"<div class=\"parameter-table\">\n<table>\n<tbody>\n<tr>\n<th colspan=\"3\">Camera<\/th>\n<\/tr>\n<tr>\n<td class=\"td1\">Image Sensor:<\/td>\n<td class=\"td2\"><\/td>\n<td>1\/2.5&#8243; Progressive Scan CMOS<\/td>\n<\/tr>\n<tr>\n<td class=\"td1\">Signal System:<\/td>\n<td class=\"td2\"><\/td>\n<td>PAL\/NTSC<\/td>\n<\/tr>\n<tr>\n<td class=\"td1\">Min. Illumination:<\/td>\n<td class=\"td2\"><\/td>\n<td>Color: 0.01 lux @(F1.2, AGC ON), 0.028 lux @(F2.0, AGC ON), 0 lux with IR<\/td>\n<\/tr>\n<tr>\n<td class=\"td1\">Shutter time:<\/td>\n<td class=\"td2\"><\/td>\n<td>1\/3 s to 1\/100,000 s<\/td>\n<\/tr>\n<tr>\n<td class=\"td1\">Slow shutter:<\/td>\n<td class=\"td2\"><\/td>\n<td>Support<\/td>\n<\/tr>\n<tr>\n<td class=\"td1\">Lens:<\/td>\n<td class=\"td2\"><\/td>\n<td>2.8 mm, horizontal FOV: 102\u00b0, vertical FOV: 53\u00b0, diagonal FOV: 124\u00b0<br \/>\n4 mm, horizontal FOV: 79\u00b0, vertical FOV: 42\u00b0, diagonal FOV: 95\u00b0<br \/>\n6 mm, horizontal FOV: 50\u00b0, vertical FOV: 28\u00b0, diagonal FOV: 59\u00b0<br \/>\n8 mm, horizontal FOV: 40\u00b0, vertical FOV: 25\u00b0, diagonal FOV: 53\u00b0<\/td>\n<\/tr>\n<tr>\n<td class=\"td1\">Lens Mount:<\/td>\n<td class=\"td2\"><\/td>\n<td>M12<\/td>\n<\/tr>\n<tr>\n<td class=\"td1\">Adjustment Range:<\/td>\n<td class=\"td2\"><\/td>\n<td>Pan: 0\u00b0 to 355\u00b0, tilt: 0\u00b0 to 75\u00b0, rotate: 0\u00b0 to 355\u00b0<\/td>\n<\/tr>\n<tr>\n<td class=\"td1\">Day&amp; Night:<\/td>\n<td class=\"td2\"><\/td>\n<td>IR cut filter with auto switch<\/td>\n<\/tr>\n<tr>\n<td class=\"td1\">Wide Dynamic Range:<\/td>\n<td class=\"td2\"><\/td>\n<td>120 dB<\/td>\n<\/tr>\n<tr>\n<td class=\"td1\">Digital noise reduction:<\/td>\n<td class=\"td2\"><\/td>\n<td>3D DNR<\/td>\n<\/tr>\n<tr>\n<td class=\"td1\">Focus:<\/td>\n<td class=\"td2\"><\/td>\n<td>Fixed<\/td>\n<\/tr>\n<\/tbody>\n<\/table>\n<\/div>\n<div class=\"parameter-table\">\n<table>\n<tbody>\n<tr>\n<th colspan=\"3\">Compression Standard<\/th>\n<\/tr>\n<tr>\n<td class=\"td1\">Video Compression:<\/td>\n<td class=\"td2\"><\/td>\n<td>H.265 \/H.265\/H.264 \/H.264\/MJPEG<\/td>\n<\/tr>\n<tr>\n<td class=\"td1\">Video bit rate:<\/td>\n<td class=\"td2\"><\/td>\n<td>256Kbps~16Mbps<\/td>\n<\/tr>\n<tr>\n<td class=\"td1\">Audio Compression:<\/td>\n<td class=\"td2\"><\/td>\n<td>-S: G.711\/G.722.1\/G.726\/MP2L2\/PCM<\/td>\n<\/tr>\n<tr>\n<td class=\"td1\">Audio bit rate:<\/td>\n<td class=\"td2\"><\/td>\n<td>64Kbps(G.711)\/16Kbps(G.722.1)\/16Kbps(G.726)\/32-192Kbps(MP2L2)<\/td>\n<\/tr>\n<tr>\n<td class=\"td1\">Triple Streams:<\/td>\n<td class=\"td2\"><\/td>\n<td>Yes<\/td>\n<\/tr>\n<\/tbody>\n<\/table>\n<\/div>\n<div class=\"parameter-table\">\n<table>\n<tbody>\n<tr>\n<th colspan=\"3\">Image<\/th>\n<\/tr>\n<tr>\n<td class=\"td1\">Max. Image Resolution:<\/td>\n<td class=\"td2\"><\/td>\n<td>3840 \u00d7 2160<\/td>\n<\/tr>\n<tr>\n<td class=\"td1\">Frame Rate:<\/td>\n<td class=\"td2\"><\/td>\n<td>50Hz: 12.5 fps (3840 \u00d7 2160), 20fps (3072 \u00d7 1728), 25 fps (2560 \u00d7 1440, 1920 \u00d7 1080, 1280 \u00d7 720)<br \/>\n60Hz: 15 fps (3840 \u00d7 2160), 20fps (3072 \u00d7 1728), 30 fps (2560 \u00d7 1440, 1920 \u00d7 1080, 1280 \u00d7 720)<\/td>\n<\/tr>\n<tr>\n<td class=\"td1\">Sub Stream:<\/td>\n<td class=\"td2\"><\/td>\n<td>50Hz: 25fps (640 \u00d7 480, 640 \u00d7 360, 320 \u00d7 240)<br \/>\n60Hz: 30fps (640 \u00d7 480, 640 \u00d7 360, 320 \u00d7 240)<\/td>\n<\/tr>\n<tr>\n<td class=\"td1\">Third Stream:<\/td>\n<td class=\"td2\"><\/td>\n<td>50Hz: 25fps (1280 \u00d7 720, 640 \u00d7 360, 352 \u00d7 288)<br \/>\n60Hz: 30fps (1280 \u00d7 720, 640 \u00d7 360, 352 \u00d7 240)<\/td>\n<\/tr>\n<tr>\n<td class=\"td1\">Image Enhancement:<\/td>\n<td class=\"td2\"><\/td>\n<td>BLC\/3D DNR\/BLC<\/td>\n<\/tr>\n<tr>\n<td class=\"td1\">Image Settings:<\/td>\n<td class=\"td2\"><\/td>\n<td>Brightness, saturation, contrast, sharpness are adjustable via web browser or client software<\/td>\n<\/tr>\n<tr>\n<td class=\"td1\">Target Cropping:<\/td>\n<td class=\"td2\"><\/td>\n<td>No<\/td>\n<\/tr>\n<tr>\n<td class=\"td1\">ROI:<\/td>\n<td class=\"td2\"><\/td>\n<td>1 fixed region for main stream and sub-stream<\/td>\n<\/tr>\n<tr>\n<td class=\"td1\">Day\/Night Switch:<\/td>\n<td class=\"td2\"><\/td>\n<td>Day\/Night\/Auto\/Schedule\/Triggered by alarm input (-S)<\/td>\n<\/tr>\n<\/tbody>\n<\/table>\n<\/div>\n<div class=\"parameter-table\">\n<table>\n<tbody>\n<tr>\n<th colspan=\"3\">Network<\/th>\n<\/tr>\n<tr>\n<td class=\"td1\">Network Storage:<\/td>\n<td class=\"td2\"><\/td>\n<td>microSD\/SDHC\/SDXC card (128G), local storage and NAS (NFS,SMB\/CIFS), ANR<\/td>\n<\/tr>\n<tr>\n<td class=\"td1\">Alarm Trigger:<\/td>\n<td class=\"td2\"><\/td>\n<td>Motion detection, video tampering alarm, network disconnected, IP address conflict, illegal login, HDD full, HDD error<\/td>\n<\/tr>\n<tr>\n<td class=\"td1\">Protocols:<\/td>\n<td class=\"td2\"><\/td>\n<td>TCP\/IP, ICMP, HTTP, HTTPS, FTP, DHCP, DNS, DDNS, RTP, RTSP, RTCP, PPPoE, NTP, UPnP, SMTP, SNMP, IGMP, 802.1X, QoS, IPv6, Bonjour<\/td>\n<\/tr>\n<tr>\n<td class=\"td1\">General Function:<\/td>\n<td class=\"td2\"><\/td>\n<td>One-key reset, Anti-Flicker, heartbeat, mirror, password protection, privacy<br \/>\nmask, Watermark, IP address filtering<\/td>\n<\/tr>\n<tr>\n<td class=\"td1\">System Compatibility:<\/td>\n<td class=\"td2\"><\/td>\n<td>ONVIF (Profile S, Profile G),ISAPI<\/td>\n<\/tr>\n<\/tbody>\n<\/table>\n<\/div>\n<div class=\"parameter-table\">\n<table>\n<tbody>\n<tr>\n<th colspan=\"3\">Interface<\/th>\n<\/tr>\n<tr>\n<td class=\"td1\">Audio:<\/td>\n<td class=\"td2\"><\/td>\n<td>with -S model\uff1a1 input (line in), 1 output (line out), mono sound, terminal block<\/td>\n<\/tr>\n<tr>\n<td class=\"td1\">Communication Interface:<\/td>\n<td class=\"td2\"><\/td>\n<td>1 RJ45 10M \/ 100M Ethernet interface<\/td>\n<\/tr>\n<tr>\n<td class=\"td1\">Alarm:<\/td>\n<td class=\"td2\"><\/td>\n<td>with -S model\uff1a1 input, 1 output (max. 12 VDC, 30 mA), terminal block<\/td>\n<\/tr>\n<tr>\n<td class=\"td1\">On-board storage:<\/td>\n<td class=\"td2\"><\/td>\n<td>Built-in Micro SD\/SDHC\/SDXC slot, up to 128 GB<\/td>\n<\/tr>\n<tr>\n<td class=\"td1\">Reset Button:<\/td>\n<td class=\"td2\"><\/td>\n<td>Yes<\/td>\n<\/tr>\n<\/tbody>\n<\/table>\n<\/div>\n<div class=\"parameter-table\">\n<table>\n<tbody>\n<tr>\n<th colspan=\"3\">Audio<\/th>\n<\/tr>\n<tr>\n<td class=\"td1\">Environment Noise Filtering:<\/td>\n<td class=\"td2\"><\/td>\n<td>Support(-S)<\/td>\n<\/tr>\n<tr>\n<td class=\"td1\">Audio Sampling Rate:<\/td>\n<td class=\"td2\"><\/td>\n<td>8 kHz\/16 kHz\/32 kHz\/44.1 kHZ\/48 kHz<\/td>\n<\/tr>\n<\/tbody>\n<\/table>\n<\/div>\n<div class=\"parameter-table\">\n<table>\n<tbody>\n<tr>\n<th colspan=\"3\">Smart Feature-set<\/th>\n<\/tr>\n<tr>\n<td class=\"td1\">Behavior Analysis:<\/td>\n<td class=\"td2\"><\/td>\n<td>Line crossing detection, intrusion detection<\/td>\n<\/tr>\n<tr>\n<td class=\"td1\">Line Crossing Detection:<\/td>\n<td class=\"td2\"><\/td>\n<td>Cross a pre-defined virtual line<\/td>\n<\/tr>\n<tr>\n<td class=\"td1\">Intrusion Detection:<\/td>\n<td class=\"td2\"><\/td>\n<td>Enter and loiter in a pre-defined virtual region<\/td>\n<\/tr>\n<tr>\n<td class=\"td1\">Recognition:<\/td>\n<td class=\"td2\"><\/td>\n<td>Face Detection<\/td>\n<\/tr>\n<\/tbody>\n<\/table>\n<\/div>\n<div class=\"parameter-table\">\n<table>\n<tbody>\n<tr>\n<th colspan=\"3\">General<\/th>\n<\/tr>\n<tr>\n<td class=\"td1\">Operating Conditions:<\/td>\n<td class=\"td2\"><\/td>\n<td>-30 \u00b0C ~ 60 \u00b0C (-22 \u00b0F ~ 140 \u00b0F)<br \/>\nHumidity 95% or less (non-condensing)<\/td>\n<\/tr>\n<tr>\n<td class=\"td1\">Power Supply:<\/td>\n<td class=\"td2\"><\/td>\n<td>12 VDC \u00b1 25%, PoE (802.3af Class3)<\/td>\n<\/tr>\n<tr>\n<td class=\"td1\">Power Consumption:<\/td>\n<td class=\"td2\"><\/td>\n<td>12 VDC, 0.6 A, max. 7.5W<br \/>\nPoE: (802.3af, 36V to 57V), 0.3 A to 0.2 A, max. 9W<\/td>\n<\/tr>\n<tr>\n<td class=\"td1\">Impact Protection:<\/td>\n<td class=\"td2\"><\/td>\n<td>IK10<\/td>\n<\/tr>\n<tr>\n<td class=\"td1\">Weather Proof:<\/td>\n<td class=\"td2\"><\/td>\n<td>IP67<\/td>\n<\/tr>\n<tr>\n<td class=\"td1\">IR Range:<\/td>\n<td class=\"td2\"><\/td>\n<td>Up to 30m<\/td>\n<\/tr>\n<tr>\n<td class=\"td1\">Dimensions:<\/td>\n<td class=\"td2\"><\/td>\n<td>Camera: \u03a6 111 mm \u00d7 82.4 mm (\u03a6 4.4&#8243; \u00d7 3.2&#8243;)<br \/>\nPackage: 134 \u00d7 134 \u00d7 108 mm (5.3&#8243; \u00d7 5.3&#8243; \u00d7 4.3&#8243;)<\/td>\n<\/tr>\n<tr>\n<td class=\"td1\">Weight:<\/td>\n<td class=\"td2\"><\/td>\n<td>Camera: 500 g (1.1 lb.)<\/td>\n<\/tr>\n<\/tbody>\n<\/table>\n<\/div>\n","protected":false},"excerpt":{"rendered":"<p>\u2022 1\/2.5&#8243; Progressive Scan CMOS<\/p>\n<p>&nbsp;<\/p>\n<p>\u2022\u00a03840\u00a0\u00d72160@15fps<\/p>\n<p>&nbsp;<\/p>\n<p>\u2022 2.8\/4\/6\/8mm fixed lens<\/p>\n<p>&nbsp;<\/p>\n<p>\u2022\u00a0Color: 0.01 Lux @ (F1.2, AGC ON), 0.028 Lux @ (F2.0, AGC ON), 0 Lux with IR<\/p>\n<p>&nbsp;<\/p>\n<p>\u2022 H.265 , H.265, H.264 , H.264<\/p>\n<p>&nbsp;<\/p>\n<p>\u2022 2 Behavior analyses<\/p>\n<p>&nbsp;<\/p>\n<p>\u2022\u00a0120dB WDR<\/p>\n<p>&nbsp;<\/p>\n<p>\u2022 BLC\/3D DNR\/ROI<\/p>\n<p>&nbsp;<\/p>\n<p>\u2022 IP67<\/p>\n<p>&nbsp;<\/p>\n<p>\u2022 Built-in micro SD\/SDHC\/SDXC card slot, up to 128 GB<\/p>\n<p><img decoding=\"async\" src=\"https:\/\/www.hikvision.com\/mtsc\/uploads\/Ckeditor\/Images\/2018-08-27\/image(349).png\" alt=\"\" width=\"40\" height=\"39\" \/><img decoding=\"async\" src=\"https:\/\/www.hikvision.com\/mtsc\/uploads\/Ckeditor\/Images\/2018-08-27\/image(350).png\" alt=\"\" width=\"40\" height=\"40\" \/><img decoding=\"async\" src=\"https:\/\/www.hikvision.com\/mtsc\/uploads\/Ckeditor\/Images\/2018-08-27\/image(351).png\" alt=\"\" width=\"40\" height=\"40\" \/><img loading=\"lazy\" decoding=\"async\" src=\"https:\/\/www.hikvision.com\/mtsc\/uploads\/Ckeditor\/Images\/2018-08-27\/image(352).png\" alt=\"\" width=\"40\" height=\"40\" \/><img loading=\"lazy\" decoding=\"async\" src=\"https:\/\/www.hikvision.com\/mtsc\/uploads\/Ckeditor\/Images\/2018-08-27\/image(353).png\" alt=\"\" width=\"40\" height=\"40\" \/><img loading=\"lazy\" decoding=\"async\" src=\"https:\/\/www.hikvision.com\/mtsc\/uploads\/Ckeditor\/Images\/2018-08-27\/image(354).png\" alt=\"\" width=\"40\" height=\"40\" \/><\/p>\n<p>&nbsp;<\/p>\n","protected":false},"featured_media":6782,"comment_status":"closed","ping_status":"closed","template":"","meta":{"_acf_changed":false},"product_brand":[364],"product_cat":[357,379,356],"product_tag":[],"class_list":{"0":"post-6735","1":"product","2":"type-product","3":"status-publish","4":"has-post-thumbnail","6":"product_brand-hikvision","7":"product_cat-cctv","8":"product_cat-ip-camera","9":"product_cat-security-systems","11":"first","12":"outofstock","13":"shipping-taxable","14":"purchasable","15":"product-type-simple"},"acf":[],"_links":{"self":[{"href":"https:\/\/hemaxcomputers.lk\/index.php\/wp-json\/wp\/v2\/product\/6735","targetHints":{"allow":["GET"]}}],"collection":[{"href":"https:\/\/hemaxcomputers.lk\/index.php\/wp-json\/wp\/v2\/product"}],"about":[{"href":"https:\/\/hemaxcomputers.lk\/index.php\/wp-json\/wp\/v2\/types\/product"}],"replies":[{"embeddable":true,"href":"https:\/\/hemaxcomputers.lk\/index.php\/wp-json\/wp\/v2\/comments?post=6735"}],"wp:featuredmedia":[{"embeddable":true,"href":"https:\/\/hemaxcomputers.lk\/index.php\/wp-json\/wp\/v2\/media\/6782"}],"wp:attachment":[{"href":"https:\/\/hemaxcomputers.lk\/index.php\/wp-json\/wp\/v2\/media?parent=6735"}],"wp:term":[{"taxonomy":"product_brand","embeddable":true,"href":"https:\/\/hemaxcomputers.lk\/index.php\/wp-json\/wp\/v2\/product_brand?post=6735"},{"taxonomy":"product_cat","embeddable":true,"href":"https:\/\/hemaxcomputers.lk\/index.php\/wp-json\/wp\/v2\/product_cat?post=6735"},{"taxonomy":"product_tag","embeddable":true,"href":"https:\/\/hemaxcomputers.lk\/index.php\/wp-json\/wp\/v2\/product_tag?post=6735"}],"curies":[{"name":"wp","href":"https:\/\/api.w.org\/{rel}","templated":true}]}}