{"id":6799,"date":"2025-07-19T14:58:34","date_gmt":"2025-07-19T14:58:34","guid":{"rendered":"https:\/\/vigorous-hertz.178-128-31-162.plesk.page\/?post_type=product&#038;p=6799"},"modified":"2025-07-19T14:58:45","modified_gmt":"2025-07-19T14:58:45","slug":"ds-2ce71d0t-pirl","status":"publish","type":"product","link":"https:\/\/hemaxcomputers.lk\/index.php\/product\/ds-2ce71d0t-pirl\/","title":{"rendered":"DS-2CE71D0T-PIRL"},"content":{"rendered":"<p>Image Sensor 2.0 megapixel progressive scan CMOS<br \/>\nSignal System PAL\/NTSC<br \/>\nFrame Rate<br \/>\nPAL: 1080p@25fps<br \/>\nNTSC: 1080p@30fps<br \/>\nResolution 1920 (H) \u00d7 1080 (V)<br \/>\nMin. illumination Color: 0.01 Lux @ (F1.2, AGC ON), 0 Lux with IR<br \/>\nShutter Time<br \/>\nPAL: 1\/25 s to 1\/50, 000 s<br \/>\nNTSC: 1\/30 s to 1\/50, 000 s<br \/>\nLens 2.8 mm, 3.6 mm fixed focal lens<br \/>\nHorizontal Field of View 103\u00b0(2.8 mm), 82.2\u00b0(3.6 mm)<br \/>\nLens Mount M12<br \/>\nVisual Alarm Yes<br \/>\nDay &amp; Night IR cut filter<br \/>\nAngle Adjustment Pan: 0\u00b0to 360\u00b0, Tilt: 0\u00b0to 75\u00b0, Rotate: 0\u00b0to 360\u00b0<br \/>\nSynchronization Internal synchronization<br \/>\nMenu<br \/>\nWhite Light Alarm\/Off<br \/>\nAGC Low\/middle\/high<br \/>\nDay\/Night Mode Auto\/Color\/BW (Black and White)<br \/>\nWhite Balance Auto\/Manual<br \/>\nBacklight Compensation Yes<br \/>\nLanguage English, Chinese<br \/>\nFunctions Brightness, Contrast, Sharpness, Saturation, DNR, Mirror<br \/>\nInterface<br \/>\nVideo Output 1 HD analog output<br \/>\nGeneral<br \/>\nOperating Conditions -40 \u00b0C to 60 \u00b0C (-40 \u00b0F to 140 \u00b0F), humidity: 90% or less (non-condensation)<br \/>\nPower Supply 12 VDC \u00b125%<br \/>\nPower Consumption Max. 4 W<br \/>\nIngress Protection IP67<br \/>\nMaterial Enclosure: Plastic<br \/>\nMain body: Metal<br \/>\nIR Range Up to 20 m<br \/>\nPIR Range Angle: 110\u00b0, Range:11 m<br \/>\nCommunication Up the coax, Protocol: HIKVISION-C (TVI output)<br \/>\nDimensions \u00d8 109.8 mm \u00d7 89.75 mm (\u00d8 4.32&#8243; \u00d7 3.53&#8243; )<br \/>\nWeight Approx. 310 g (0.68 lb.)<\/p>\n","protected":false},"excerpt":{"rendered":"<p>2M CMOS Sensor,EXIR, 20m IR, Outdoor EXIR Turret, ICR, 0.01 Lux\/F1.2, 12 VDC, PIR Detection\uff0cLed Alarm,Smart IR,OSD Menu(Up the Coax), IP67, 2.8\/3.6mm Lens<\/p>\n","protected":false},"featured_media":6829,"comment_status":"closed","ping_status":"closed","template":"","meta":{"_acf_changed":false},"product_brand":[364],"product_cat":[357,356,358],"product_tag":[],"class_list":{"0":"post-6799","1":"product","2":"type-product","3":"status-publish","4":"has-post-thumbnail","6":"product_brand-hikvision","7":"product_cat-cctv","8":"product_cat-security-systems","9":"product_cat-tvi-camera","11":"first","12":"outofstock","13":"shipping-taxable","14":"purchasable","15":"product-type-simple"},"acf":[],"_links":{"self":[{"href":"https:\/\/hemaxcomputers.lk\/index.php\/wp-json\/wp\/v2\/product\/6799","targetHints":{"allow":["GET"]}}],"collection":[{"href":"https:\/\/hemaxcomputers.lk\/index.php\/wp-json\/wp\/v2\/product"}],"about":[{"href":"https:\/\/hemaxcomputers.lk\/index.php\/wp-json\/wp\/v2\/types\/product"}],"replies":[{"embeddable":true,"href":"https:\/\/hemaxcomputers.lk\/index.php\/wp-json\/wp\/v2\/comments?post=6799"}],"wp:featuredmedia":[{"embeddable":true,"href":"https:\/\/hemaxcomputers.lk\/index.php\/wp-json\/wp\/v2\/media\/6829"}],"wp:attachment":[{"href":"https:\/\/hemaxcomputers.lk\/index.php\/wp-json\/wp\/v2\/media?parent=6799"}],"wp:term":[{"taxonomy":"product_brand","embeddable":true,"href":"https:\/\/hemaxcomputers.lk\/index.php\/wp-json\/wp\/v2\/product_brand?post=6799"},{"taxonomy":"product_cat","embeddable":true,"href":"https:\/\/hemaxcomputers.lk\/index.php\/wp-json\/wp\/v2\/product_cat?post=6799"},{"taxonomy":"product_tag","embeddable":true,"href":"https:\/\/hemaxcomputers.lk\/index.php\/wp-json\/wp\/v2\/product_tag?post=6799"}],"curies":[{"name":"wp","href":"https:\/\/api.w.org\/{rel}","templated":true}]}}