{"id":6809,"date":"2025-07-19T14:58:36","date_gmt":"2025-07-19T14:58:36","guid":{"rendered":"https:\/\/vigorous-hertz.178-128-31-162.plesk.page\/?post_type=product&#038;p=6809"},"modified":"2025-07-19T14:58:52","modified_gmt":"2025-07-19T14:58:52","slug":"ds-2cd1023g0-iuf","status":"publish","type":"product","link":"https:\/\/hemaxcomputers.lk\/index.php\/product\/ds-2cd1023g0-iuf\/","title":{"rendered":"DS-2CD1023G0-IUF"},"content":{"rendered":"<table class=\"prod-characteristics-table\">\n<tbody>\n<tr>\n<td>Device Type<\/td>\n<td>IP-camera<\/td>\n<\/tr>\n<tr>\n<td>Connection type<\/td>\n<td>wired<\/td>\n<\/tr>\n<tr>\n<td>Installation location<\/td>\n<td>outside<\/td>\n<\/tr>\n<tr>\n<td>Matrix resolution<\/td>\n<td>2 Mpx<\/td>\n<\/tr>\n<tr>\n<td>Wi-Fi support<\/td>\n<td>no<\/td>\n<\/tr>\n<tr>\n<td>Video standard<\/td>\n<td>IP<\/td>\n<\/tr>\n<tr>\n<td>Type of instalation<\/td>\n<td>wall, ceiling, overhead<\/td>\n<\/tr>\n<tr>\n<td>Form factor<\/td>\n<td>bullet<\/td>\n<\/tr>\n<tr>\n<td>Intended for use<\/td>\n<td>home, house, office, store, warehouse, production, garage<\/td>\n<\/tr>\n<tr>\n<td>Matrix type<\/td>\n<td>1\/2.7&#8243; Progressive Scan CMOS<\/td>\n<\/tr>\n<tr>\n<td>Recording speed<\/td>\n<td>Main Stream 1920\u00d71080, 1280\u00d7720 &#8211; 25 fps, Sub Stream 640\u00d7480, 640\u00d7360 &#8211; 25 fps<\/td>\n<\/tr>\n<tr>\n<td>Camera motion sensor<\/td>\n<td>program<\/td>\n<\/tr>\n<tr>\n<td>Lens type<\/td>\n<td>fixed<\/td>\n<\/tr>\n<tr>\n<td>Focal length<\/td>\n<td>4 mm<\/td>\n<\/tr>\n<tr>\n<td>Viewing angle<\/td>\n<td>112.1\u00b0<\/td>\n<\/tr>\n<tr>\n<td>Optical zoom<\/td>\n<td>1x<\/td>\n<\/tr>\n<tr>\n<td>Digital zoom<\/td>\n<td>1x<\/td>\n<\/tr>\n<tr>\n<td>Light sensitivity<\/td>\n<td>Color: 0,01 Lx ( F2.0, AGC ON), , B\/W: 0 Lx with IR<\/td>\n<\/tr>\n<tr>\n<td>Light distance<\/td>\n<td>30 m<\/td>\n<\/tr>\n<tr>\n<td>Type of illumination<\/td>\n<td>infrared<\/td>\n<\/tr>\n<tr>\n<td>Day-night mode<\/td>\n<td>yes, ICR filter<\/td>\n<\/tr>\n<tr>\n<td>Memory card slot<\/td>\n<td>yes<\/td>\n<\/tr>\n<tr>\n<td>Built-in microphone<\/td>\n<td>yes<\/td>\n<\/tr>\n<tr>\n<td>Built-in speaker<\/td>\n<td>no<\/td>\n<\/tr>\n<tr>\n<td>Video output<\/td>\n<td>1xRJ45<\/td>\n<\/tr>\n<tr>\n<td>Audio inputs<\/td>\n<td>no<\/td>\n<\/tr>\n<tr>\n<td>Audio outputs<\/td>\n<td>no<\/td>\n<\/tr>\n<tr>\n<td>Network output<\/td>\n<td>1xRJ45<\/td>\n<\/tr>\n<tr>\n<td>Network Interface<\/td>\n<td>1 RJ45 10 M\/100 M self-adaptive Ethernet port, TCP\/IP, ICMP, HTTP, HTTPS, FTP, DHCP, DNS, DDNS, RTP, RTSP, RTCP, NTP, UPnP\u2122, SMTP, IGMP, 802.1X, QoS, IPv6, Bonjour, IPv4, UDP, SSL\/TLS<\/td>\n<\/tr>\n<tr>\n<td>Type of memory cards<\/td>\n<td>microSD\/SDHC\/SDXC up to 256GB<\/td>\n<\/tr>\n<tr>\n<td>PoE support<\/td>\n<td>yes<\/td>\n<\/tr>\n<tr>\n<td>PoE type<\/td>\n<td>802.3af<\/td>\n<\/tr>\n<tr>\n<td>Video compression<\/td>\n<td>H.264, H.265, MJPEG<\/td>\n<\/tr>\n<tr>\n<td>Alarm Inputs-Outputs<\/td>\n<td>no<\/td>\n<\/tr>\n<tr>\n<td>Alarm inputs<\/td>\n<td>no<\/td>\n<\/tr>\n<tr>\n<td>Alarm outputs<\/td>\n<td>no<\/td>\n<\/tr>\n<tr>\n<td>Modes<\/td>\n<td>day\/night (ICR) \/ AGC \/ 3D DNR \/ BLC \/ DWDR \/ ROI<\/td>\n<\/tr>\n<tr>\n<td>Streaming<\/td>\n<td>2 streams<\/td>\n<\/tr>\n<tr>\n<td>PTZ control<\/td>\n<td>no<\/td>\n<\/tr>\n<tr>\n<td>Built-in lightning protection<\/td>\n<td>no<\/td>\n<\/tr>\n<tr>\n<td>Additional functions of camera<\/td>\n<td>motion detection, region of interest (ROI)<\/td>\n<\/tr>\n<tr>\n<td>Moisture and dust protection<\/td>\n<td>IP67<\/td>\n<\/tr>\n<tr>\n<td>Vandal protection<\/td>\n<td>no<\/td>\n<\/tr>\n<tr>\n<td>Browsers<\/td>\n<td>Chrome, Firefox, Safari, Edge, Opera<\/td>\n<\/tr>\n<tr>\n<td>OS support<\/td>\n<td>Windows, MAC OS, IOS, Android<\/td>\n<\/tr>\n<tr>\n<td>Powered by batteries \/ rechargeable batteries<\/td>\n<td>no<\/td>\n<\/tr>\n<tr>\n<td>Integration with Ajax system<\/td>\n<td>yes<\/td>\n<\/tr>\n<tr>\n<td>Mobile app<\/td>\n<td>Hik-Connect<\/td>\n<\/tr>\n<tr>\n<td>Compatibility<\/td>\n<td>ONVIF, ISAPI<\/td>\n<\/tr>\n<tr>\n<td>Consumption<\/td>\n<td>5 W<\/td>\n<\/tr>\n<tr>\n<td>Operating voltage<\/td>\n<td>12V DC, PoE<\/td>\n<\/tr>\n<tr>\n<td>Dimensions (W\u0445H\u0445D)<\/td>\n<td>177.6\u00d766.2\u00d767.8 mm<\/td>\n<\/tr>\n<tr>\n<td>Body color<\/td>\n<td>white<\/td>\n<\/tr>\n<tr>\n<td>Body material<\/td>\n<td>metal, plastic<\/td>\n<\/tr>\n<tr>\n<td>Weight<\/td>\n<td>270 g<\/td>\n<\/tr>\n<tr>\n<td>Temperature range<\/td>\n<td>-30&#8230; 60\u00b0C<\/td>\n<\/tr>\n<tr>\n<td>Producing country<\/td>\n<td>China<\/td>\n<\/tr>\n<tr>\n<td>Device class<\/td>\n<td>economy<\/td>\n<\/tr>\n<\/tbody>\n<\/table>\n","protected":false},"excerpt":{"rendered":"<h1 class=\"title-1\">2 MP IP camera Hikvision DS-2CD1023G0-IUF(C)<\/h1>\n<table class=\"prod-characteristics-table\" style=\"height: 185px\" width=\"386\">\n<tbody>\n<tr>\n<td>Device Type<\/td>\n<td>IP-camera<\/td>\n<\/tr>\n<tr>\n<td>Matrix resolution<\/td>\n<td>2 Mpx<\/td>\n<\/tr>\n<tr>\n<td>Wi-Fi support<\/td>\n<td>no<\/td>\n<\/tr>\n<tr>\n<td>Video standard<\/td>\n<td>IP<\/td>\n<\/tr>\n<tr>\n<td>Type of instalation<\/td>\n<td>wall, ceiling, overhead<\/td>\n<\/tr>\n<tr>\n<td>Form factor<\/td>\n<td>bullet<\/td>\n<\/tr>\n<\/tbody>\n<\/table>\n","protected":false},"featured_media":6839,"comment_status":"closed","ping_status":"closed","template":"","meta":{"_acf_changed":false},"product_brand":[364],"product_cat":[380,357,379,356],"product_tag":[381],"class_list":{"0":"post-6809","1":"product","2":"type-product","3":"status-publish","4":"has-post-thumbnail","6":"product_brand-hikvision","7":"product_cat-1-line-ip-camera","8":"product_cat-cctv","9":"product_cat-ip-camera","10":"product_cat-security-systems","11":"product_tag-camera","13":"first","14":"instock","15":"shipping-taxable","16":"purchasable","17":"product-type-simple"},"acf":[],"_links":{"self":[{"href":"https:\/\/hemaxcomputers.lk\/index.php\/wp-json\/wp\/v2\/product\/6809","targetHints":{"allow":["GET"]}}],"collection":[{"href":"https:\/\/hemaxcomputers.lk\/index.php\/wp-json\/wp\/v2\/product"}],"about":[{"href":"https:\/\/hemaxcomputers.lk\/index.php\/wp-json\/wp\/v2\/types\/product"}],"replies":[{"embeddable":true,"href":"https:\/\/hemaxcomputers.lk\/index.php\/wp-json\/wp\/v2\/comments?post=6809"}],"wp:featuredmedia":[{"embeddable":true,"href":"https:\/\/hemaxcomputers.lk\/index.php\/wp-json\/wp\/v2\/media\/6839"}],"wp:attachment":[{"href":"https:\/\/hemaxcomputers.lk\/index.php\/wp-json\/wp\/v2\/media?parent=6809"}],"wp:term":[{"taxonomy":"product_brand","embeddable":true,"href":"https:\/\/hemaxcomputers.lk\/index.php\/wp-json\/wp\/v2\/product_brand?post=6809"},{"taxonomy":"product_cat","embeddable":true,"href":"https:\/\/hemaxcomputers.lk\/index.php\/wp-json\/wp\/v2\/product_cat?post=6809"},{"taxonomy":"product_tag","embeddable":true,"href":"https:\/\/hemaxcomputers.lk\/index.php\/wp-json\/wp\/v2\/product_tag?post=6809"}],"curies":[{"name":"wp","href":"https:\/\/api.w.org\/{rel}","templated":true}]}}