{"id":6947,"date":"2025-07-19T14:59:49","date_gmt":"2025-07-19T14:59:49","guid":{"rendered":"https:\/\/vigorous-hertz.178-128-31-162.plesk.page\/?post_type=product&#038;p=6947"},"modified":"2025-07-19T15:00:03","modified_gmt":"2025-07-19T15:00:03","slug":"ds-2td2617b-6-pa","status":"publish","type":"product","link":"https:\/\/hemaxcomputers.lk\/index.php\/product\/ds-2td2617b-6-pa\/","title":{"rendered":"DS-2TD2617B-6\/PA"},"content":{"rendered":"<p>Specification<\/p>\n<p>Thermal Module<br \/>\nImage Sensor Vanadium Oxide Uncooled Focal Plane Arrays<br \/>\nMax. Resolution 160 \u00d7 120 (the resolution of output image is 320 \u00d7 240)<br \/>\nPixel Interval 17\u03bcm<br \/>\nResponse Waveband 8 \u03bcm to 14 \u03bcm<br \/>\nNETD (Noise Equivalent<br \/>\nTemperature Difference)<br \/>\n\u2264 40 mk (@25 \u00b0C, F# = 1.1)<br \/>\nLens (Focal Length) 6.2 mm<br \/>\nIFOV 2.74 mrad<br \/>\nField of View 25\u00b0 \u00d7 18.7\u00b0 (H \u00d7 V)<br \/>\nMin. Focusing Distance 0.6 m<br \/>\nAperture F 1.1<br \/>\nOptical Module<br \/>\nMax. Image Resolution 2688 \u00d7 1520<br \/>\nImage Sensor 1\/2.7&#8243; Progressive Scan CMOS<br \/>\nMin. Illumination Color: 0.0089 Lux @(F1.6, AGC ON), B\/W: 0.0018 Lux @(F1.6, AGC ON)<br \/>\nShutter Speed 1 s to 1\/100,000 s<br \/>\nLens (Focal Length) 8 mm<br \/>\nField of View 39.42\u00b0 \u00d7 22.14\u00b0 (H \u00d7 V)<br \/>\nWDR 120 dB<br \/>\nDay &amp; Night IR cut filter with auto switch<br \/>\nImage Function<br \/>\nBi-spectrum Image Fusion Fusion view of thermal view and overlaid details of the optical channel<br \/>\nPicture in Picture<br \/>\nCombines details of thermal and optical image PIP, overlay thermal image on optical<br \/>\nimage<br \/>\nSmart Function<br \/>\nTemperature Measurement<br \/>\n3 temperature measurement rule types, 21 rules in total (10 points, 10 areas, and 1<br \/>\nline).<br \/>\nTemperature Range 30\u00b0C to  45 \u00b0C<br \/>\nTemperature Accuracy \u00b10.5\u00b0C<br \/>\nInfrared<br \/>\nIR Distance Up to 40 m<br \/>\nIR Intensity and Angle Automatically adjusted<br \/>\nNetwork<br \/>\nMain Stream<br \/>\nVisible Light: 50Hz: 25fps (2688 \u00d7 1520), 25fps (1920 \u00d7 1080), 25fps (1280 \u00d7 720)<br \/>\nVisible Light: 60Hz: 30fps (2688 \u00d7 1520), 30fps (1920 \u00d7 1080), 30fps (1280 \u00d7 720)<br \/>\nThermal: 1280 \u00d7 720, 704 \u00d7 576, 640 \u00d7 480, 352 \u00d7 288, 320 \u00d7 240<\/p>\n<p>Sub-stream<br \/>\nVisible Light: 50Hz: 25fps (704 \u00d7 576), 25fps (352 \u00d7 288), 25fps (176 \u00d7 144)<br \/>\nVisible Light: 60Hz: 30fps (704 \u00d7 480), 30fps (352 \u00d7 240), 30fps (176 \u00d7 120)<br \/>\nThermal: 704 \u00d7 576, 352 \u00d7 288, 320 \u00d7 240<br \/>\nVideo Compression H.265\/H.264\/MJPEG<br \/>\nAudio Compression G.711u\/G.711a\/G.722.1\/MP2L2\/G.726\/PCM<br \/>\nProtocols<br \/>\nIPv4\/IPv6, HTTP, HTTPS, 802.1x, Qos, FTP, SMTP, UPnP, SNMP, DNS, DDNS, NTP, RTSP,<br \/>\nRTCP, RTP, TCP, UDP, IGMP, ICMP, DHCP, PPPoE<br \/>\nSimultaneous Live View Up to 20<br \/>\nUser\/Host Level Up to 32 users, 3 levels: Administrator, Operator, User<br \/>\nSecurity Measures<br \/>\nUser authentication (ID and PW), MAC address binding, HTTPS encryption, IEEE 802.1x<br \/>\naccess control, IP address filtering<br \/>\nIntegration<br \/>\nAlarm Input 2-ch inputs (0-5 VDC)<br \/>\nAlarm Output 2-ch relay outputs, alarm response actions configurable<br \/>\nAlarm Action<br \/>\nSD recording\/relay output\/smart capture\/FTP upload\/email linkage\/audio alarm\/white<br \/>\nlight alarm<br \/>\nAudio Input<br \/>\n1, 3.5 mm Mic in\/Line in interface. Line input: 2 to 2.4 V [p-p], output impedance: 1 K\u03a9<br \/>\n\u00b1 10%<br \/>\nAudio Output Linear level, impedance: 600 \u03a9<br \/>\nReset 1, Reset Button<br \/>\nCommunication Interface 1, RJ45 10M\/100M self-adaptive Ethernet interface. 1, RS-485 interface<br \/>\nSD Memory Card<br \/>\nBuilt-in micro SD card slot, support Micro SD\/SDHC\/SDXC card (up to 128 GB)<br \/>\nSupports manual\/alarm recording<br \/>\nAnalog Video Output 1.0 V [p-p]\/75 \u03a9, PAL\/NTSC<br \/>\nApplication Programming Open-ended API, support ISAPI, HIKVISION SDK and third-party management platform<br \/>\nClient iVMS-4200, Hik-Connect<br \/>\nWeb Browser IE9 , Chrome 31-44, Firefox 30-51, Safari 5.02 (mac)<br \/>\nGeneral<br \/>\nMenu language<br \/>\n32 languages<br \/>\nEnglish, Russian, Estonian, Bulgarian, Hungarian, Greek, German, Italian, Czech, Slovak,<br \/>\nFrench, Polish, Dutch, Portuguese, Spanish, Romanian, Danish, Swedish, Norwegian,<br \/>\nFinnish, Croatian, Slovenian, Serbian, Turkish, Korean, Traditional Chinese, Thai,<br \/>\nVietnamese, Japanese, Latvian, Lithuanian, Portuguese (Brazil)<br \/>\nPower<br \/>\n12 VDC \u00b1 20%, two-core terminal block<br \/>\nPoE (802.3af, class 3)<br \/>\nPower Consumption<br \/>\n12 VDC \u00b1 20%: 0.65 A, max. 7.5 W<br \/>\nPoE (802.3af, class 3): 42.5 V to 57 V, 0.14 A to 0.22 A, max. 8 W<br \/>\nWorking Temperature\/Humidity<br \/>\nTemperature: 10 \u00b0C to 35 \u00b0C\uff08Indoor and windless environment use only\uff09<br \/>\nHumidity: 95% or less<br \/>\nProtection Level<br \/>\nIP66 Standard<br \/>\nTVS 6000V lightning protection, surge protection, voltage transient protection<br \/>\nDimensions 358.3 mm \u00d7 113.5 mm \u00d7 115.2 mm (14.10&#8243; \u00d7 4.47&#8243; \u00d7 4.53&#8243;)<br \/>\nWeight Approx. 1.76 kg (3.88 lb)<\/p>\n","protected":false},"excerpt":{"rendered":"<h1 class=\"prod_name\">Temperature Screening Thermographic Bullet Camera<\/h1>\n<ul class=\"product_description_item-list\">\n<li class=\"product_description_item\">High sensitivity thermal module with 160 x 120 resolution<\/li>\n<li class=\"product_description_item\">NETD is less than 40 mk (@25\u00b0 C, F#=1.1)<\/li>\n<li class=\"product_description_item\">Leading thermal image processing technology: Adaptive AGC, DDE, 3D DNR<\/li>\n<li class=\"product_description_item\">Support temperature screening<\/li>\n<li class=\"product_description_item\">Support audio alarm<\/li>\n<\/ul>\n","protected":false},"featured_media":6977,"comment_status":"closed","ping_status":"closed","template":"","meta":{"_acf_changed":false},"product_brand":[364],"product_cat":[366,411,356],"product_tag":[],"class_list":{"0":"post-6947","1":"product","2":"type-product","3":"status-publish","4":"has-post-thumbnail","6":"product_brand-hikvision","7":"product_cat-access-control-ta","8":"product_cat-face-terminal","9":"product_cat-security-systems","11":"first","12":"instock","13":"shipping-taxable","14":"purchasable","15":"product-type-simple"},"acf":[],"_links":{"self":[{"href":"https:\/\/hemaxcomputers.lk\/index.php\/wp-json\/wp\/v2\/product\/6947","targetHints":{"allow":["GET"]}}],"collection":[{"href":"https:\/\/hemaxcomputers.lk\/index.php\/wp-json\/wp\/v2\/product"}],"about":[{"href":"https:\/\/hemaxcomputers.lk\/index.php\/wp-json\/wp\/v2\/types\/product"}],"replies":[{"embeddable":true,"href":"https:\/\/hemaxcomputers.lk\/index.php\/wp-json\/wp\/v2\/comments?post=6947"}],"wp:featuredmedia":[{"embeddable":true,"href":"https:\/\/hemaxcomputers.lk\/index.php\/wp-json\/wp\/v2\/media\/6977"}],"wp:attachment":[{"href":"https:\/\/hemaxcomputers.lk\/index.php\/wp-json\/wp\/v2\/media?parent=6947"}],"wp:term":[{"taxonomy":"product_brand","embeddable":true,"href":"https:\/\/hemaxcomputers.lk\/index.php\/wp-json\/wp\/v2\/product_brand?post=6947"},{"taxonomy":"product_cat","embeddable":true,"href":"https:\/\/hemaxcomputers.lk\/index.php\/wp-json\/wp\/v2\/product_cat?post=6947"},{"taxonomy":"product_tag","embeddable":true,"href":"https:\/\/hemaxcomputers.lk\/index.php\/wp-json\/wp\/v2\/product_tag?post=6947"}],"curies":[{"name":"wp","href":"https:\/\/api.w.org\/{rel}","templated":true}]}}