{"id":6948,"date":"2025-07-19T14:59:49","date_gmt":"2025-07-19T14:59:49","guid":{"rendered":"https:\/\/vigorous-hertz.178-128-31-162.plesk.page\/?post_type=product&#038;p=6948"},"modified":"2025-07-19T15:00:06","modified_gmt":"2025-07-19T15:00:06","slug":"ds-2tp21b-6avf-w","status":"publish","type":"product","link":"https:\/\/hemaxcomputers.lk\/index.php\/product\/ds-2tp21b-6avf-w\/","title":{"rendered":"DS-2TP21B-6AVF\/W"},"content":{"rendered":"<p>Specification<\/p>\n<p>Model<br \/>\nParameter<br \/>\nDS-2TP21B-6AVF\/W<br \/>\nThermographic Handheld Camera<br \/>\nThermal Module<br \/>\nImage sensor Uncooled Focal Plane Arrays<br \/>\nResolution 25Hz: 160 \u00d7 120<br \/>\nPixel Pitch 17\u03bcm<br \/>\nResponse waveband 8\u03bcm to 14\u03bcm<br \/>\nNETD &lt; 40 mk (@ 25 \u00b0C,F#=1.0)<br \/>\nField of View 25\u00b0 \u00d7 18.7\u00b0<br \/>\nFocal length 6.2 mm (Manual focus)<br \/>\nIFOV 2.74 mrad<br \/>\nAperture F 1.1<br \/>\nOptical Module<br \/>\nPicture Resolution Configurable: 2 MP, 5 MP, 8 MP<br \/>\nVideo Resolution 640 \u00d7 480<br \/>\nImage Display<br \/>\nMonitor 640 \u00d7 480 resolution 3.5\u2019\u2019 LCD touch display<br \/>\nPalettes Black hot, White hot, Red hot, Rainbow, Ironbow,<br \/>\nFusion, Rain<br \/>\nDigital Zoom Thermal\uff1a1\u00d7, 2\u00d7, 4\u00d7<br \/>\nThermal \/ Optical Thermal\/Optical\/Fusion image\/Picture in picture<br \/>\nPicture in Picture Support Thermal View in Optical View<br \/>\nFusion Support (Thermal View and Optical View Combined)<br \/>\nRecord Video Support on-board video recording<br \/>\nThermography<br \/>\nRules Max. Temperature; Min. Temperature; Center<br \/>\nTemperature; Custom Point\/Line\/Area Thermography<br \/>\nRange 30\u00b0C to 45\u00b0C<br \/>\nAccuracy \u00b10.5\u00b0C<br \/>\nBattery<br \/>\nBattery Type Dismountable and rechargeable Li-ion Battery<br \/>\nBattery Operating Time<br \/>\n5 hours in normal temperature, with Wi-Fi, Bluetooth,<br \/>\nand supplement light off.<br \/>\n4 hours in normal temperature, with Wi-Fi, Bluetooth,<br \/>\nand supplement light on.<br \/>\nStorage Built-in memory module (16 G)<br \/>\nPhoto Thermal\/Optical\/Fusion image<br \/>\nVideo Thermal\/Optical\/Fusion image<br \/>\nWi-Fi Support<br \/>\nText Comment Support<br \/>\nVoice Comment Support<br \/>\nLanguage English<br \/>\nGeneral<br \/>\nPower 5 VDC\/2 A<br \/>\nPower Consumption Max. 4.5 W<br \/>\nHardware Interface Type-C Interface<br \/>\nWorking Temperature 15\u00b0C to 35 \u00b0C<br \/>\nProtection level IP54<br \/>\nDrop Test Height 2 m (6.56 feet)<br \/>\nDimension 244 mm \u00d7 100 mm \u00d7 104 mm (9.6 \u2033 \u00d7 3.9 \u2033 \u00d7 4.1 \u2033)<br \/>\nWeight With Battery: 653 g (1.44 lb)<br \/>\nWithout Battery: 511 g (1.13 lb)<\/p>\n","protected":false},"excerpt":{"rendered":"<h1 class=\"prod_name\">Temperature Screening Thermographic Handheld Camera<\/h1>\n<ul class=\"product_description_item-list\">\n<li class=\"product_description_item\">160 \u00d7 120 resolution (thermal), and 8 MP resolution (optical)<\/li>\n<li class=\"product_description_item\">DDE,3D DNR, and adaptive AGC<\/li>\n<li class=\"product_description_item\">640 \u00d7 480 resolution 3.5\u201d LCD touch display<\/li>\n<li class=\"product_description_item\">Up to five hours continuous running<\/li>\n<li class=\"product_description_item\">Temperature measurement range: 30\u00b0C to 45\u00b0C<\/li>\n<li class=\"product_description_item\">Temperature measurement accuracy: \u00b10.5\u00b0C<\/li>\n<\/ul>\n","protected":false},"featured_media":6978,"comment_status":"closed","ping_status":"closed","template":"","meta":{"_acf_changed":false},"product_brand":[364],"product_cat":[401,356,412],"product_tag":[],"class_list":{"0":"post-6948","1":"product","2":"type-product","3":"status-publish","4":"has-post-thumbnail","6":"product_brand-hikvision","7":"product_cat-alarm-system","8":"product_cat-security-systems","9":"product_cat-thermometer","11":"first","12":"instock","13":"shipping-taxable","14":"purchasable","15":"product-type-simple"},"acf":[],"_links":{"self":[{"href":"https:\/\/hemaxcomputers.lk\/index.php\/wp-json\/wp\/v2\/product\/6948","targetHints":{"allow":["GET"]}}],"collection":[{"href":"https:\/\/hemaxcomputers.lk\/index.php\/wp-json\/wp\/v2\/product"}],"about":[{"href":"https:\/\/hemaxcomputers.lk\/index.php\/wp-json\/wp\/v2\/types\/product"}],"replies":[{"embeddable":true,"href":"https:\/\/hemaxcomputers.lk\/index.php\/wp-json\/wp\/v2\/comments?post=6948"}],"wp:featuredmedia":[{"embeddable":true,"href":"https:\/\/hemaxcomputers.lk\/index.php\/wp-json\/wp\/v2\/media\/6978"}],"wp:attachment":[{"href":"https:\/\/hemaxcomputers.lk\/index.php\/wp-json\/wp\/v2\/media?parent=6948"}],"wp:term":[{"taxonomy":"product_brand","embeddable":true,"href":"https:\/\/hemaxcomputers.lk\/index.php\/wp-json\/wp\/v2\/product_brand?post=6948"},{"taxonomy":"product_cat","embeddable":true,"href":"https:\/\/hemaxcomputers.lk\/index.php\/wp-json\/wp\/v2\/product_cat?post=6948"},{"taxonomy":"product_tag","embeddable":true,"href":"https:\/\/hemaxcomputers.lk\/index.php\/wp-json\/wp\/v2\/product_tag?post=6948"}],"curies":[{"name":"wp","href":"https:\/\/api.w.org\/{rel}","templated":true}]}}