{"id":7412,"date":"2025-07-19T15:05:58","date_gmt":"2025-07-19T15:05:58","guid":{"rendered":"https:\/\/vigorous-hertz.178-128-31-162.plesk.page\/?post_type=product&#038;p=7412"},"modified":"2025-07-19T15:06:27","modified_gmt":"2025-07-19T15:06:27","slug":"ds-2cd1043go-i","status":"publish","type":"product","link":"https:\/\/hemaxcomputers.lk\/index.php\/product\/ds-2cd1043go-i\/","title":{"rendered":"DS-2CD1043GO-I"},"content":{"rendered":"<div class=\"tech-specs-items-description-wrap\">\n<ul class=\"tech-specs-items-description\" data-target=\"Camera \">\n<li class=\"tech-specs-items-description-list\"><span class=\"tech-specs-items-description__title--heading\">Camera <\/span><\/li>\n<li class=\"tech-specs-items-description-list\"><span class=\"tech-specs-items-description__title\">Image Sensor<\/span><span class=\"tech-specs-items-description__title-details\">1\/3&#8243; progressive scan CMOS<\/span><\/li>\n<li class=\"tech-specs-items-description-list\"><span class=\"tech-specs-items-description__title\">Max. Resolution<\/span><span class=\"tech-specs-items-description__title-details\">2560 \u00d7 1440<\/span><\/li>\n<li class=\"tech-specs-items-description-list\"><span class=\"tech-specs-items-description__title\">Min. Illumination<\/span><span class=\"tech-specs-items-description__title-details\">Color: 0.01 Lux @ (F2.0, AGC ON), B\/W: 0 Lux with IR<\/span><\/li>\n<li class=\"tech-specs-items-description-list\"><span class=\"tech-specs-items-description__title\">Shutter Time<\/span><span class=\"tech-specs-items-description__title-details\">1\/3 s to 1\/100,000 s<\/span><\/li>\n<li class=\"tech-specs-items-description-list\"><span class=\"tech-specs-items-description__title\">Day &amp; Night<\/span><span class=\"tech-specs-items-description__title-details\">IR cut filter<\/span><\/li>\n<li class=\"tech-specs-items-description-list\"><span class=\"tech-specs-items-description__title\">Angle Adjustment<\/span><span class=\"tech-specs-items-description__title-details\">Pan: 0\u00b0 to 360\u00b0, tilt: 0\u00b0 to 180\u00b0, rotate: 0\u00b0 to 360\u00b0<\/span><\/li>\n<\/ul>\n<ul class=\"tech-specs-items-description\" data-target=\"Lens\">\n<li class=\"tech-specs-items-description-list\"><span class=\"tech-specs-items-description__title--heading\">Lens<\/span><\/li>\n<li class=\"tech-specs-items-description-list\"><span class=\"tech-specs-items-description__title\">Lens Type<\/span><span class=\"tech-specs-items-description__title-details\">Fixed focal length, 2.8 and 4 mm optional<\/span><\/li>\n<li class=\"tech-specs-items-description-list\"><span class=\"tech-specs-items-description__title\">Focal Length &amp; FOV<\/span>\n<p class=\"mb-p\">2.8 mm, horizontal FOV 98.0\u00b0, vertical FOV 53.1\u00b0, diagonal FOV 114.7\u00b0<\/p>\n<p class=\"mb-p\">4 mm, horizontal FOV 78.7\u00b0, vertical FOV 43.1\u00b0, diagonal FOV 92.3\u00b0<\/p>\n<\/li>\n<li class=\"tech-specs-items-description-list\"><span class=\"tech-specs-items-description__title\">Lens Mount<\/span><span class=\"tech-specs-items-description__title-details\">M12<\/span><\/li>\n<li class=\"tech-specs-items-description-list\"><span class=\"tech-specs-items-description__title\">Iris Type<\/span><span class=\"tech-specs-items-description__title-details\">Fixed<\/span><\/li>\n<li class=\"tech-specs-items-description-list\"><span class=\"tech-specs-items-description__title\">Aperture<\/span><span class=\"tech-specs-items-description__title-details\">F2.0<\/span><\/li>\n<\/ul>\n<ul class=\"tech-specs-items-description\" data-target=\"Illuminator\">\n<li class=\"tech-specs-items-description-list\"><span class=\"tech-specs-items-description__title--heading\">Illuminator<\/span><\/li>\n<li class=\"tech-specs-items-description-list\"><span class=\"tech-specs-items-description__title\">Supplement Light Type<\/span><span class=\"tech-specs-items-description__title-details\">IR<\/span><\/li>\n<li class=\"tech-specs-items-description-list\"><span class=\"tech-specs-items-description__title\">Supplement Light Range<\/span><span class=\"tech-specs-items-description__title-details\">Up to 30 m<\/span><\/li>\n<li class=\"tech-specs-items-description-list\"><span class=\"tech-specs-items-description__title\">Smart Supplement Light<\/span><span class=\"tech-specs-items-description__title-details\">Yes<\/span><\/li>\n<li class=\"tech-specs-items-description-list\"><span class=\"tech-specs-items-description__title\">IR Wavelength<\/span><span class=\"tech-specs-items-description__title-details\">850 nm<\/span><\/li>\n<\/ul>\n<ul class=\"tech-specs-items-description\" data-target=\"Video\">\n<li class=\"tech-specs-items-description-list\"><span class=\"tech-specs-items-description__title--heading\">Video<\/span><\/li>\n<li class=\"tech-specs-items-description-list\"><span class=\"tech-specs-items-description__title\">Main Stream<\/span>\n<p class=\"mb-p\">50 Hz:<\/p>\n<p class=\"mb-p\">20 fps (2560 \u00d7 1440)<\/p>\n<p class=\"mb-p\">25 fps (1920 \u00d7 1080, 1280 \u00d7 720)<\/p>\n<p class=\"mb-p\">60 Hz:<\/p>\n<p class=\"mb-p\">20 fps (2560 \u00d7 1440)<\/p>\n<p class=\"mb-p\">30 fps (1920 \u00d7 1080, 1280 \u00d7 720)<\/p>\n<\/li>\n<li class=\"tech-specs-items-description-list\"><span class=\"tech-specs-items-description__title\">Sub-Stream<\/span>\n<p class=\"mb-p\">50 Hz: 25 fps (640 \u00d7 480, 640 \u00d7 360)<\/p>\n<p class=\"mb-p\">60 Hz: 30 fps (640 \u00d7 480, 640 \u00d7 360)<\/p>\n<\/li>\n<li class=\"tech-specs-items-description-list\"><span class=\"tech-specs-items-description__title\">Video Compression <\/span>\n<p class=\"mb-p\">Main stream: H.265\/H.264\/H.264 \/H.265<\/p>\n<p class=\"mb-p\">Sub-stream: H.265\/H.264\/MJPEG<\/p>\n<\/li>\n<li class=\"tech-specs-items-description-list\"><span class=\"tech-specs-items-description__title\">Video Bit Rate<\/span><span class=\"tech-specs-items-description__title-details\">32 Kbps to 8 Mbps<\/span><\/li>\n<li class=\"tech-specs-items-description-list\"><span class=\"tech-specs-items-description__title\">H.264 Type<\/span><span class=\"tech-specs-items-description__title-details\">Baseline Profile\/Main Profile\/High Profile<\/span><\/li>\n<li class=\"tech-specs-items-description-list\"><span class=\"tech-specs-items-description__title\">H.265 Type<\/span><span class=\"tech-specs-items-description__title-details\">Main Profile<\/span><\/li>\n<li class=\"tech-specs-items-description-list\"><span class=\"tech-specs-items-description__title\">Region of Interest (ROI)<\/span><span class=\"tech-specs-items-description__title-details\">1 fixed region for main stream<\/span><\/li>\n<\/ul>\n<ul class=\"tech-specs-items-description\" data-target=\"Audio\">\n<li class=\"tech-specs-items-description-list\"><span class=\"tech-specs-items-description__title--heading\">Audio<\/span><\/li>\n<li class=\"tech-specs-items-description-list\"><span class=\"tech-specs-items-description__title\">Audio Compression <\/span><span class=\"tech-specs-items-description__title-details\">-UF: G.711ulaw\/G.711alaw\/G.722.1\/G.726\/MP2L2\/PCM\/AAC<\/span><\/li>\n<li class=\"tech-specs-items-description-list\"><span class=\"tech-specs-items-description__title\">Audio Bit Rate<\/span><span class=\"tech-specs-items-description__title-details\">-UF: 64 Kbps (G.711)\/16 Kbps (G.722.1)\/16 Kbps (G.726)\/32 to 160 Kbps (MP2L2)\/16 to 64 Kbps (AAC)<\/span><\/li>\n<li class=\"tech-specs-items-description-list\"><span class=\"tech-specs-items-description__title\">Audio Sampling Rate<\/span><span class=\"tech-specs-items-description__title-details\">-UF: 8 kHz\/16 kHz<\/span><\/li>\n<li class=\"tech-specs-items-description-list\"><span class=\"tech-specs-items-description__title\">Environment Noise Filtering<\/span><span class=\"tech-specs-items-description__title-details\">-UF: Yes<\/span><\/li>\n<\/ul>\n<ul class=\"tech-specs-items-description\" data-target=\"Network\">\n<li class=\"tech-specs-items-description-list\"><span class=\"tech-specs-items-description__title--heading\">Network<\/span><\/li>\n<li class=\"tech-specs-items-description-list\"><span class=\"tech-specs-items-description__title\">Protocols<\/span><span class=\"tech-specs-items-description__title-details\">TCP\/IP, ICMP, HTTP, HTTPS, FTP, DHCP, DNS, DDNS, RTP, RTSP, RTCP, NTP, UPnP\u2122, SMTP, IGMP, 802.1X, QoS, IPv6, Bonjour, IPv4, UDP, SSL\/TLS<\/span><\/li>\n<li class=\"tech-specs-items-description-list\"><span class=\"tech-specs-items-description__title\">Simultaneous Live View<\/span><span class=\"tech-specs-items-description__title-details\">Up to 6 channels<\/span><\/li>\n<li class=\"tech-specs-items-description-list\"><span class=\"tech-specs-items-description__title\">API<\/span><span class=\"tech-specs-items-description__title-details\">Open Network Video Interface, ISAPI<\/span><\/li>\n<li class=\"tech-specs-items-description-list\"><span class=\"tech-specs-items-description__title\">User\/Host<\/span><span class=\"tech-specs-items-description__title-details\">Up to 32 users. 3 levels: administrator, operator and user<\/span><\/li>\n<li class=\"tech-specs-items-description-list\"><span class=\"tech-specs-items-description__title\">Client<\/span><span class=\"tech-specs-items-description__title-details\">iVMS-4200, Hik-Connect<\/span><\/li>\n<li class=\"tech-specs-items-description-list\"><span class=\"tech-specs-items-description__title\">Web Browser<\/span>\n<p class=\"mb-p\">Plug-in required live view: IE 10<\/p>\n<p class=\"mb-p\">Plug-in free live view: Chrome 57.0 , Firefox 52.0<\/p>\n<p class=\"mb-p\">Local service: Chrome 57.0 , Firefox 52.0<\/p>\n<\/li>\n<\/ul>\n<ul class=\"tech-specs-items-description\" data-target=\"Image\">\n<li class=\"tech-specs-items-description-list\"><span class=\"tech-specs-items-description__title--heading\">Image<\/span><\/li>\n<li class=\"tech-specs-items-description-list\"><span class=\"tech-specs-items-description__title\">Image Settings<\/span><span class=\"tech-specs-items-description__title-details\">Saturation, brightness, contrast, sharpness, AGC, white balance adjustable by client software or web browser<\/span><\/li>\n<li class=\"tech-specs-items-description-list\"><span class=\"tech-specs-items-description__title\">Day\/Night Switch<\/span><span class=\"tech-specs-items-description__title-details\">Auto, Schedule, Day, Night<\/span><\/li>\n<li class=\"tech-specs-items-description-list\"><span class=\"tech-specs-items-description__title\">Wide Dynamic Range (WDR)<\/span><span class=\"tech-specs-items-description__title-details\">120 dB<\/span><\/li>\n<li class=\"tech-specs-items-description-list\"><span class=\"tech-specs-items-description__title\">Image Enhancement<\/span><span class=\"tech-specs-items-description__title-details\">BLC, 3D DNR<\/span><\/li>\n<\/ul>\n<ul class=\"tech-specs-items-description\" data-target=\"Interface\">\n<li class=\"tech-specs-items-description-list\"><span class=\"tech-specs-items-description__title--heading\">Interface<\/span><\/li>\n<li class=\"tech-specs-items-description-list\"><span class=\"tech-specs-items-description__title\">Ethernet Interface<\/span><span class=\"tech-specs-items-description__title-details\">1 RJ45 10 M\/100 M self-adaptive Ethernet port<\/span><\/li>\n<li class=\"tech-specs-items-description-list\"><span class=\"tech-specs-items-description__title\">On-Board Storage<\/span><span class=\"tech-specs-items-description__title-details\">-UF: Built-in memory card slot, support microSD card, up to 256 GB<\/span><\/li>\n<li class=\"tech-specs-items-description-list\"><span class=\"tech-specs-items-description__title\">Built-in Microphone<\/span><span class=\"tech-specs-items-description__title-details\">-UF: Yes<\/span><\/li>\n<li class=\"tech-specs-items-description-list\"><span class=\"tech-specs-items-description__title\">Reset Key<\/span><span class=\"tech-specs-items-description__title-details\">-UF: Yes<\/span><\/li>\n<\/ul>\n<ul class=\"tech-specs-items-description\" data-target=\"Event\">\n<li class=\"tech-specs-items-description-list\"><span class=\"tech-specs-items-description__title--heading\">Event<\/span><\/li>\n<li class=\"tech-specs-items-description-list\"><span class=\"tech-specs-items-description__title\">Basic Event <\/span><span class=\"tech-specs-items-description__title-details\">Motion detection, video tampering, exception<\/span><\/li>\n<li class=\"tech-specs-items-description-list\"><span class=\"tech-specs-items-description__title\">Linkage<\/span>\n<p class=\"mb-p\">Upload to FTP, notify surveillance center, send email<\/p>\n<p class=\"mb-p\">-UF also supports: upload to memory card, trigger recording, trigger capture<\/p>\n<\/li>\n<\/ul>\n<ul class=\"tech-specs-items-description\" data-target=\"General\">\n<li class=\"tech-specs-items-description-list\"><span class=\"tech-specs-items-description__title--heading\">General<\/span><\/li>\n<li class=\"tech-specs-items-description-list\"><span class=\"tech-specs-items-description__title\">Power<\/span>\n<p class=\"mb-p\">12 VDC \u00b1 25%, 0.4 A, max. 5 W, \u00d85.5 mm coaxial power plug<\/p>\n<p class=\"mb-p\">PoE: 802.3af, Class 3, 36 V to 57 V, 0.2 A to 0.15 A, max. 6.5 W<\/p>\n<\/li>\n<li class=\"tech-specs-items-description-list\"><span class=\"tech-specs-items-description__title\">Dimension<\/span><span class=\"tech-specs-items-description__title-details\">177.6 mm \u00d7 66.2 mm \u00d7 67.8 mm (7.0&#8243; \u00d7 2.6&#8243; \u00d7 2.7&#8243;)<\/span><\/li>\n<li class=\"tech-specs-items-description-list\"><span class=\"tech-specs-items-description__title\">Package Dimension<\/span><span class=\"tech-specs-items-description__title-details\">216 mm \u00d7 121 mm \u00d7 118 mm (8.5&#8243; \u00d7 4.8&#8243; \u00d7 4.6&#8243;)<\/span><\/li>\n<li class=\"tech-specs-items-description-list\"><span class=\"tech-specs-items-description__title-details\">Approx. 270 g (0.6 lb.)<\/span><\/li>\n<li class=\"tech-specs-items-description-list\"><span class=\"tech-specs-items-description__title\">With Package Weight<\/span><span class=\"tech-specs-items-description__title-details\">Approx. 490 g (1.1 lb.)<\/span><\/li>\n<li class=\"tech-specs-items-description-list\"><span class=\"tech-specs-items-description__title\">Storage Conditions<\/span><span class=\"tech-specs-items-description__title-details\">-30 \u00b0C to 60 \u00b0C (-22 \u00b0F to 140 \u00b0F). Humidity 95% or less (non-condensing)<\/span><\/li>\n<li class=\"tech-specs-items-description-list\"><span class=\"tech-specs-items-description__title\">Startup and Operating Conditions<\/span><span class=\"tech-specs-items-description__title-details\">-30 \u00b0C to 60 \u00b0C (-22 \u00b0F to 140 \u00b0F). Humidity 95% or less (non-condensing)<\/span><\/li>\n<li class=\"tech-specs-items-description-list\"><span class=\"tech-specs-items-description__title\">General Function<\/span><span class=\"tech-specs-items-description__title-details\">Anti-flicker, heartbeat, mirror, password protection, privacy mask, watermark, IP address filter<\/span><\/li>\n<\/ul>\n<ul class=\"tech-specs-items-description\" data-target=\"Approval\">\n<li class=\"tech-specs-items-description-list\"><span class=\"tech-specs-items-description__title--heading\">Approval<\/span><\/li>\n<li class=\"tech-specs-items-description-list\"><span class=\"tech-specs-items-description__title\">EMC<\/span><span class=\"tech-specs-items-description__title-details\">FCC SDoC (47 CFR Part 15, Subpart B); CE-EMC (EN 55032: 2015, EN 61000-3-2: 2014, EN 61000-3-3: 2013, EN 50130-4: 2011 A1: 2014); RCM (AS\/NZS CISPR 32: 2015); IC VoC (ICES-003: Issue 6, 2016); KC (KN 32: 2015, KN 35: 2015)<\/span><\/li>\n<li class=\"tech-specs-items-description-list\"><span class=\"tech-specs-items-description__title\">Safety<\/span><span class=\"tech-specs-items-description__title-details\">UL (UL 60950-1); CB (IEC 60950-1:2005 Am 1:2009 Am 2:2013, IEC 62368-1:2014); CE-LVD (EN 60950-1:2005 Am 1:2009 Am 2:2013, IEC 62368-1:2014); BIS (IS 13252(Part 1):2010 A1:2013 A2:2015)<\/span><\/li>\n<li class=\"tech-specs-items-description-list\"><span class=\"tech-specs-items-description__title\">Environment<\/span><span class=\"tech-specs-items-description__title-details\">CE-RoHS (2011\/65\/EU); WEEE (2012\/19\/EU); Reach (Regulation (EC) No 1907\/2006)<\/span><\/li>\n<li class=\"tech-specs-items-description-list\"><span class=\"tech-specs-items-description__title\">Protection<\/span><span class=\"tech-specs-items-description__title-details\">IP67 (IEC 60529-2013)<\/span><\/li>\n<\/ul>\n<\/div>\n","protected":false},"excerpt":{"rendered":"<h2 class=\"prod_name\"><span class=\"prod_name-content\">4MP Fixed Bullet Network Camera<\/span><\/h2>\n<ul class=\"product_description_item-list\">\n<li class=\" product_description_item\">High quality imaging with 4 MP resolution<\/li>\n<li class=\" product_description_item\">Efficient H.265 compression technology<\/li>\n<li class=\" product_description_item\">Clear imaging even with strong back lighting due to 120 dB WDR<\/li>\n<li class=\" product_description_item\">Water and dust resistant (IP67)<\/li>\n<li class=\" product_description_item\">EXIR 2.0: advanced infrared technology with long IR range<\/li>\n<li class=\" product_description_item\">-UF: Built-in microphone for real-time audio security<\/li>\n<\/ul>\n","protected":false},"featured_media":7446,"comment_status":"closed","ping_status":"closed","template":"","meta":{"_acf_changed":false},"product_brand":[364],"product_cat":[380,357,379,356],"product_tag":[381],"class_list":{"0":"post-7412","1":"product","2":"type-product","3":"status-publish","4":"has-post-thumbnail","6":"product_brand-hikvision","7":"product_cat-1-line-ip-camera","8":"product_cat-cctv","9":"product_cat-ip-camera","10":"product_cat-security-systems","11":"product_tag-camera","13":"first","14":"instock","15":"shipping-taxable","16":"purchasable","17":"product-type-simple"},"acf":[],"_links":{"self":[{"href":"https:\/\/hemaxcomputers.lk\/index.php\/wp-json\/wp\/v2\/product\/7412","targetHints":{"allow":["GET"]}}],"collection":[{"href":"https:\/\/hemaxcomputers.lk\/index.php\/wp-json\/wp\/v2\/product"}],"about":[{"href":"https:\/\/hemaxcomputers.lk\/index.php\/wp-json\/wp\/v2\/types\/product"}],"replies":[{"embeddable":true,"href":"https:\/\/hemaxcomputers.lk\/index.php\/wp-json\/wp\/v2\/comments?post=7412"}],"wp:featuredmedia":[{"embeddable":true,"href":"https:\/\/hemaxcomputers.lk\/index.php\/wp-json\/wp\/v2\/media\/7446"}],"wp:attachment":[{"href":"https:\/\/hemaxcomputers.lk\/index.php\/wp-json\/wp\/v2\/media?parent=7412"}],"wp:term":[{"taxonomy":"product_brand","embeddable":true,"href":"https:\/\/hemaxcomputers.lk\/index.php\/wp-json\/wp\/v2\/product_brand?post=7412"},{"taxonomy":"product_cat","embeddable":true,"href":"https:\/\/hemaxcomputers.lk\/index.php\/wp-json\/wp\/v2\/product_cat?post=7412"},{"taxonomy":"product_tag","embeddable":true,"href":"https:\/\/hemaxcomputers.lk\/index.php\/wp-json\/wp\/v2\/product_tag?post=7412"}],"curies":[{"name":"wp","href":"https:\/\/api.w.org\/{rel}","templated":true}]}}