{"id":7515,"date":"2025-07-19T15:07:53","date_gmt":"2025-07-19T15:07:53","guid":{"rendered":"https:\/\/vigorous-hertz.178-128-31-162.plesk.page\/?post_type=product&#038;p=7515"},"modified":"2025-07-19T15:08:25","modified_gmt":"2025-07-19T15:08:25","slug":"ds-7116hghi-k1","status":"publish","type":"product","link":"https:\/\/hemaxcomputers.lk\/index.php\/product\/ds-7116hghi-k1\/","title":{"rendered":"DS-7116HGHI-K1"},"content":{"rendered":"<div class=\"tech-specs-items-description-wrap\">\n<ul class=\"tech-specs-items-description\" data-target=\"Motion Detection 2.0\">\n<li class=\"tech-specs-items-description-list\"><span class=\"tech-specs-items-description__title--heading\">Motion Detection 2.0<\/span><\/li>\n<li class=\"tech-specs-items-description-list\"><span class=\"tech-specs-items-description__title\">Human\/Vehicle Analysis<\/span>\n<p class=\"mb-p\">Deep learning-based motion detection 2.0 is enabled by default for all analog channels, it can classify human and vehicle, and extremely reduce false alarms caused by objects like leaves and lights;<\/p>\n<p class=\"mb-p\">Quick search by object or event type is supported;<\/p>\n<\/li>\n<\/ul>\n<ul class=\"tech-specs-items-description\" data-target=\"Recording\">\n<li class=\"tech-specs-items-description-list\"><span class=\"tech-specs-items-description__title--heading\">Recording<\/span><\/li>\n<li class=\"tech-specs-items-description-list\"><span class=\"tech-specs-items-description__title\">Video Compression<\/span><span class=\"tech-specs-items-description__title-details\">H.265 Pro+\/H.265 Pro\/H.265\/H.264+\/H.264<\/span><\/li>\n<li class=\"tech-specs-items-description-list\"><span class=\"tech-specs-items-description__title\">Encoding Resolution<\/span>\n<p class=\"mb-p\">For 1080p stream access: 1080p Lite\/720p Lite\/WD1\/4CIF\/VGA\/CIF<\/p>\n<p class=\"mb-p\">For 720p stream access: 720p\/WD1\/4CIF\/VGA\/CIF<\/p>\n<p class=\"mb-p\">For standard definition stream access: WD1\/4CIF\/VGA\/CIF<\/p>\n<\/li>\n<li class=\"tech-specs-items-description-list\"><span class=\"tech-specs-items-description__title\">Frame Rate<\/span>\n<p class=\"mb-p\">Main stream:<\/p>\n<p class=\"mb-p\">For 1080p stream access: 1080p Lite\/720p Lite\/WD1\/4CIF\/VGA\/CIF@15 fps<\/p>\n<p class=\"mb-p\">For 720p stream access: 720p\/WD1\/4CIF\/VGA\/CIF@15 fps<\/p>\n<p class=\"mb-p\">For SD stream access: WD1\/4CIF\/VGA\/CIF@25 fps (P)\/30 fps (N)<\/p>\n<p class=\"mb-p\">Sub-stream:<\/p>\n<p class=\"mb-p\">For 1080p and 720p stream access CIF\/QVGA@15 fps<\/p>\n<p class=\"mb-p\">For SD stream access: CIF\/QVGA@25 fps (P)\/30 fps (N)<\/p>\n<\/li>\n<li class=\"tech-specs-items-description-list\"><span class=\"tech-specs-items-description__title\">Video Bitrate<\/span><span class=\"tech-specs-items-description__title-details\">32 Kbps to 4 Mbps<\/span><\/li>\n<li class=\"tech-specs-items-description-list\"><span class=\"tech-specs-items-description__title\">Dual-stream<\/span><span class=\"tech-specs-items-description__title-details\">Support<\/span><\/li>\n<li class=\"tech-specs-items-description-list\"><span class=\"tech-specs-items-description__title\">Stream Type<\/span><span class=\"tech-specs-items-description__title-details\">Video, Video &amp; Audio<\/span><\/li>\n<li class=\"tech-specs-items-description-list\"><span class=\"tech-specs-items-description__title\">Audio Compression<\/span><span class=\"tech-specs-items-description__title-details\">G.711u<\/span><\/li>\n<li class=\"tech-specs-items-description-list\"><span class=\"tech-specs-items-description__title\">Audio Bitrate<\/span><span class=\"tech-specs-items-description__title-details\">64 Kbps<\/span><\/li>\n<\/ul>\n<ul class=\"tech-specs-items-description\" data-target=\"Video and Audio\">\n<li class=\"tech-specs-items-description-list\"><span class=\"tech-specs-items-description__title--heading\">Video and Audio<\/span><\/li>\n<li class=\"tech-specs-items-description-list\"><span class=\"tech-specs-items-description__title\">IP Video Input<\/span>\n<p class=\"mb-p\">2-ch (up to 18-ch)<\/p>\n<p class=\"mb-p\">Up to 5 MP resolution<\/p>\n<p class=\"mb-p\">Support H.265+\/H.265\/H.264+\/H.264 IP cameras<\/p>\n<\/li>\n<li class=\"tech-specs-items-description-list\"><span class=\"tech-specs-items-description__title\">Analog Video Input<\/span>\n<p class=\"mb-p\">16-ch<\/p>\n<p class=\"mb-p\">BNC interface (1.0 Vp-p, 75 \u03a9), supporting coaxitron connection<\/p>\n<\/li>\n<li class=\"tech-specs-items-description-list\"><span class=\"tech-specs-items-description__title\">HDTVI Input<\/span><span class=\"tech-specs-items-description__title-details\">1080p25, 1080p30, 720p25, 720p30<\/span><\/li>\n<li class=\"tech-specs-items-description-list\"><span class=\"tech-specs-items-description__title\">AHD Input<\/span><span class=\"tech-specs-items-description__title-details\">1080p25, 1080p30, 720p25, 720p30<\/span><\/li>\n<li class=\"tech-specs-items-description-list\"><span class=\"tech-specs-items-description__title\">HDCVI Input<\/span><span class=\"tech-specs-items-description__title-details\">1080p25, 1080p30, 720p25, 720p30<\/span><\/li>\n<li class=\"tech-specs-items-description-list\"><span class=\"tech-specs-items-description__title\">CVBS Input<\/span><span class=\"tech-specs-items-description__title-details\">PAL\/NTSC<\/span><\/li>\n<li class=\"tech-specs-items-description-list\"><span class=\"tech-specs-items-description__title\">HDMI Output<\/span><span class=\"tech-specs-items-description__title-details\">1-ch, 1920 \u00d7 1080\/60Hz, 1280 \u00d7 1024\/60Hz, 1280 \u00d7 720\/60Hz<\/span><\/li>\n<li class=\"tech-specs-items-description-list\"><span class=\"tech-specs-items-description__title\">VGA Output<\/span><span class=\"tech-specs-items-description__title-details\">1-ch, 1920 \u00d7 1080\/60Hz, 1280 \u00d7 1024\/60Hz, 1280 \u00d7 720\/60Hz<\/span><\/li>\n<li class=\"tech-specs-items-description-list\"><span class=\"tech-specs-items-description__title\">Video Output Mode<\/span><span class=\"tech-specs-items-description__title-details\">HDMI\/VGA simultaneous output<\/span><\/li>\n<li class=\"tech-specs-items-description-list\"><span class=\"tech-specs-items-description__title\">Audio Input<\/span><span class=\"tech-specs-items-description__title-details\">1-ch RCA (2.0 Vp-p, 1 K\u03a9), and 16-ch via coaxial cable<\/span><\/li>\n<li class=\"tech-specs-items-description-list\"><span class=\"tech-specs-items-description__title\">Audio Output<\/span><span class=\"tech-specs-items-description__title-details\">1-ch, RCA (Linear, 1 K\u03a9)<\/span><\/li>\n<li class=\"tech-specs-items-description-list\"><span class=\"tech-specs-items-description__title\">Two-Way Audio<\/span><span class=\"tech-specs-items-description__title-details\">1-ch, RCA (2.0 Vp-p, 1 K\u03a9) (using the first audio input)<\/span><\/li>\n<li class=\"tech-specs-items-description-list\"><span class=\"tech-specs-items-description__title\">Synchronous Playback<\/span><span class=\"tech-specs-items-description__title-details\">16-ch<\/span><\/li>\n<\/ul>\n<ul class=\"tech-specs-items-description\" data-target=\"Network\">\n<li class=\"tech-specs-items-description-list\"><span class=\"tech-specs-items-description__title--heading\">Network<\/span><\/li>\n<li class=\"tech-specs-items-description-list\"><span class=\"tech-specs-items-description__title\">Total Bandwidth<\/span><span class=\"tech-specs-items-description__title-details\">96 Mbps<\/span><\/li>\n<li class=\"tech-specs-items-description-list\"><span class=\"tech-specs-items-description__title\">Remote Connection<\/span><span class=\"tech-specs-items-description__title-details\">128<\/span><\/li>\n<li class=\"tech-specs-items-description-list\"><span class=\"tech-specs-items-description__title\">Network Protocol<\/span><span class=\"tech-specs-items-description__title-details\">TCP\/IP, PPPoE, DHCP, Hik-Connect, DNS, DDNS, NTP, SADP, NFS, iSCSI, UPnP\u2122, HTTPS, ONVIF<\/span><\/li>\n<li class=\"tech-specs-items-description-list\"><span class=\"tech-specs-items-description__title\">Network Interface<\/span><span class=\"tech-specs-items-description__title-details\">1, RJ45 10M\/100M self-adaptive Ethernet interface<\/span><\/li>\n<\/ul>\n<ul class=\"tech-specs-items-description\" data-target=\"Auxiliary Interface\">\n<li class=\"tech-specs-items-description-list\"><span class=\"tech-specs-items-description__title--heading\">Auxiliary Interface<\/span><\/li>\n<li class=\"tech-specs-items-description-list\"><span class=\"tech-specs-items-description__title\">SATA<\/span><span class=\"tech-specs-items-description__title-details\">1, SATA interface<\/span><\/li>\n<li class=\"tech-specs-items-description-list\"><span class=\"tech-specs-items-description__title\">Capacity<\/span><span class=\"tech-specs-items-description__title-details\">Up to 10 TB capacity for each disk<\/span><\/li>\n<li class=\"tech-specs-items-description-list\"><span class=\"tech-specs-items-description__title\">USB Interface<\/span><span class=\"tech-specs-items-description__title-details\">2 \u00d7 USB 2.0<\/span><\/li>\n<\/ul>\n<ul class=\"tech-specs-items-description\" data-target=\"General\">\n<li class=\"tech-specs-items-description-list\"><span class=\"tech-specs-items-description__title--heading\">General<\/span><\/li>\n<li class=\"tech-specs-items-description-list\"><span class=\"tech-specs-items-description__title\">Power Supply<\/span><span class=\"tech-specs-items-description__title-details\">12 VDC, 1.6 A<\/span><\/li>\n<li class=\"tech-specs-items-description-list\"><span class=\"tech-specs-items-description__title\">Consumption<\/span><span class=\"tech-specs-items-description__title-details\">\u2264 7 W (without HDD)<\/span><\/li>\n<li class=\"tech-specs-items-description-list\"><span class=\"tech-specs-items-description__title\">Working Temperature<\/span><span class=\"tech-specs-items-description__title-details\">-10 \u00b0C to 55 \u00b0C (14 \u00b0F to 131 \u00b0F)<\/span><\/li>\n<li class=\"tech-specs-items-description-list\"><span class=\"tech-specs-items-description__title\">Working Humidity<\/span><span class=\"tech-specs-items-description__title-details\">10% to 90%<\/span><\/li>\n<li class=\"tech-specs-items-description-list\"><span class=\"tech-specs-items-description__title\">Dimension (W \u00d7 D \u00d7 H)<\/span><span class=\"tech-specs-items-description__title-details\">285 \u00d7 210 \u00d7 45 mm (11.2 \u00d7 8.3 \u00d7 1.8 inch)<\/span><\/li>\n<li class=\"tech-specs-items-description-list\"><span class=\"tech-specs-items-description__title-details\">\u2264 1.8 kg (without HDD, 4.0 lb.)<\/span><\/li>\n<\/ul>\n<\/div>\n","protected":false},"excerpt":{"rendered":"<h2 class=\"prod_name\"><span class=\"prod_name-content\">16 CH 1080P Lite Mini 1U H.265 DVR<\/span><\/h2>\n<ul class=\"product_description_item-list\">\n<li class=\" product_description_item\">Deep learning based human and vehicle targets classification of Motion Detection 2.0<\/li>\n<li class=\" product_description_item\">H.265 Pro+\/H.265 Pro\/H.265 video compression<\/li>\n<li class=\" product_description_item\">HDTVI\/AHD\/CVI\/CVBS\/IP video input<\/li>\n<li class=\" product_description_item\">Audio via coaxial cable<\/li>\n<li class=\" product_description_item\">Up to 18-ch IP camera inputs (up to 5 MP)<\/li>\n<li class=\" product_description_item\">Up to 1080p Lite@15 fps encoding capability<\/li>\n<li class=\" product_description_item\">Max. 1200 m for 720p HDTVI signal<\/li>\n<\/ul>\n","protected":false},"featured_media":7550,"comment_status":"closed","ping_status":"closed","template":"","meta":{"_acf_changed":false},"product_brand":[364],"product_cat":[357,356,362],"product_tag":[461],"class_list":{"0":"post-7515","1":"product","2":"type-product","3":"status-publish","4":"has-post-thumbnail","6":"product_brand-hikvision","7":"product_cat-cctv","8":"product_cat-security-systems","9":"product_cat-turbo-hd-dvr","10":"product_tag-dvr","12":"first","13":"outofstock","14":"shipping-taxable","15":"purchasable","16":"product-type-simple"},"acf":[],"_links":{"self":[{"href":"https:\/\/hemaxcomputers.lk\/index.php\/wp-json\/wp\/v2\/product\/7515","targetHints":{"allow":["GET"]}}],"collection":[{"href":"https:\/\/hemaxcomputers.lk\/index.php\/wp-json\/wp\/v2\/product"}],"about":[{"href":"https:\/\/hemaxcomputers.lk\/index.php\/wp-json\/wp\/v2\/types\/product"}],"replies":[{"embeddable":true,"href":"https:\/\/hemaxcomputers.lk\/index.php\/wp-json\/wp\/v2\/comments?post=7515"}],"wp:featuredmedia":[{"embeddable":true,"href":"https:\/\/hemaxcomputers.lk\/index.php\/wp-json\/wp\/v2\/media\/7550"}],"wp:attachment":[{"href":"https:\/\/hemaxcomputers.lk\/index.php\/wp-json\/wp\/v2\/media?parent=7515"}],"wp:term":[{"taxonomy":"product_brand","embeddable":true,"href":"https:\/\/hemaxcomputers.lk\/index.php\/wp-json\/wp\/v2\/product_brand?post=7515"},{"taxonomy":"product_cat","embeddable":true,"href":"https:\/\/hemaxcomputers.lk\/index.php\/wp-json\/wp\/v2\/product_cat?post=7515"},{"taxonomy":"product_tag","embeddable":true,"href":"https:\/\/hemaxcomputers.lk\/index.php\/wp-json\/wp\/v2\/product_tag?post=7515"}],"curies":[{"name":"wp","href":"https:\/\/api.w.org\/{rel}","templated":true}]}}