{"id":7517,"date":"2025-07-19T15:07:54","date_gmt":"2025-07-19T15:07:54","guid":{"rendered":"https:\/\/vigorous-hertz.178-128-31-162.plesk.page\/?post_type=product&#038;p=7517"},"modified":"2025-07-19T15:08:29","modified_gmt":"2025-07-19T15:08:29","slug":"ids-7208hqhi-m1-fa","status":"publish","type":"product","link":"https:\/\/hemaxcomputers.lk\/index.php\/product\/ids-7208hqhi-m1-fa\/","title":{"rendered":"iDS-7208HQHI-M1\/FA"},"content":{"rendered":"<div class=\"tech-specs-items-description-wrap\">\n<ul class=\"tech-specs-items-description\" data-target=\"Motion Detection 2.0\">\n<li class=\"tech-specs-items-description-list\"><span class=\"tech-specs-items-description__title--heading\">Motion Detection 2.0<\/span><\/li>\n<li class=\"tech-specs-items-description-list\"><span class=\"tech-specs-items-description__title\">Human\/Vehicle Analysis<\/span>\n<p class=\"mb-p\">Deep learning-based motion detection 2.0 is enabled by default for all analog channels, it can classify human and vehicle, and extremely reduce false alarms caused by objects like leaves and lights;<\/p>\n<p class=\"mb-p\">Quick search by object or event type is supported;<\/p>\n<\/li>\n<\/ul>\n<ul class=\"tech-specs-items-description\" data-target=\"Perimeter Protection\">\n<li class=\"tech-specs-items-description-list\"><span class=\"tech-specs-items-description__title--heading\">Perimeter Protection<\/span><\/li>\n<li class=\"tech-specs-items-description-list\"><span class=\"tech-specs-items-description__title\">Human\/Vehicle Analysis<\/span>\n<p class=\"mb-p\">Up to 4-ch<\/p>\n<p class=\"mb-p\">Note: Face picture comparison, motion detection 2.0 and perimeter protection cannot be enabled at the same time. Enable one function will make the other two unavailable.<\/p>\n<\/li>\n<\/ul>\n<ul class=\"tech-specs-items-description\" data-target=\"Video Structuralization\">\n<li class=\"tech-specs-items-description-list\"><span class=\"tech-specs-items-description__title--heading\">Video Structuralization<\/span><\/li>\n<li class=\"tech-specs-items-description-list\"><span class=\"tech-specs-items-description__title\">Face Picture Library<\/span><span class=\"tech-specs-items-description__title-details\">Up to 16 face picture libraries, with up to 500 face pictures in total (each picture \u2264 1 MB, total capacity \u2264 80 MB)<\/span><\/li>\n<li class=\"tech-specs-items-description-list\"><span class=\"tech-specs-items-description__title\">Face Picture Comparison<\/span><span class=\"tech-specs-items-description__title-details\">Face picture comparison, face picture search (1-ch face picture comparison alarm for HD analog camera) <\/span><\/li>\n<\/ul>\n<ul class=\"tech-specs-items-description\" data-target=\"Recording\">\n<li class=\"tech-specs-items-description-list\"><span class=\"tech-specs-items-description__title--heading\">Recording<\/span><\/li>\n<li class=\"tech-specs-items-description-list\"><span class=\"tech-specs-items-description__title\">Video Compression<\/span><span class=\"tech-specs-items-description__title-details\">H.265 Pro+\/H.265 Pro\/H.265\/H.264+\/H.264<\/span><\/li>\n<li class=\"tech-specs-items-description-list\"><span class=\"tech-specs-items-description__title\">Encoding Resolution<\/span>\n<p class=\"mb-p\">Main stream:<\/p>\n<p class=\"mb-p\">When 1080p lite mode not enabled:<\/p>\n<p class=\"mb-p\">For 4 MP stream access:<\/p>\n<p class=\"mb-p\">4 MP lite@15 fps; 1080p lite\/720p\/WD1\/4CIF\/VGA\/CIF@25 fps (P)\/30 fps (N)<\/p>\n<p class=\"mb-p\">For 3 MP stream access: 3 MP\/1080p\/720p\/VGA\/WD1\/4CIF\/CIF@15 fps<\/p>\n<p class=\"mb-p\">For 1080p stream access:<\/p>\n<p class=\"mb-p\">1080p\/720p@15 fps; VGA\/WD1\/4CIF\/CIF@25 fps (P)\/30 fps (N)<\/p>\n<p class=\"mb-p\">For 720p stream access: 720p\/VGA\/WD1\/4CIF\/CIF@25 fps (P)\/30 fps (N)<\/p>\n<p class=\"mb-p\">When 1080p Lite mode enabled:<\/p>\n<p class=\"mb-p\">4 MP lite\/3 MP@15 fps; 1080p lite\/720p lite\/VGA\/WD1\/4CIF\/CIF@25 fps (P)\/30 fps (N)<\/p>\n<p class=\"mb-p\">Sub-stream:<\/p>\n<p class=\"mb-p\">WD1\/4CIF@12 fps; CIF@25 fps (P)\/30 fps (N)<\/p>\n<\/li>\n<li class=\"tech-specs-items-description-list\"><span class=\"tech-specs-items-description__title\">Video Bitrate<\/span><span class=\"tech-specs-items-description__title-details\">32 Kbps to 6 Mbps<\/span><\/li>\n<li class=\"tech-specs-items-description-list\"><span class=\"tech-specs-items-description__title\">Dual-stream<\/span><span class=\"tech-specs-items-description__title-details\">Support<\/span><\/li>\n<li class=\"tech-specs-items-description-list\"><span class=\"tech-specs-items-description__title\">Stream Type<\/span><span class=\"tech-specs-items-description__title-details\">Video, Video &amp; Audio<\/span><\/li>\n<li class=\"tech-specs-items-description-list\"><span class=\"tech-specs-items-description__title\">Audio Compression<\/span><span class=\"tech-specs-items-description__title-details\">G.711u<\/span><\/li>\n<li class=\"tech-specs-items-description-list\"><span class=\"tech-specs-items-description__title\">Audio Bitrate<\/span><span class=\"tech-specs-items-description__title-details\">64 Kbps<\/span><\/li>\n<\/ul>\n<ul class=\"tech-specs-items-description\" data-target=\"Video and Audio\">\n<li class=\"tech-specs-items-description-list\"><span class=\"tech-specs-items-description__title--heading\">Video and Audio<\/span><\/li>\n<li class=\"tech-specs-items-description-list\"><span class=\"tech-specs-items-description__title\">IP Video Input<\/span>\n<p class=\"mb-p\">2-ch (up to 10-ch)<\/p>\n<p class=\"mb-p\">Enhanced IP mode on:<\/p>\n<p class=\"mb-p\">4-ch (up to 12-ch), each up to 4 Mbps<\/p>\n<p class=\"mb-p\">Up to 6 MP resolution<\/p>\n<p class=\"mb-p\">Support H.265+\/H.265\/H.264+\/H.264 IP cameras<\/p>\n<p class=\"mb-p\">Note: Enhanced IP mode might be conflicted with smart events (face picture comparison, motion detection 2.0 and perimeter protection) or other functions, please refer to the user manual for details.<\/p>\n<\/li>\n<li class=\"tech-specs-items-description-list\"><span class=\"tech-specs-items-description__title\">Analog Video Input<\/span>\n<p class=\"mb-p\">8-ch<\/p>\n<p class=\"mb-p\">BNC interface (1.0 Vp-p, 75 \u03a9), supporting coaxitron connection<\/p>\n<\/li>\n<li class=\"tech-specs-items-description-list\"><span class=\"tech-specs-items-description__title\">HDTVI Input<\/span>\n<p class=\"mb-p\">4 MP@30 fps, 4 MP@25 fps, 3 MP@18 fps, 1080p@30 fps, 1080p@25 fps, 720p@60 fps, 720p@50 fps, 720p@30 fps, 720p@25 fps<\/p>\n<p class=\"mb-p\">*: The 3 MP signal input is only available for channel 1 of iDS-7204HQHI-M1\/FA, for channel 1\/2 of iDS-7208HQHI-M1\/FA, and for channel 1\/2\/3\/4 of iDS-7216HQHI-M1\/FA.<\/p>\n<\/li>\n<li class=\"tech-specs-items-description-list\"><span class=\"tech-specs-items-description__title\">AHD Input<\/span><span class=\"tech-specs-items-description__title-details\">4 MP, 1080p@25 fps, 1080p@30 fps, 720p@25 fps, 720p@30 fps<\/span><\/li>\n<li class=\"tech-specs-items-description-list\"><span class=\"tech-specs-items-description__title\">HDCVI Input<\/span><span class=\"tech-specs-items-description__title-details\">4 MP, 1080p@25 fps, 1080p@30 fps, 720p@25 fps, 720p@30 fps<\/span><\/li>\n<li class=\"tech-specs-items-description-list\"><span class=\"tech-specs-items-description__title\">CVBS Input<\/span><span class=\"tech-specs-items-description__title-details\">PAL\/NTSC<\/span><\/li>\n<li class=\"tech-specs-items-description-list\"><span class=\"tech-specs-items-description__title\">HDMI Output<\/span>\n<p class=\"mb-p\">1-ch, 1920 \u00d7 1080\/60Hz, 1280 \u00d7 1024\/60Hz, 1280 \u00d7 720\/60Hz,<\/p>\n<p class=\"mb-p\">HDMI\/VGA simultaneous output<\/p>\n<\/li>\n<li class=\"tech-specs-items-description-list\"><span class=\"tech-specs-items-description__title\">VGA Output<\/span>\n<p class=\"mb-p\">1-ch, 1920 \u00d7 1080\/60Hz, 1280 \u00d7 1024\/60Hz, 1280 \u00d7 720\/60Hz,<\/p>\n<p class=\"mb-p\">HDMI\/VGA simultaneous output<\/p>\n<\/li>\n<li class=\"tech-specs-items-description-list\"><span class=\"tech-specs-items-description__title\">CVBS Output<\/span>\n<p class=\"mb-p\">1-ch, BNC (1.0 Vp-p, 75 \u03a9),<\/p>\n<p class=\"mb-p\">resolution: PAL: 704 \u00d7 576, NTSC: 704 \u00d7 480<\/p>\n<\/li>\n<li class=\"tech-specs-items-description-list\"><span class=\"tech-specs-items-description__title\">Audio Input<\/span>\n<p class=\"mb-p\">1-ch (up to 8-ch is optional), RCA (2.0 Vp-p, 1 K\u03a9)<\/p>\n<p class=\"mb-p\">8-ch via coaxial cable<\/p>\n<p class=\"mb-p\">Note: The number of audio inputs and alarm in\/out can be optional. The tag on the package will describe audio input and alarm in\/out parameters. For example, \u201c4A+8\/4ALM\u201d means your device has 4 audio inputs, 8 alarm inputs and 4 alarm outputs. If your device only has 1 audio input, the tag may not describe it.<\/p>\n<\/li>\n<li class=\"tech-specs-items-description-list\"><span class=\"tech-specs-items-description__title\">Audio Output<\/span><span class=\"tech-specs-items-description__title-details\">1-ch, RCA (Linear, 1 K\u03a9)<\/span><\/li>\n<li class=\"tech-specs-items-description-list\"><span class=\"tech-specs-items-description__title\">Two-Way Audio<\/span><span class=\"tech-specs-items-description__title-details\">1-ch, RCA (2.0 Vp-p, 1 K\u03a9) (using the first audio input)<\/span><\/li>\n<li class=\"tech-specs-items-description-list\"><span class=\"tech-specs-items-description__title\">Synchronous playback<\/span><span class=\"tech-specs-items-description__title-details\">8-ch<\/span><\/li>\n<\/ul>\n<ul class=\"tech-specs-items-description\" data-target=\"Network\">\n<li class=\"tech-specs-items-description-list\"><span class=\"tech-specs-items-description__title--heading\">Network<\/span><\/li>\n<li class=\"tech-specs-items-description-list\"><span class=\"tech-specs-items-description__title\">Remote Connection<\/span><span class=\"tech-specs-items-description__title-details\">64<\/span><\/li>\n<li class=\"tech-specs-items-description-list\"><span class=\"tech-specs-items-description__title\">Network Protocol<\/span><span class=\"tech-specs-items-description__title-details\">TCP\/IP, PPPoE, DHCP, Hik-Connect, DNS, DDNS, NTP, SADP, NFS, iSCSI, UPnP\u2122, HTTPS, ONVIF<\/span><\/li>\n<li class=\"tech-specs-items-description-list\"><span class=\"tech-specs-items-description__title\">Network Interface<\/span><span class=\"tech-specs-items-description__title-details\">1, RJ45 10\/100 Mbps self-adaptive Ethernet interface<\/span><\/li>\n<li class=\"tech-specs-items-description-list\"><span class=\"tech-specs-items-description__title\">Wi-Fi<\/span><span class=\"tech-specs-items-description__title-details\">Connectable to Wi-Fi network by Wi-Fi dongle through USB interface<\/span><\/li>\n<\/ul>\n<ul class=\"tech-specs-items-description\" data-target=\"Auxiliary Interface\">\n<li class=\"tech-specs-items-description-list\"><span class=\"tech-specs-items-description__title--heading\">Auxiliary Interface<\/span><\/li>\n<li class=\"tech-specs-items-description-list\"><span class=\"tech-specs-items-description__title\">Serial Interface<\/span><span class=\"tech-specs-items-description__title-details\">RS-485 (half-duplex)<\/span><\/li>\n<li class=\"tech-specs-items-description-list\"><span class=\"tech-specs-items-description__title\">SATA<\/span><span class=\"tech-specs-items-description__title-details\">1 SATA interface, up to 10 TB capacity for each disk<\/span><\/li>\n<li class=\"tech-specs-items-description-list\"><span class=\"tech-specs-items-description__title\">Alarm In\/Out<\/span><span class=\"tech-specs-items-description__title-details\">N\/A (optional to support)<\/span><\/li>\n<li class=\"tech-specs-items-description-list\"><span class=\"tech-specs-items-description__title\">USB Interface<\/span>\n<p class=\"mb-p\">Front panel: 1 \u00d7 USB 2.0;<\/p>\n<p class=\"mb-p\">Rear panel: 1 \u00d7 USB 2.0<\/p>\n<\/li>\n<\/ul>\n<ul class=\"tech-specs-items-description\" data-target=\"General\">\n<li class=\"tech-specs-items-description-list\"><span class=\"tech-specs-items-description__title--heading\">General<\/span><\/li>\n<li class=\"tech-specs-items-description-list\"><span class=\"tech-specs-items-description__title\">Power Supply<\/span><span class=\"tech-specs-items-description__title-details\">12 VDC, 1.5 A<\/span><\/li>\n<li class=\"tech-specs-items-description-list\"><span class=\"tech-specs-items-description__title\">Consumption<\/span><span class=\"tech-specs-items-description__title-details\">\u2264 18 W (without HDD)<\/span><\/li>\n<li class=\"tech-specs-items-description-list\"><span class=\"tech-specs-items-description__title\">Working Temperature<\/span><span class=\"tech-specs-items-description__title-details\">-10 \u00b0C to + 55 \u00b0C (14 \u00b0F to 131 \u00b0F)<\/span><\/li>\n<li class=\"tech-specs-items-description-list\"><span class=\"tech-specs-items-description__title\">Working Humidity<\/span><span class=\"tech-specs-items-description__title-details\">10% to 90%<\/span><\/li>\n<li class=\"tech-specs-items-description-list\"><span class=\"tech-specs-items-description__title\">Dimension (W \u00d7 D \u00d7 H)<\/span><span class=\"tech-specs-items-description__title-details\">315 \u00d7 242 \u00d7 45 mm (12.4 \u00d7 9.5 \u00d7 1.8 inch)<\/span><\/li>\n<li class=\"tech-specs-items-description-list\"><span class=\"tech-specs-items-description__title-details\">\u2264 1.78 kg (3.9 lb) (without HDD)<\/span><\/li>\n<\/ul>\n<\/div>\n","protected":false},"excerpt":{"rendered":"<h2 class=\"prod_name\"><span class=\"prod_name-content\">8-ch 1080p 1U H.265 AcuSense DVR<\/span><\/h2>\n<ul class=\"product_description_item-list\">\n<li class=\" product_description_item\">8 channels and 1 HDD 1U AcuSense DVR<\/li>\n<li class=\" product_description_item\">Supports facial recognition or false alarm reduction based on deep learning algorithm<\/li>\n<li class=\" product_description_item\">Supports face picture comparison and face picture search<\/li>\n<li class=\" product_description_item\">Up to 16 face picture libraries, with up to 500 face pictures in total<\/li>\n<li class=\" product_description_item\">Efficient H.265 pro+ compression technology<\/li>\n<li class=\" product_description_item\">Encoding ability up to 1080p @ 15 fps<\/li>\n<li class=\" product_description_item\">5 signals input adaptively (HDTVI\/AHD\/CVI\/CVBS\/IP)<\/li>\n<li class=\" product_description_item\">Up to 12 network cameras can be connected<\/li>\n<\/ul>\n","protected":false},"featured_media":7551,"comment_status":"closed","ping_status":"closed","template":"","meta":{"_acf_changed":false},"product_brand":[364],"product_cat":[357,356,362],"product_tag":[461],"class_list":{"0":"post-7517","1":"product","2":"type-product","3":"status-publish","4":"has-post-thumbnail","6":"product_brand-hikvision","7":"product_cat-cctv","8":"product_cat-security-systems","9":"product_cat-turbo-hd-dvr","10":"product_tag-dvr","12":"first","13":"outofstock","14":"shipping-taxable","15":"purchasable","16":"product-type-simple"},"acf":[],"_links":{"self":[{"href":"https:\/\/hemaxcomputers.lk\/index.php\/wp-json\/wp\/v2\/product\/7517","targetHints":{"allow":["GET"]}}],"collection":[{"href":"https:\/\/hemaxcomputers.lk\/index.php\/wp-json\/wp\/v2\/product"}],"about":[{"href":"https:\/\/hemaxcomputers.lk\/index.php\/wp-json\/wp\/v2\/types\/product"}],"replies":[{"embeddable":true,"href":"https:\/\/hemaxcomputers.lk\/index.php\/wp-json\/wp\/v2\/comments?post=7517"}],"wp:featuredmedia":[{"embeddable":true,"href":"https:\/\/hemaxcomputers.lk\/index.php\/wp-json\/wp\/v2\/media\/7551"}],"wp:attachment":[{"href":"https:\/\/hemaxcomputers.lk\/index.php\/wp-json\/wp\/v2\/media?parent=7517"}],"wp:term":[{"taxonomy":"product_brand","embeddable":true,"href":"https:\/\/hemaxcomputers.lk\/index.php\/wp-json\/wp\/v2\/product_brand?post=7517"},{"taxonomy":"product_cat","embeddable":true,"href":"https:\/\/hemaxcomputers.lk\/index.php\/wp-json\/wp\/v2\/product_cat?post=7517"},{"taxonomy":"product_tag","embeddable":true,"href":"https:\/\/hemaxcomputers.lk\/index.php\/wp-json\/wp\/v2\/product_tag?post=7517"}],"curies":[{"name":"wp","href":"https:\/\/api.w.org\/{rel}","templated":true}]}}