{"id":7559,"date":"2025-07-19T15:08:47","date_gmt":"2025-07-19T15:08:47","guid":{"rendered":"https:\/\/vigorous-hertz.178-128-31-162.plesk.page\/?post_type=product&#038;p=7559"},"modified":"2025-07-19T15:09:09","modified_gmt":"2025-07-19T15:09:09","slug":"ds-1ln6u-sc0","status":"publish","type":"product","link":"https:\/\/hemaxcomputers.lk\/index.php\/product\/ds-1ln6u-sc0\/","title":{"rendered":"DS-1LN6U-SC0"},"content":{"rendered":"<div class=\"tech-specs-items-description-wrap\">\n<ul class=\"tech-specs-items-description\" data-target=\"General\">\n<li class=\"tech-specs-items-description-list\"><span class=\"tech-specs-items-description__title--heading\">General<\/span><\/li>\n<li class=\"tech-specs-items-description-list\"><span class=\"tech-specs-items-description__title\">Rip-cord<\/span><span class=\"tech-specs-items-description__title-details\">Yes<\/span><\/li>\n<li class=\"tech-specs-items-description-list\"><span class=\"tech-specs-items-description__title\">Category<\/span><span class=\"tech-specs-items-description__title-details\">Cat.6<\/span><\/li>\n<li class=\"tech-specs-items-description-list\"><span class=\"tech-specs-items-description__title\">Sheath printing<\/span><span class=\"tech-specs-items-description__title-details\">HIKVISION 4PR 23AWG 75\u00b0C U\/UTP CAT6 VERIFIED TO ANSI\/TIA-568-C.2 PVC ****m mm\/dd\/yyyy Tracing Code-HS<\/span><\/li>\n<li class=\"tech-specs-items-description-list\"><span class=\"tech-specs-items-description__title\">Reference standard<\/span><span class=\"tech-specs-items-description__title-details\">ISO\/IEC11801, ANSI\/TIA-568-C.2, RoHS 2.0<\/span><\/li>\n<li class=\"tech-specs-items-description-list\"><span class=\"tech-specs-items-description__title\">Fire resistance<\/span><span class=\"tech-specs-items-description__title-details\">No<\/span><\/li>\n<li class=\"tech-specs-items-description-list\"><span class=\"tech-specs-items-description__title\">Separator<\/span><span class=\"tech-specs-items-description__title-details\">Yes<\/span><\/li>\n<\/ul>\n<ul class=\"tech-specs-items-description\" data-target=\"Conductor\">\n<li class=\"tech-specs-items-description-list\"><span class=\"tech-specs-items-description__title--heading\">Conductor<\/span><\/li>\n<li class=\"tech-specs-items-description-list\"><span class=\"tech-specs-items-description__title\">Material<\/span><span class=\"tech-specs-items-description__title-details\">Solid-Bare Copper (99.95%)<\/span><\/li>\n<li class=\"tech-specs-items-description-list\"><span class=\"tech-specs-items-description__title\">Diameter<\/span><span class=\"tech-specs-items-description__title-details\">0.55 \u00b1 0.005 mm, 23 AWG<\/span><\/li>\n<\/ul>\n<ul class=\"tech-specs-items-description\" data-target=\"Insulation\">\n<li class=\"tech-specs-items-description-list\"><span class=\"tech-specs-items-description__title--heading\">Insulation<\/span><\/li>\n<li class=\"tech-specs-items-description-list\"><span class=\"tech-specs-items-description__title\">Material<\/span><span class=\"tech-specs-items-description__title-details\">HDPE<\/span><\/li>\n<li class=\"tech-specs-items-description-list\"><span class=\"tech-specs-items-description__title\">Diameter<\/span><span class=\"tech-specs-items-description__title-details\">0.98 \u00b1 0.05 mm<\/span><\/li>\n<\/ul>\n<ul class=\"tech-specs-items-description\" data-target=\"Sheath physical properties\">\n<li class=\"tech-specs-items-description-list\"><span class=\"tech-specs-items-description__title--heading\">Sheath physical properties<\/span><\/li>\n<li class=\"tech-specs-items-description-list\"><span class=\"tech-specs-items-description__title\">Before aging<\/span>\n<p class=\"mb-p\">Tensile strength \u2265 13.5 Mpa<\/p>\n<p class=\"mb-p\">Elongation \u2265 150%<\/p>\n<\/li>\n<li class=\"tech-specs-items-description-list\"><span class=\"tech-specs-items-description__title\">Aging period<\/span><span class=\"tech-specs-items-description__title-details\">100\u00b0C \u00d7 24h \u00d7 10d<\/span><\/li>\n<li class=\"tech-specs-items-description-list\"><span class=\"tech-specs-items-description__title\">After aging<\/span>\n<p class=\"mb-p\">Tensile strength \u2265 12.5 Mpa<\/p>\n<p class=\"mb-p\">Elongation \u2265 125%<\/p>\n<\/li>\n<li class=\"tech-specs-items-description-list\"><span class=\"tech-specs-items-description__title\">Cold bend<\/span><span class=\"tech-specs-items-description__title-details\">-20 \u00b1 2\u00b0C \u00d7 4h, 8 \u00d7 cable O.D, no visible cracks<\/span><\/li>\n<\/ul>\n<ul class=\"tech-specs-items-description\" data-target=\"Electrical Characteristics(20\u2103)\">\n<li class=\"tech-specs-items-description-list\"><span class=\"tech-specs-items-description__title--heading\">Electrical Characteristics(20\u2103)<\/span><\/li>\n<li class=\"tech-specs-items-description-list\"><span class=\"tech-specs-items-description__title\">1.0-250.0 MHz impedance<\/span>\n<p class=\"mb-p\">100 \u00b1 15 \u03a9 @ \u2264 100 MHz<\/p>\n<p class=\"mb-p\">100 \u00b1 25 \u03a9 @100-250 MHz<\/p>\n<\/li>\n<li class=\"tech-specs-items-description-list\"><span class=\"tech-specs-items-description__title\">1.0-250.0 Mhz delay skew<\/span><span class=\"tech-specs-items-description__title-details\">\u2264 45 ns\/100 m<\/span><\/li>\n<li class=\"tech-specs-items-description-list\"><span class=\"tech-specs-items-description__title\">DC resistance<\/span><span class=\"tech-specs-items-description__title-details\">\u2264 9.38 \u03a9\/100 m<\/span><\/li>\n<li class=\"tech-specs-items-description-list\"><span class=\"tech-specs-items-description__title\">DC conductor resistance unbalance<\/span><span class=\"tech-specs-items-description__title-details\">\u2264 5.0%<\/span><\/li>\n<li class=\"tech-specs-items-description-list\"><span class=\"tech-specs-items-description__title\">Package dimension<\/span><span class=\"tech-specs-items-description__title-details\">400 mm (W) \u00d7 400 mm (H) \u00d7 240 mm (D) (15.75&#8243; \u00d7 15.75&#8243; \u00d7 9.45&#8243;)<\/span><\/li>\n<li class=\"tech-specs-items-description-list\"><span class=\"tech-specs-items-description__title\">Weight<\/span><span class=\"tech-specs-items-description__title-details\">12.3 \u00b1 0.5kg<\/span><\/li>\n<li class=\"tech-specs-items-description-list\"><span class=\"tech-specs-items-description__title\">Cable length<\/span><span class=\"tech-specs-items-description__title-details\">(305 \u00b1 1.5) m<\/span><\/li>\n<li class=\"tech-specs-items-description-list\"><span class=\"tech-specs-items-description__title\">Ambient temperature<\/span><span class=\"tech-specs-items-description__title-details\">-20\u00b0C to 75\u00b0C (-4\u00b0F to 167\u00b0F)<\/span><\/li>\n<li class=\"tech-specs-items-description-list\"><span class=\"tech-specs-items-description__title\">Operating voltage<\/span><span class=\"tech-specs-items-description__title-details\">60 V<\/span><\/li>\n<\/ul>\n<ul class=\"tech-specs-items-description\" data-target=\"Sheath\">\n<li class=\"tech-specs-items-description-list\"><span class=\"tech-specs-items-description__title--heading\">Sheath<\/span><\/li>\n<li class=\"tech-specs-items-description-list\"><span class=\"tech-specs-items-description__title\">Thickness<\/span><span class=\"tech-specs-items-description__title-details\">0.50 \u00b1 0.10 mm<\/span><\/li>\n<li class=\"tech-specs-items-description-list\"><span class=\"tech-specs-items-description__title\">Material<\/span><span class=\"tech-specs-items-description__title-details\">PVC<\/span><\/li>\n<li class=\"tech-specs-items-description-list\"><span class=\"tech-specs-items-description__title\">Color<\/span><span class=\"tech-specs-items-description__title-details\">Orange<\/span><\/li>\n<li class=\"tech-specs-items-description-list\"><span class=\"tech-specs-items-description__title\">Diameter<\/span><span class=\"tech-specs-items-description__title-details\">6.00 \u00b1 0.30 mm<\/span><\/li>\n<\/ul>\n<\/div>\n","protected":false},"excerpt":{"rendered":"<h2 class=\"prod_name\"><span class=\"prod_name-content\">305 m CAT6 UTP Network Cable (Solid Copper, 0.55 mm, Orange)<\/span><\/h2>\n<ul class=\"product_description_item-list\">\n<li class=\"product_description_item\">Stable electrical performance, compliant with ANSI\/TIA-568-C.2, IEC61156, ISO\/IEC11801<\/li>\n<li class=\"product_description_item\">Compliant with RoHS 2.0<\/li>\n<li class=\"product_description_item\">Sheath with strong mechanical properties, and high tensile and compressive strength, reducing damage during the project<\/li>\n<li class=\"product_description_item\">Excellent performance in the Fluke 90-meter permanent link test while working continuously at 50\u00b0C high temperature<\/li>\n<li class=\"product_description_item\">Excellent performance in the Fluke 100-meter channel test while being continuously loaded with 57 V\/1 A DC power (PoE)<\/li>\n<li class=\"product_description_item\">Solid-Bare Copper conductor with less resistance, and better electrical properties and transmission performance<\/li>\n<\/ul>\n<div class=\"product_description_likes\"><\/div>\n","protected":false},"featured_media":7589,"comment_status":"closed","ping_status":"closed","template":"","meta":{"_acf_changed":false},"product_brand":[364],"product_cat":[359,369,464],"product_tag":[465],"class_list":{"0":"post-7559","1":"product","2":"type-product","3":"status-publish","4":"has-post-thumbnail","6":"product_brand-hikvision","7":"product_cat-computer-systems","8":"product_cat-network-accessories","9":"product_cat-network-cable","10":"product_tag-cable","12":"first","13":"outofstock","14":"shipping-taxable","15":"purchasable","16":"product-type-simple"},"acf":[],"_links":{"self":[{"href":"https:\/\/hemaxcomputers.lk\/index.php\/wp-json\/wp\/v2\/product\/7559","targetHints":{"allow":["GET"]}}],"collection":[{"href":"https:\/\/hemaxcomputers.lk\/index.php\/wp-json\/wp\/v2\/product"}],"about":[{"href":"https:\/\/hemaxcomputers.lk\/index.php\/wp-json\/wp\/v2\/types\/product"}],"replies":[{"embeddable":true,"href":"https:\/\/hemaxcomputers.lk\/index.php\/wp-json\/wp\/v2\/comments?post=7559"}],"wp:featuredmedia":[{"embeddable":true,"href":"https:\/\/hemaxcomputers.lk\/index.php\/wp-json\/wp\/v2\/media\/7589"}],"wp:attachment":[{"href":"https:\/\/hemaxcomputers.lk\/index.php\/wp-json\/wp\/v2\/media?parent=7559"}],"wp:term":[{"taxonomy":"product_brand","embeddable":true,"href":"https:\/\/hemaxcomputers.lk\/index.php\/wp-json\/wp\/v2\/product_brand?post=7559"},{"taxonomy":"product_cat","embeddable":true,"href":"https:\/\/hemaxcomputers.lk\/index.php\/wp-json\/wp\/v2\/product_cat?post=7559"},{"taxonomy":"product_tag","embeddable":true,"href":"https:\/\/hemaxcomputers.lk\/index.php\/wp-json\/wp\/v2\/product_tag?post=7559"}],"curies":[{"name":"wp","href":"https:\/\/api.w.org\/{rel}","templated":true}]}}